{"id":1011,"date":"2018-05-29T15:09:56","date_gmt":"2018-05-29T18:09:56","guid":{"rendered":"http:\/\/150.164.129.71\/coltec\/?page_id=1011"},"modified":"2025-11-26T10:58:39","modified_gmt":"2025-11-26T13:58:39","slug":"sistema-de-notas","status":"publish","type":"page","link":"https:\/\/www.coltec.ufmg.br\/coltec-ufmg\/?page_id=1011","title":{"rendered":"Sistema de Notas"},"content":{"rendered":"<div class=\"container-fluid\">\n<div style=\"margin-top: 1%;\">\n<nav class=\"scrollspy col-sm-3 col-xs-12\">\n<ul class=\"nav nav-pills nav-stacked\">\n<li class=\"active disabled\"><a href=\"\/coltec\/administracao\/cadec\/\">Sistema de Notas<\/a><\/li>\n<li><a href=\"http:\/\/webcoltec.ufmg.br\/collegiumnetcoltec\/netstudent\/\" target=\"_blank\" rel=\"noopener\">Alunos e Pais &#8211; Cursos Integrados<i id=\"angle\" class=\"fa fa-share-square\"><\/i><\/a><\/li>\n<li><a href=\"http:\/\/webcoltec.ufmg.br\/collegiumnetcoltec\/netteacher\" target=\"_blank\" rel=\"noopener\">Professores &#8211; Cursos Integrados<i id=\"angle\" class=\"fa fa-share-square\"><\/i><\/a><\/li>\n<li><a href=\"https:\/\/coltec.ebap.ufmg.br\/index.php\" target=\"_blank\" rel=\"noopener\">Alunos e Professores &#8211; Cursos Subsequentes<i id=\"angle\" class=\"fa fa-share-square\"><\/i><\/a><\/li>\n<\/ul>\n<\/nav>\n<div class=\"col-sm-9 col-xs-12\">\n<h4>O sistema de notas para <strong>Alunos e Pais<\/strong> proporciona a consulta aos resultados trimestrais e finais de cada disciplina cursada pelo aluno, bem como o acompanhamento em rela\u00e7\u00e3o \u00e0s recupera\u00e7\u00f5es. O sistema de notas para os <strong>Professores<\/strong> permite a publica\u00e7\u00e3o das notas para a visualiza\u00e7\u00e3o dos alunos.<\/h4>\n<\/div>\n<\/div>\n<\/div>\n","protected":false},"excerpt":{"rendered":"<p>Sistema de Notas Alunos e Pais &#8211; Cursos Integrados Professores &#8211; Cursos Integrados Alunos e Professores &#8211; Cursos Subsequentes O sistema de notas para Alunos e Pais proporciona a consulta aos resultados trimestrais e finais de cada disciplina cursada pelo aluno, bem como o acompanhamento em rela\u00e7\u00e3o \u00e0s recupera\u00e7\u00f5es. O sistema de notas para os [&hellip;]<\/p>\n","protected":false},"author":1,"featured_media":0,"parent":0,"menu_order":0,"comment_status":"closed","ping_status":"closed","template":"","meta":{"footnotes":""},"publishpress_future_action":{"enabled":false,"date":"1969-12-31 21:00:00","action":"","terms":[],"taxonomy":"","browser_timezone_offset":0},"_links":{"self":[{"href":"https:\/\/www.coltec.ufmg.br\/coltec-ufmg\/index.php?rest_route=\/wp\/v2\/pages\/1011"}],"collection":[{"href":"https:\/\/www.coltec.ufmg.br\/coltec-ufmg\/index.php?rest_route=\/wp\/v2\/pages"}],"about":[{"href":"https:\/\/www.coltec.ufmg.br\/coltec-ufmg\/index.php?rest_route=\/wp\/v2\/types\/page"}],"author":[{"embeddable":true,"href":"https:\/\/www.coltec.ufmg.br\/coltec-ufmg\/index.php?rest_route=\/wp\/v2\/users\/1"}],"replies":[{"embeddable":true,"href":"https:\/\/www.coltec.ufmg.br\/coltec-ufmg\/index.php?rest_route=%2Fwp%2Fv2%2Fcomments&post=1011"}],"version-history":[{"count":13,"href":"https:\/\/www.coltec.ufmg.br\/coltec-ufmg\/index.php?rest_route=\/wp\/v2\/pages\/1011\/revisions"}],"predecessor-version":[{"id":16162,"href":"https:\/\/www.coltec.ufmg.br\/coltec-ufmg\/index.php?rest_route=\/wp\/v2\/pages\/1011\/revisions\/16162"}],"wp:attachment":[{"href":"https:\/\/www.coltec.ufmg.br\/coltec-ufmg\/index.php?rest_route=%2Fwp%2Fv2%2Fmedia&parent=1011"}],"curies":[{"name":"wp","href":"https:\/\/api.w.org\/{rel}","templated":true}]}}