{"id":1471,"date":"2018-06-15T11:49:17","date_gmt":"2018-06-15T14:49:17","guid":{"rendered":"http:\/\/150.164.129.71\/coltec\/?page_id=1471"},"modified":"2024-12-09T10:58:19","modified_gmt":"2024-12-09T13:58:19","slug":"napq","status":"publish","type":"page","link":"https:\/\/www.coltec.ufmg.br\/coltec-ufmg\/?page_id=1471","title":{"rendered":"NAPq"},"content":{"rendered":"<div class=\"container-fluid\">\n<div style=\"margin-top: 1%;\">\n<nav class=\"scrollspy col-sm-3 col-xs-12\">\n<ul class=\"nav nav-pills nav-stacked\">\n<li class=\"active disabled\"><a href=\"#\">NAPq<\/a><\/li>\n<li><a href=\"https:\/\/www.ufmg.br\/prpq\/formularios\/\" target=\"_blank\" rel=\"noopener\">Formul\u00e1rios<\/a><\/li>\n<li><a href=\"https:\/\/www.ufmg.br\/prpq\/\" target=\"_blank\" rel=\"noopener\">Editais Vigentes<\/a><\/li>\n<li><a href=\"http:\/\/www.coltec.ufmg.br\/coltec-ufmg\/?page_id=1471\">Informa\u00e7\u00f5es Importantes<\/a><\/li>\n<li><a href=\"http:\/\/www.coltec.ufmg.br\/coltec-ufmg\/?page_id=1471\">Premia\u00e7\u00f5es<\/a><\/li>\n<li><a href=\"https:\/\/www.ufmg.br\/prpq\/duvidas-frequentes\/\" target=\"_blank\" rel=\"noopener\">D\u00favidas Frequentes<\/a><\/li>\n<\/ul>\n<\/nav>\n<div class=\"col-sm-9 col-xs-12\">\n<h3><strong>N\u00facleo de Assessoramento \u00e0 Pesquisa \u2013 NAPq<\/p>\n<p><\/strong>N\u00facleo de Assessoramento \u00e0 Pesquisa \u00e9 um \u00f3rg\u00e3o de assessoramento dos Diretores das Unidades Acad\u00eamicas para assuntos de pesquisa e que fazem a liga\u00e7\u00e3o entre estas Unidades e a Pr\u00f3-Reitoria de Pesquisa.<\/h3>\n<p style=\"text-align: left;\">\n<strong>EQUIPE 2023-2025<\/strong><br \/>\n<strong>Coordenador:<\/strong><br \/>\nProf\u00ba. Dr\u00ba. Eliezer Costa<br \/>\n<strong><em>eliezer@teiacoltec.org<\/em><\/strong><\/p>\n<p><strong>Subcoordena\u00e7\u00e3o:<\/strong><br \/>\nProf\u00aa Dr\u00aa. Fernanda Pe\u00e7anha<br \/>\n<strong><em>fernanda@teiacoltec.org<\/em><\/strong><\/p>\n<p><strong>Contato:<\/strong><br \/>\nE-mail:\u00a0<strong><em>napq@teiacoltec.org<\/em><\/strong><br \/>\nTelefone:\u00a0(31) 3409-3280<\/p>\n<p><strong>\u00a0<\/strong><\/p>\n<\/div>\n<\/div>\n<\/div>\n","protected":false},"excerpt":{"rendered":"<p>NAPq Formul\u00e1rios Editais Vigentes Informa\u00e7\u00f5es Importantes Premia\u00e7\u00f5es D\u00favidas Frequentes N\u00facleo de Assessoramento \u00e0 Pesquisa \u2013 NAPq N\u00facleo de Assessoramento \u00e0 Pesquisa \u00e9 um \u00f3rg\u00e3o de assessoramento dos Diretores das Unidades Acad\u00eamicas para assuntos de pesquisa e que fazem a liga\u00e7\u00e3o entre estas Unidades e a Pr\u00f3-Reitoria de Pesquisa. EQUIPE 2023-2025 Coordenador: Prof\u00ba. Dr\u00ba. Eliezer Costa [&hellip;]<\/p>\n","protected":false},"author":1,"featured_media":0,"parent":1008,"menu_order":0,"comment_status":"closed","ping_status":"closed","template":"","meta":{"footnotes":""},"publishpress_future_action":{"enabled":false,"date":"1969-12-31 21:00:00","action":"","terms":[],"taxonomy":"","browser_timezone_offset":0},"_links":{"self":[{"href":"https:\/\/www.coltec.ufmg.br\/coltec-ufmg\/index.php?rest_route=\/wp\/v2\/pages\/1471"}],"collection":[{"href":"https:\/\/www.coltec.ufmg.br\/coltec-ufmg\/index.php?rest_route=\/wp\/v2\/pages"}],"about":[{"href":"https:\/\/www.coltec.ufmg.br\/coltec-ufmg\/index.php?rest_route=\/wp\/v2\/types\/page"}],"author":[{"embeddable":true,"href":"https:\/\/www.coltec.ufmg.br\/coltec-ufmg\/index.php?rest_route=\/wp\/v2\/users\/1"}],"replies":[{"embeddable":true,"href":"https:\/\/www.coltec.ufmg.br\/coltec-ufmg\/index.php?rest_route=%2Fwp%2Fv2%2Fcomments&post=1471"}],"version-history":[{"count":22,"href":"https:\/\/www.coltec.ufmg.br\/coltec-ufmg\/index.php?rest_route=\/wp\/v2\/pages\/1471\/revisions"}],"predecessor-version":[{"id":14319,"href":"https:\/\/www.coltec.ufmg.br\/coltec-ufmg\/index.php?rest_route=\/wp\/v2\/pages\/1471\/revisions\/14319"}],"up":[{"embeddable":true,"href":"https:\/\/www.coltec.ufmg.br\/coltec-ufmg\/index.php?rest_route=\/wp\/v2\/pages\/1008"}],"wp:attachment":[{"href":"https:\/\/www.coltec.ufmg.br\/coltec-ufmg\/index.php?rest_route=%2Fwp%2Fv2%2Fmedia&parent=1471"}],"curies":[{"name":"wp","href":"https:\/\/api.w.org\/{rel}","templated":true}]}}