{"id":1802,"date":"2018-06-22T15:00:32","date_gmt":"2018-06-22T18:00:32","guid":{"rendered":"http:\/\/150.164.129.71\/coltec\/?page_id=1802"},"modified":"2018-06-29T13:01:39","modified_gmt":"2018-06-29T16:01:39","slug":"afastamento-na-ufmg","status":"publish","type":"page","link":"https:\/\/www.coltec.ufmg.br\/coltec-ufmg\/?page_id=1802","title":{"rendered":"Afastamento na UFMG"},"content":{"rendered":"<div class=\"container-fluid\">\n<div style=\"margin-top: 1%;\">\n<nav class=\"scrollspy col-sm-3 col-xs-12\">\n<ul class=\"nav nav-pills nav-stacked\">\n<li class=\"active disabled\"><a href=\"#\" rel=\"noopener\">Afastamento na UFMG<\/a><\/li>\n<li><a href=\"\/coltec-ufmg\/?page_id=1806\" rel=\"noopener\">Portal Minha UFMG<\/a><\/li>\n<li><a href=\"\/coltec-ufmg\/?page_id=1809\">PRORH UFMG<\/a><\/li>\n<li><a href=\"\/coltec-ufmg\/?page_id=1804\">SIGAC<\/a><\/li>\n<\/ul>\n<\/nav>\n<\/div>\n<div class=\"col-sm-9 com-xs-12\">\n<h2>\u00a0Sistema obrigat\u00f3rio para obten\u00e7\u00e3o de afastamentos na UFMG.<\/h2>\n<p>Clique <a href=\"https:\/\/arcos.lecom.dcc.ufmg.br\/usuarios\/login\" target=\"_blank\" rel=\"noopener\">aqui<\/a>\u00a0para acessar.<\/div>\n","protected":false},"excerpt":{"rendered":"<p>Afastamento na UFMG Portal Minha UFMG PRORH UFMG SIGAC \u00a0Sistema obrigat\u00f3rio para obten\u00e7\u00e3o de afastamentos na UFMG. Clique aqui\u00a0para acessar.<\/p>\n","protected":false},"author":1,"featured_media":0,"parent":1418,"menu_order":0,"comment_status":"closed","ping_status":"closed","template":"","meta":{"footnotes":""},"publishpress_future_action":{"enabled":false,"date":"1969-12-31 21:00:00","action":"","terms":[],"taxonomy":"","browser_timezone_offset":0},"_links":{"self":[{"href":"https:\/\/www.coltec.ufmg.br\/coltec-ufmg\/index.php?rest_route=\/wp\/v2\/pages\/1802"}],"collection":[{"href":"https:\/\/www.coltec.ufmg.br\/coltec-ufmg\/index.php?rest_route=\/wp\/v2\/pages"}],"about":[{"href":"https:\/\/www.coltec.ufmg.br\/coltec-ufmg\/index.php?rest_route=\/wp\/v2\/types\/page"}],"author":[{"embeddable":true,"href":"https:\/\/www.coltec.ufmg.br\/coltec-ufmg\/index.php?rest_route=\/wp\/v2\/users\/1"}],"replies":[{"embeddable":true,"href":"https:\/\/www.coltec.ufmg.br\/coltec-ufmg\/index.php?rest_route=%2Fwp%2Fv2%2Fcomments&post=1802"}],"version-history":[{"count":5,"href":"https:\/\/www.coltec.ufmg.br\/coltec-ufmg\/index.php?rest_route=\/wp\/v2\/pages\/1802\/revisions"}],"predecessor-version":[{"id":2141,"href":"https:\/\/www.coltec.ufmg.br\/coltec-ufmg\/index.php?rest_route=\/wp\/v2\/pages\/1802\/revisions\/2141"}],"up":[{"embeddable":true,"href":"https:\/\/www.coltec.ufmg.br\/coltec-ufmg\/index.php?rest_route=\/wp\/v2\/pages\/1418"}],"wp:attachment":[{"href":"https:\/\/www.coltec.ufmg.br\/coltec-ufmg\/index.php?rest_route=%2Fwp%2Fv2%2Fmedia&parent=1802"}],"curies":[{"name":"wp","href":"https:\/\/api.w.org\/{rel}","templated":true}]}}