{"id":20,"date":"2017-07-11T14:05:19","date_gmt":"2017-07-11T17:05:19","guid":{"rendered":"http:\/\/150.164.129.71\/coltec\/?page_id=20"},"modified":"2026-05-08T09:54:23","modified_gmt":"2026-05-08T12:54:23","slug":"cadec","status":"publish","type":"page","link":"https:\/\/www.coltec.ufmg.br\/coltec-ufmg\/?page_id=20","title":{"rendered":"C\u00e2mara Deliberativa do COLTEC &#8211; CADEC"},"content":{"rendered":"<div class=\"container-fluid\">\n<div style=\"margin-top: 1%;\">\n<nav class=\"scrollspy col-sm-3 col-xs-12\">\n<ul class=\"nav nav-pills nav-stacked\">\n<li class=\"active disabled\"><a href=\"\/coltec-ufmg\/?page_id=20\">Principal<\/a><\/li>\n<li><a href=\"\/coltec-ufmg\/?page_id=22\">Atas da CADEC<\/a><\/li>\n<li><a href=\"https:\/\/www.coltec.ufmg.br\/coltec-ufmg\/?page_id=9777\" rel=\"noopener\">Delibera\u00e7\u00f5es Gerais da CADEC<\/a><\/li>\n<li><a href=\"https:\/\/www.coltec.ufmg.br\/coltec-ufmg\/?page_id=9858\">Atas do Conselho Diretor da EBAP<\/a><\/li>\n<li><a href=\"\/coltec-ufmg\/?page_id=26\">Atribui\u00e7\u00f5es da CADEC<\/a><\/li>\n<li><a href=\"\/coltec-ufmg\/?page_id=28\">Composi\u00e7\u00e3o da CADEC<\/a><\/li>\n<li><a href=\"\/coltec-ufmg\/?page_id=7954\">Orienta\u00e7\u00f5es da CADEC<\/a><\/li>\n<\/ul>\n<\/nav>\n<div class=\"col-sm-9 col-xs-12\">\n<h4>A C\u00e2mara Deliberativa do COLTEC &#8211; <strong>CADEC<\/strong> foi constitu\u00edda em 09 de agosto de 2013 e sua primeira reuni\u00e3o foi em 13 de setembro de 2013. A <strong>CADEC<\/strong> \u00e9 a inst\u00e2ncia superior de delibera\u00e7\u00e3o de quest\u00f5es administrativas e pedag\u00f3gicas da escola.<\/h4>\n<\/div>\n<\/div>\n<\/div>\n","protected":false},"excerpt":{"rendered":"<p>Principal Atas da CADEC Delibera\u00e7\u00f5es Gerais da CADEC Atas do Conselho Diretor da EBAP Atribui\u00e7\u00f5es da CADEC Composi\u00e7\u00e3o da CADEC Orienta\u00e7\u00f5es da CADEC A C\u00e2mara Deliberativa do COLTEC &#8211; CADEC foi constitu\u00edda em 09 de agosto de 2013 e sua primeira reuni\u00e3o foi em 13 de setembro de 2013. A CADEC \u00e9 a inst\u00e2ncia superior [&hellip;]<\/p>\n","protected":false},"author":1,"featured_media":0,"parent":16,"menu_order":0,"comment_status":"closed","ping_status":"closed","template":"","meta":{"footnotes":""},"publishpress_future_action":{"enabled":false,"date":"1969-12-31 21:00:00","action":"","terms":[],"taxonomy":"","browser_timezone_offset":0},"_links":{"self":[{"href":"https:\/\/www.coltec.ufmg.br\/coltec-ufmg\/index.php?rest_route=\/wp\/v2\/pages\/20"}],"collection":[{"href":"https:\/\/www.coltec.ufmg.br\/coltec-ufmg\/index.php?rest_route=\/wp\/v2\/pages"}],"about":[{"href":"https:\/\/www.coltec.ufmg.br\/coltec-ufmg\/index.php?rest_route=\/wp\/v2\/types\/page"}],"author":[{"embeddable":true,"href":"https:\/\/www.coltec.ufmg.br\/coltec-ufmg\/index.php?rest_route=\/wp\/v2\/users\/1"}],"replies":[{"embeddable":true,"href":"https:\/\/www.coltec.ufmg.br\/coltec-ufmg\/index.php?rest_route=%2Fwp%2Fv2%2Fcomments&post=20"}],"version-history":[{"count":39,"href":"https:\/\/www.coltec.ufmg.br\/coltec-ufmg\/index.php?rest_route=\/wp\/v2\/pages\/20\/revisions"}],"predecessor-version":[{"id":17434,"href":"https:\/\/www.coltec.ufmg.br\/coltec-ufmg\/index.php?rest_route=\/wp\/v2\/pages\/20\/revisions\/17434"}],"up":[{"embeddable":true,"href":"https:\/\/www.coltec.ufmg.br\/coltec-ufmg\/index.php?rest_route=\/wp\/v2\/pages\/16"}],"wp:attachment":[{"href":"https:\/\/www.coltec.ufmg.br\/coltec-ufmg\/index.php?rest_route=%2Fwp%2Fv2%2Fmedia&parent=20"}],"curies":[{"name":"wp","href":"https:\/\/api.w.org\/{rel}","templated":true}]}}