{"id":22,"date":"2017-07-11T14:06:23","date_gmt":"2017-07-11T17:06:23","guid":{"rendered":"http:\/\/150.164.129.71\/coltec\/?page_id=22"},"modified":"2025-05-08T14:00:00","modified_gmt":"2025-05-08T17:00:00","slug":"atas-da-cadec","status":"publish","type":"page","link":"https:\/\/www.coltec.ufmg.br\/coltec-ufmg\/?page_id=22","title":{"rendered":"Atas da CADEC"},"content":{"rendered":"\n<div class=\"container-fluid\">\n<div style=\"margin-top: 1%;\"><nav class=\"scrollspy col-sm-3 col-xs-12\">\n<ul class=\"nav nav-pills nav-stacked\">\n<li><a href=\"\/coltec-ufmg\/?page_id=20\">Principal<\/a><\/li>\n<li class=\"active disabled\"><a href=\"\/coltec-ufmg\/?page_id=22\">Atas da CADEC<\/a><\/li>\n<li><a href=\"https:\/\/www.coltec.ufmg.br\/coltec-ufmg\/?page_id=9858\" rel=\"noopener\">Delibera\u00e7\u00f5es Gerais da CADEC<\/a><\/li>\n<li><a href=\"https:\/\/www.coltec.ufmg.br\/coltec-ufmg\/?page_id=9858\" target=\"_blank\" rel=\"noopener\">Atas do Conselho Diretor da EBAP<\/a><\/li>\n<li><a href=\"\/coltec-ufmg\/?page_id=26\">Atribui\u00e7\u00f5es da CADEC<\/a><\/li>\n<li><a href=\"\/coltec-ufmg\/?page_id=28\">Composi\u00e7\u00e3o da CADEC<\/a><\/li>\n<li><a href=\"\/coltec-ufmg\/?page_id=7954\">Orienta\u00e7\u00f5es da CADEC<\/a><\/li>\n<\/ul>\n<\/nav>\n<div class=\"col-sm-9 col-xs-12\">\n<h3><strong>\u00a0<\/strong><\/h3>\n<p>\u00a0<\/p>\n<table class=\" alignleft\" style=\"height: 493px; width: 108.115%;\"><caption>\u00a0<\/caption>\n<tbody>\n<tr style=\"height: 46px;\">\n<td style=\"width: 265.682%; height: 46px;\" colspan=\"4\"><strong><span style=\"text-decoration: underline; color: #0000ff;\">\u21d2 ATAS DA C\u00c2MARA DELIBERATIVA DO COLTEC<\/span><br \/><\/strong><strong><br \/><\/strong><\/td>\n<\/tr>\n<tr style=\"height: 68px;\">\n<td style=\"width: 50.7624%; height: 68px;\" colspan=\"2\"><span style=\"color: #0000ff;\"><strong>\u21d2 Reuni\u00e3o <\/strong><strong>Ordin\u00e1ria\u00a0<\/strong><\/span><span style=\"text-decoration: underline;\"><br \/><\/span><\/td>\n<td style=\"width: 214.92%; height: 68px;\" colspan=\"2\">\n<p><span style=\"color: #0000ff;\"><strong>\u21d2 Reuni\u00e3o <\/strong><strong>Extraordin\u00e1ria<\/strong><\/span><\/p>\n<\/td>\n<\/tr>\n<tr style=\"height: 23px;\">\n<td style=\"width: 50.7624%; text-align: center; vertical-align: middle; height: 23px;\" colspan=\"2\">\u00a0<\/td>\n<td style=\"width: 214.92%; text-align: center; vertical-align: middle; height: 23px;\" colspan=\"2\">\u00a0<\/td>\n<\/tr>\n<tr style=\"height: 23px;\">\n<td style=\"height: 23px; text-align: center; vertical-align: middle; width: 50.7624%;\" colspan=\"2\"><strong><span style=\"color: #0000ff;\"><a style=\"color: #0000ff;\" href=\"https:\/\/drive.google.com\/drive\/folders\/1RsHBoDoq4y51w-4-S-NwvGdjgc0VkK1Q?usp=drive_link\">2025<\/a><\/span><\/strong><\/td>\n<td style=\"height: 23px; text-align: center; vertical-align: middle; width: 214.92%;\" colspan=\"2\"><strong><span style=\"color: #0000ff;\"><a style=\"color: #0000ff;\" href=\"https:\/\/drive.google.com\/drive\/folders\/1Lrwz1BSNXjgtEnUCWwjWv0ALSfEtryhE?usp=drive_link\" target=\"_blank\" rel=\"noopener\">2025<\/a><\/span><\/strong><\/td>\n<\/tr>\n<tr style=\"height: 23px;\">\n<td style=\"height: 23px; text-align: center; vertical-align: middle; width: 50.7624%;\" colspan=\"2\"><span style=\"color: #0000ff;\"><a style=\"color: #0000ff;\" href=\"https:\/\/drive.google.com\/drive\/folders\/1t3m5tsTnje2NCAyhImX-0rVzLPm93cT_?usp=sharing\" target=\"_blank\" rel=\"noopener\"><strong><span style=\"text-decoration: underline;\"><span style=\"text-decoration: underline;\">2024<\/span><\/span><\/strong><\/a><\/span><\/td>\n<td style=\"height: 23px; text-align: center; vertical-align: middle; width: 214.92%;\" colspan=\"2\"><span style=\"color: #0000ff;\"><a style=\"color: #0000ff;\" href=\"https:\/\/drive.google.com\/drive\/folders\/1ibbhqlClgnQyhbvF-UfVrL5pQ7N0R4lK?usp=sharing\" target=\"_blank\" rel=\"noopener\"><span style=\"text-decoration: underline;\"><strong>2024<\/strong><\/span><\/a><\/span><\/td>\n<\/tr>\n<tr style=\"height: 31px;\">\n<td style=\"text-align: center; vertical-align: middle; height: 31px; width: 50.7624%;\" colspan=\"2\"><span style=\"color: #0000ff;\"><strong><span style=\"text-decoration: underline;\"><span style=\"text-decoration: underline;\"><a style=\"color: #0000ff;\" href=\"https:\/\/drive.google.com\/drive\/folders\/14zEpmsvoR7tJhdYdxbhz34kBGujVfDMS?usp=sharing\" target=\"_blank\" rel=\"noopener\">2023<\/a><\/span><\/span><\/strong><\/span><\/td>\n<td style=\"text-align: center; vertical-align: middle; height: 31px; width: 214.92%;\" colspan=\"2\"><span style=\"text-decoration: underline; color: #0000ff;\"><strong><a style=\"color: #0000ff;\" href=\"https:\/\/drive.google.com\/drive\/folders\/1Xeq5x3warcYZ3kPOmv7a5HuJ1yb5RqlH?usp=sharing\" target=\"_blank\" rel=\"noopener\"><span style=\"text-decoration: underline;\">2023<\/span><\/a><\/strong><\/span><\/td>\n<\/tr>\n<tr style=\"height: 23px;\">\n<td style=\"text-align: center; vertical-align: middle; height: 23px; width: 50.7624%;\" colspan=\"2\"><span style=\"color: #0000ff;\"><strong><span style=\"text-decoration: underline;\"><span style=\"text-decoration: underline;\"><a style=\"color: #0000ff;\" href=\"https:\/\/drive.google.com\/drive\/folders\/19_wT3-nONJFuHPjB99yHrSGfols5UP_S?usp=sharing\" target=\"_blank\" rel=\"noopener\">2022<\/a><\/span><\/span><\/strong><\/span><\/td>\n<td style=\"text-align: center; vertical-align: middle; height: 23px; width: 214.92%;\" colspan=\"2\"><span style=\"text-decoration: underline; color: #0000ff;\"><strong><a style=\"color: #0000ff;\" href=\"https:\/\/drive.google.com\/drive\/folders\/1MUJBHmnyY2qFcBHhzvu8qJvVffMN956O?usp=sharing\" target=\"_blank\" rel=\"noopener\"><span style=\"text-decoration: underline;\">2022<\/span><\/a><\/strong><\/span><\/td>\n<\/tr>\n<tr style=\"height: 23px;\">\n<td style=\"text-align: center; vertical-align: middle; height: 23px; width: 50.7624%;\" colspan=\"2\"><span style=\"color: #0000ff;\"><strong><span style=\"text-decoration: underline;\"><span style=\"text-decoration: underline;\"><a style=\"color: #0000ff;\" href=\"https:\/\/drive.google.com\/drive\/folders\/14cGFFuHHx68aEkpDMvxCdrvZfnEGl0bW?usp=sharing\" target=\"_blank\" rel=\"noopener\">2021<\/a><\/span><\/span><\/strong><\/span><\/td>\n<td style=\"text-align: center; vertical-align: middle; height: 23px; width: 214.92%;\" colspan=\"2\"><span style=\"text-decoration: underline; color: #0000ff;\"><strong><a style=\"color: #0000ff;\" href=\"https:\/\/drive.google.com\/drive\/folders\/1OtZwrKQlQpbmn25hQeADPoxr03FSiBK2?usp=sharing\" target=\"_blank\" rel=\"noopener\"><span style=\"text-decoration: underline;\">2021<\/span><\/a><\/strong><\/span><\/td>\n<\/tr>\n<tr style=\"height: 23px;\">\n<td style=\"width: 50.7624%; text-align: center; vertical-align: middle; height: 23px;\" colspan=\"2\"><span style=\"color: #0000ff;\"><strong><span style=\"text-decoration: underline;\"><span style=\"text-decoration: underline;\"><a style=\"color: #0000ff;\" href=\"https:\/\/drive.google.com\/drive\/folders\/1mAsws64ozbX435I_d6AekUzEC0MnsTNh?usp=sharing\" target=\"_blank\" rel=\"noopener\">2020<\/a><\/span><\/span><\/strong><\/span><\/td>\n<td style=\"width: 214.92%; text-align: center; vertical-align: middle; height: 23px;\" colspan=\"2\"><span style=\"text-decoration: underline; color: #0000ff;\"><strong><a style=\"color: #0000ff;\" href=\"https:\/\/drive.google.com\/drive\/folders\/1W59hdq6qLahCkiP3wTw2aphiM2iE4Te_?usp=sharing\" target=\"_blank\" rel=\"noopener\"><span style=\"text-decoration: underline;\">2020<\/span><\/a><\/strong><\/span><\/td>\n<\/tr>\n<tr style=\"height: 23px;\">\n<td style=\"width: 50.7624%; text-align: center; vertical-align: middle; height: 23px;\" colspan=\"2\"><span style=\"color: #0000ff;\"><strong><span style=\"text-decoration: underline;\"><span style=\"text-decoration: underline;\"><a style=\"color: #0000ff;\" href=\"https:\/\/drive.google.com\/drive\/folders\/14GEuguEbv7XbcyVfNsKEjFcCSfost2Ba?usp=sharing\" target=\"_blank\" rel=\"noopener\">2019<\/a><\/span><\/span><\/strong><\/span><\/td>\n<td style=\"width: 214.92%; text-align: center; vertical-align: middle; height: 23px;\" colspan=\"2\"><span style=\"text-decoration: underline; color: #0000ff;\"><strong><a style=\"color: #0000ff;\" href=\"https:\/\/drive.google.com\/drive\/folders\/19jbjwawsP4QRg5oPzKiEyTOWKvZc8HHZ?usp=sharing\" target=\"_blank\" rel=\"noopener\">2019<\/a><\/strong><\/span><\/td>\n<\/tr>\n<tr style=\"height: 23px;\">\n<td style=\"width: 50.7624%; text-align: center; vertical-align: middle; height: 23px;\" colspan=\"2\"><span style=\"color: #0000ff;\"><strong><span style=\"text-decoration: underline;\"><span style=\"text-decoration: underline;\"><a style=\"color: #0000ff;\" href=\"https:\/\/drive.google.com\/drive\/folders\/1s7DEbypMHgHDfWg0hWI5w9b3JWlQMjpr?usp=sharing\" target=\"_blank\" rel=\"noopener\">2018<\/a><\/span><\/span><\/strong><\/span><\/td>\n<td style=\"width: 214.92%; text-align: center; vertical-align: middle; height: 23px;\" colspan=\"2\"><span style=\"text-decoration: underline; color: #0000ff;\"><strong><a style=\"color: #0000ff;\" href=\"https:\/\/drive.google.com\/drive\/folders\/1N4t_xJvZKvkpJVhGDHSL2g3jXId_3QI8?usp=sharing\" target=\"_blank\" rel=\"noopener\">2018<\/a><\/strong><\/span><\/td>\n<\/tr>\n<tr style=\"height: 28px;\">\n<td style=\"width: 50.7624%; height: 28px; text-align: center; vertical-align: middle;\" colspan=\"2\"><span style=\"color: #0000ff;\"><strong><span style=\"text-decoration: underline;\"><span style=\"text-decoration: underline;\"><a style=\"color: #0000ff;\" href=\"https:\/\/drive.google.com\/drive\/folders\/1F_dfAWClzTWsJ-7fwXSK4S_rM8H00cAo?usp=sharing\" target=\"_blank\" rel=\"noopener\">2017<\/a><\/span><\/span><\/strong><\/span><\/td>\n<td style=\"width: 214.92%; height: 28px; text-align: center; vertical-align: middle;\" colspan=\"2\"><span style=\"text-decoration: underline; color: #0000ff;\"><strong><a style=\"color: #0000ff;\" href=\"https:\/\/drive.google.com\/drive\/folders\/1STX5tMIWnhaaFx2PiATCSVNQS8n_T8ic?usp=sharing\" target=\"_blank\" rel=\"noopener\"><span style=\"text-decoration: underline;\">2017<\/span><\/a><\/strong><\/span><\/td>\n<\/tr>\n<tr style=\"height: 23px;\">\n<td style=\"width: 50.7624%; height: 23px; text-align: center; vertical-align: middle;\" colspan=\"2\"><span style=\"color: #0000ff;\"><strong> <a style=\"color: #0000ff;\" href=\"https:\/\/drive.google.com\/drive\/folders\/1vGAftnH2JabvWGgaTLtUMTVq13_AitGy?usp=sharing\" target=\"_blank\" rel=\"noopener\"><span style=\"text-decoration: underline;\"><span style=\"text-decoration: underline;\">2016<\/span><\/span><\/a><\/strong><strong>\u00a0<\/strong><\/span><\/td>\n<td style=\"width: 214.92%; height: 23px; text-align: center; vertical-align: middle;\" colspan=\"2\"><span style=\"color: #0000ff;\"><strong> <a style=\"color: #0000ff;\" href=\"https:\/\/drive.google.com\/drive\/folders\/1mhKDIc1wmyErAT-nDVVoBmJvAXj5E-Xj?usp=sharing\" target=\"_blank\" rel=\"noopener\"><span style=\"text-decoration: underline;\">2016<\/span><\/a><\/strong><\/span><\/td>\n<\/tr>\n<tr style=\"height: 23px;\">\n<td style=\"width: 50.7624%; height: 23px; text-align: center; vertical-align: middle;\" colspan=\"2\"><span style=\"color: #0000ff;\"><strong> <a style=\"color: #0000ff;\" href=\"https:\/\/drive.google.com\/drive\/folders\/1BNqLx9WiJDA-2BXUX2A67aes8d6-dsIU?usp=sharing\" target=\"_blank\" rel=\"noopener\"><span style=\"text-decoration: underline;\"><span style=\"text-decoration: underline;\">2015<\/span><\/span><\/a><\/strong><\/span><\/td>\n<td style=\"width: 214.92%; height: 23px; text-align: center; vertical-align: middle;\" colspan=\"2\"><span style=\"color: #0000ff;\"><strong> <a style=\"color: #0000ff;\" href=\"https:\/\/drive.google.com\/drive\/folders\/1wPAGpG5edUcFYxtscrmfQKr_5i0ICY70?usp=sharing\" target=\"_blank\" rel=\"noopener\"><span style=\"text-decoration: underline;\">2015<\/span><\/a><\/strong><strong>\u00a0<\/strong><\/span><\/td>\n<\/tr>\n<tr style=\"height: 23px;\">\n<td style=\"width: 50.7624%; height: 23px; text-align: center; vertical-align: middle;\" colspan=\"2\"><span style=\"color: #0000ff;\"><strong> <span style=\"text-decoration: underline;\"><a style=\"color: #0000ff;\" href=\"https:\/\/drive.google.com\/drive\/folders\/1XTVCsxG1n7SNlJD1eG0DefaOyXHbyhQA?usp=sharing\" target=\"_blank\" rel=\"noopener\">2014<\/a><\/span><\/strong><\/span><\/td>\n<td style=\"width: 214.92%; height: 23px; text-align: center; vertical-align: middle;\" colspan=\"2\"><span style=\"color: #0000ff;\"><strong> <a style=\"color: #0000ff;\" href=\"https:\/\/drive.google.com\/drive\/folders\/1bW8gQ5rgxGvXz1tWaSscHjvcDOEZWL0G?usp=sharing\" target=\"_blank\" rel=\"noopener\"><span style=\"text-decoration: underline;\">2014<\/span><\/a><\/strong><\/span><\/td>\n<\/tr>\n<tr style=\"height: 23px;\">\n<td style=\"height: 23px; width: 50.7624%; text-align: center; vertical-align: middle;\" colspan=\"2\"><span style=\"text-decoration: underline; color: #0000ff;\"><a style=\"color: #0000ff;\" href=\"https:\/\/drive.google.com\/drive\/folders\/1REwGBbZ3yGyUCe-bbDZHc7aV0Hl8TOR0?usp=sharing\" target=\"_blank\" rel=\"noopener\"><strong>2013<\/strong><\/a><\/span><\/td>\n<td style=\"width: 214.92%; height: 23px; text-align: center; vertical-align: middle;\" colspan=\"2\"><span style=\"color: #0000ff;\"><strong><a href=\"https:\/\/drive.google.com\/drive\/folders\/15Kh4hjGieyHzjRad9zZVwbPC4R4VM1mN?usp=sharing\" target=\"_blank\" rel=\"noopener\"><span style=\"text-decoration: underline;\"><span style=\"color: #0000ff; text-decoration: underline;\">2013<\/span><\/span><\/a><\/strong><\/span><\/td>\n<\/tr>\n<tr style=\"height: 24px;\">\n<td style=\"width: 6.13343%; height: 24px;\">\u00a0<\/td>\n<td style=\"width: 44.629%; height: 24px;\">\u00a0<\/td>\n<td style=\"width: 1.73051%; height: 24px;\">\u00a0<\/td>\n<td style=\"width: 213.189%; height: 24px;\">\u00a0<\/td>\n<\/tr>\n<tr style=\"height: 10px;\">\n<td style=\"height: 10px; width: 50.7624%;\" colspan=\"2\">\n<p><span style=\"color: #0000ff;\"><strong>Atas F\u00edsicas Assinadas:<\/strong><\/span><\/p>\n<p><span style=\"text-decoration: underline; color: #0000ff;\"><a style=\"color: #0000ff;\" href=\"https:\/\/drive.google.com\/drive\/folders\/1wOrP_5D8QRhKzACdR1QQIAdL-k8d7hA9?usp=sharing\" target=\"_blank\" rel=\"noopener\"><strong> MAR\u00c7O\/2003 &#8211; SETEMBRO\/2019<\/strong><\/a><\/span><\/p>\n<\/td>\n<td style=\"width: 1.73051%; height: 10px;\"><span style=\"color: #0000ff;\"><strong>\u00a0<\/strong><\/span><\/td>\n<td style=\"width: 213.189%; height: 10px;\"><span style=\"color: #0000ff;\"><strong>\u00a0<\/strong><\/span><\/td>\n<\/tr>\n<tr style=\"height: 10px;\">\n<td style=\"width: 6.13343%; height: 10px;\">\u00a0<\/td>\n<td style=\"width: 44.629%; height: 10px;\">\u00a0<\/td>\n<td style=\"width: 1.73051%; height: 10px;\">\u00a0<\/td>\n<td style=\"width: 213.189%; height: 10px;\">\u00a0<\/td>\n<\/tr>\n<\/tbody>\n<\/table>\n<h3>\u00a0<\/h3>\n<\/div>\n<\/div>\n<div style=\"margin-top: 1%;\">\u00a0<\/div>\n<\/div>\n\n\n","protected":false},"excerpt":{"rendered":"<p>Principal Atas da CADEC Delibera\u00e7\u00f5es Gerais da CADEC Atas do Conselho Diretor da EBAP Atribui\u00e7\u00f5es da CADEC Composi\u00e7\u00e3o da CADEC Orienta\u00e7\u00f5es da CADEC \u00a0 \u00a0 \u00a0 \u21d2 ATAS DA C\u00c2MARA DELIBERATIVA DO COLTEC \u21d2 Reuni\u00e3o Ordin\u00e1ria\u00a0 \u21d2 Reuni\u00e3o Extraordin\u00e1ria \u00a0 \u00a0 2025 2025 2024 2024 2023 2023 2022 2022 2021 2021 2020 2020 2019 2019 [&hellip;]<\/p>\n","protected":false},"author":1,"featured_media":0,"parent":20,"menu_order":0,"comment_status":"closed","ping_status":"closed","template":"","meta":{"footnotes":""},"publishpress_future_action":{"enabled":false,"date":"1969-12-31 21:00:00","action":"","terms":[],"taxonomy":"","browser_timezone_offset":0},"_links":{"self":[{"href":"https:\/\/www.coltec.ufmg.br\/coltec-ufmg\/index.php?rest_route=\/wp\/v2\/pages\/22"}],"collection":[{"href":"https:\/\/www.coltec.ufmg.br\/coltec-ufmg\/index.php?rest_route=\/wp\/v2\/pages"}],"about":[{"href":"https:\/\/www.coltec.ufmg.br\/coltec-ufmg\/index.php?rest_route=\/wp\/v2\/types\/page"}],"author":[{"embeddable":true,"href":"https:\/\/www.coltec.ufmg.br\/coltec-ufmg\/index.php?rest_route=\/wp\/v2\/users\/1"}],"replies":[{"embeddable":true,"href":"https:\/\/www.coltec.ufmg.br\/coltec-ufmg\/index.php?rest_route=%2Fwp%2Fv2%2Fcomments&post=22"}],"version-history":[{"count":313,"href":"https:\/\/www.coltec.ufmg.br\/coltec-ufmg\/index.php?rest_route=\/wp\/v2\/pages\/22\/revisions"}],"predecessor-version":[{"id":17223,"href":"https:\/\/www.coltec.ufmg.br\/coltec-ufmg\/index.php?rest_route=\/wp\/v2\/pages\/22\/revisions\/17223"}],"up":[{"embeddable":true,"href":"https:\/\/www.coltec.ufmg.br\/coltec-ufmg\/index.php?rest_route=\/wp\/v2\/pages\/20"}],"wp:attachment":[{"href":"https:\/\/www.coltec.ufmg.br\/coltec-ufmg\/index.php?rest_route=%2Fwp%2Fv2%2Fmedia&parent=22"}],"curies":[{"name":"wp","href":"https:\/\/api.w.org\/{rel}","templated":true}]}}