{"id":26,"date":"2017-07-11T14:07:27","date_gmt":"2017-07-11T17:07:27","guid":{"rendered":"http:\/\/150.164.129.71\/coltec\/?page_id=26"},"modified":"2022-06-01T16:56:02","modified_gmt":"2022-06-01T19:56:02","slug":"atribuicoes-da-cadec","status":"publish","type":"page","link":"https:\/\/www.coltec.ufmg.br\/coltec-ufmg\/?page_id=26","title":{"rendered":"Atribui\u00e7\u00f5es da Cadec"},"content":{"rendered":"<div class=\"container-fluid text-justify\">\n<div style=\"margin-top: 1%;\">\n<nav class=\"scrollspy col-sm-3 col-xs-12\">\n<ul class=\"nav nav-pills nav-stacked\">\n<li><a href=\"\/coltec-ufmg\/?page_id=20\">Principal<\/a><\/li>\n<li><a href=\"\/coltec-ufmg\/?page_id=22\">Atas da CADEC<\/a><\/li>\n<li><a href=\"https:\/\/www.coltec.ufmg.br\/coltec-ufmg\/?page_id=9858\" target=\"_blank\" rel=\"noopener\">Atas do Conselho Diretor da EBAP<\/a><\/li>\n<li class=\"active disabled\"><a href=\"\/coltec-ufmg\/?page_id=26\">Atribui\u00e7\u00f5es da CADEC<\/a><\/li>\n<li><a href=\"\/coltec-ufmg\/?page_id=28\">Composi\u00e7\u00e3o da CADEC<\/a><\/li>\n<li><a href=\"\/coltec-ufmg\/?page_id=7954\">Orienta\u00e7\u00f5es da CADEC<\/a><\/li>\n<\/ul>\n<\/nav>\n<div class=\"col-sm-9 col-xs-12\">\n<p><strong>RESOLU\u00c7\u00c3O N\u00ba 01\/2013, 8 DE ABRIL DE 2013.<\/strong><\/p>\n<p>Estabelece as atribui\u00e7\u00f5es das c\u00e2maras deliberativas das escolas que comp\u00f5em a EBAP. O Conselho Diretor da Escola de Educa\u00e7\u00e3o B\u00e1sica e Profissional da Universidade Federal de Minas Gerais, no uso de suas atribui\u00e7\u00f5es regimentais resolve:<\/p>\n<p>Art. 1\u00ba &#8211; Definir as seguintes atribui\u00e7\u00f5es para as C\u00e2maras Deliberativas das Escolas que comp\u00f5em a EBAP:<\/p>\n<ol>\n<li>Supervisionar a execu\u00e7\u00e3o das atividades administrativas e pedag\u00f3gicas relacionadas ao ensino, pesquisa e extens\u00e3o;<\/li>\n<li>Propor o calend\u00e1rio acad\u00eamico e administrativo da escola;<\/li>\n<li>Criar inst\u00e2ncias pedag\u00f3gicas e administrativas necess\u00e1rias para o cumprimento da miss\u00e3o de cada escola;<\/li>\n<li>Avaliar e aprovar propostas de encargos dos docentes;<\/li>\n<li>Propor ao Conselho Diretor da EBAP crit\u00e9rios para a avalia\u00e7\u00e3o do desempenho e da progress\u00e3o de docentes e servidores t\u00e9cnicos e administrativos, respeitadas as normas e as pol\u00edticas estabelecidas pela Universidade;<\/li>\n<li>Avaliar o desempenho de docentes e de servidores t\u00e9cnicos e administrativos, para fins de acompanhamento, aprova\u00e7\u00e3o de relat\u00f3rios anuais, planos de trabalho individuais, est\u00e1gio probat\u00f3rio e progress\u00e3o;<\/li>\n<li>Propor a de processo para a dispensa de docentes e TA, bem como modifica\u00e7\u00f5es do regime de trabalho destes;<\/li>\n<li>Deliberar sobre a aloca\u00e7\u00e3o de vagas docentes e de servidores no \u00e2mbito de cada escola;<\/li>\n<li>Indicar ou propor membros para compor comiss\u00f5es examinadoras de concursos para provimento de cargos ou empregos de professor, na forma estabelecida em normas gerais de concursos, para posterior aprecia\u00e7\u00e3o do Conselho Diretor;<\/li>\n<li>Avaliar pedidos de afastamento de docentes e de servidores t\u00e9cnicos e administrativos para fins de aperfei\u00e7oamento ou coopera\u00e7\u00e3o t\u00e9cnica, e<br \/>\nestabelecer o acompanhamento e a avalia\u00e7\u00e3o dessas atividades;<\/li>\n<li>Avaliar a proposta or\u00e7ament\u00e1ria e o plano de aplica\u00e7\u00e3o de verbas de cada escola;<\/li>\n<li>Apreciar a presta\u00e7\u00e3o de contas de cada escola;<\/li>\n<li>Avaliar propostas de contratos, acordos e conv\u00eanios, bem como projetos de presta\u00e7\u00e3o de servi\u00e7os a serem executados, e assegurar que sua execu\u00e7\u00e3o se d\u00ea em observ\u00e2ncia \u00e0s normas pertinentes;<\/li>\n<li>Organizar os processos eleitorais no \u00e2mbito de cada escola;<\/li>\n<li>Apreciar propostas de novos cursos e altera\u00e7\u00e3o no n\u00famero de vagas discentes para a escola;<\/li>\n<li>Dar encaminhamento para quest\u00f5es disciplinares inerentes \u00e0 comunidade da escola;<\/li>\n<li>Julgar os recursos que lhes forem interpostos.Art. 2o &#8211; A presente Resolu\u00e7\u00e3o entra em vigor nesta data.<\/li>\n<\/ol>\n<p><strong>Professora Carmen Maria De Caro Martins<\/strong><br \/>\n<strong>Diretora Geral da Escola de Educa\u00e7\u00e3o B\u00e1sica e Profissional da UFMG<\/strong><\/p>\n<\/div>\n<\/div>\n<\/div>\n","protected":false},"excerpt":{"rendered":"<p>Principal Atas da CADEC Atas do Conselho Diretor da EBAP Atribui\u00e7\u00f5es da CADEC Composi\u00e7\u00e3o da CADEC Orienta\u00e7\u00f5es da CADEC RESOLU\u00c7\u00c3O N\u00ba 01\/2013, 8 DE ABRIL DE 2013. Estabelece as atribui\u00e7\u00f5es das c\u00e2maras deliberativas das escolas que comp\u00f5em a EBAP. O Conselho Diretor da Escola de Educa\u00e7\u00e3o B\u00e1sica e Profissional da Universidade Federal de Minas Gerais, [&hellip;]<\/p>\n","protected":false},"author":1,"featured_media":0,"parent":20,"menu_order":0,"comment_status":"closed","ping_status":"closed","template":"","meta":{"footnotes":""},"publishpress_future_action":{"enabled":false,"date":"1969-12-31 21:00:00","action":"","terms":[],"taxonomy":"","browser_timezone_offset":0},"_links":{"self":[{"href":"https:\/\/www.coltec.ufmg.br\/coltec-ufmg\/index.php?rest_route=\/wp\/v2\/pages\/26"}],"collection":[{"href":"https:\/\/www.coltec.ufmg.br\/coltec-ufmg\/index.php?rest_route=\/wp\/v2\/pages"}],"about":[{"href":"https:\/\/www.coltec.ufmg.br\/coltec-ufmg\/index.php?rest_route=\/wp\/v2\/types\/page"}],"author":[{"embeddable":true,"href":"https:\/\/www.coltec.ufmg.br\/coltec-ufmg\/index.php?rest_route=\/wp\/v2\/users\/1"}],"replies":[{"embeddable":true,"href":"https:\/\/www.coltec.ufmg.br\/coltec-ufmg\/index.php?rest_route=%2Fwp%2Fv2%2Fcomments&post=26"}],"version-history":[{"count":18,"href":"https:\/\/www.coltec.ufmg.br\/coltec-ufmg\/index.php?rest_route=\/wp\/v2\/pages\/26\/revisions"}],"predecessor-version":[{"id":10567,"href":"https:\/\/www.coltec.ufmg.br\/coltec-ufmg\/index.php?rest_route=\/wp\/v2\/pages\/26\/revisions\/10567"}],"up":[{"embeddable":true,"href":"https:\/\/www.coltec.ufmg.br\/coltec-ufmg\/index.php?rest_route=\/wp\/v2\/pages\/20"}],"wp:attachment":[{"href":"https:\/\/www.coltec.ufmg.br\/coltec-ufmg\/index.php?rest_route=%2Fwp%2Fv2%2Fmedia&parent=26"}],"curies":[{"name":"wp","href":"https:\/\/api.w.org\/{rel}","templated":true}]}}