{"id":2616,"date":"2018-08-21T19:08:49","date_gmt":"2018-08-21T22:08:49","guid":{"rendered":"http:\/\/www.coltec.ufmg.br\/coltec-ufmg\/?page_id=2616"},"modified":"2023-07-13T09:22:02","modified_gmt":"2023-07-13T12:22:02","slug":"chamadas-publicas","status":"publish","type":"page","link":"https:\/\/www.coltec.ufmg.br\/coltec-ufmg\/?page_id=2616","title":{"rendered":"Chamadas P\u00fablicas"},"content":{"rendered":"<div><nav class=\"scrollspy col-sm-3 col-xs-12\">\n<ul class=\"nav nav-pills nav-stacked\">\n<li><a href=\"\/coltec-ufmg\/?page_id=36\">Principal<\/a><\/li>\n<li><a href=\"\/coltec-ufmg\/?page_id=1348\">Cota\u00e7\u00f5es Eletr\u00f4nicas<\/a><\/li>\n<li><a href=\"\/coltec-ufmg\/?page_id=1342\">Preg\u00e3o SRP (Sistema de Registro de Pre\u00e7os)<\/a><\/li>\n<li class=\"active disabled\">\u00a0<\/li>\n<\/ul>\n<\/nav><\/div>\n<div class=\"col-sm-9 col-xs-12\">\n<table style=\"width: 162.102%; height: 519px;\" align=\"left\">\n<tbody>\n<tr style=\"height: 25px;\">\n<td style=\"width: 923px; height: 25px;\"><b>Chamadas P\u00fablicas<\/b><\/td>\n<\/tr>\n<tr style=\"height: 25px;\">\n<td style=\"width: 923px; height: 25px;\"><a href=\"http:\/\/www.coltec.ufmg.br\/coltec-ufmg\/wp-content\/uploads\/2018\/08\/Chamada-P\u00fablica-COLTEC-UFMG.pdf\" target=\"_blank\" rel=\"noopener\">Edital Chamada P\u00fablica n\u00ba 01\/2018<\/a><\/td>\n<\/tr>\n<tr style=\"height: 25px;\">\n<td style=\"width: 923px; height: 25px;\"><a href=\"http:\/\/www.coltec.ufmg.br\/coltec-ufmg\/wp-content\/uploads\/2018\/08\/Resultado-Chamada-P\u00fablica.pdf\" target=\"_blank\" rel=\"noopener\">Resultado Pr\u00e9 Qualifica\u00e7\u00e3o <\/a><\/td>\n<\/tr>\n<tr style=\"height: 25px;\">\n<td style=\"width: 923px; height: 25px;\"><a href=\"http:\/\/www.coltec.ufmg.br\/coltec-ufmg\/wp-content\/uploads\/2018\/08\/Resultado-Final-Chamada-P\u00fablica.pdf\" target=\"_blank\" rel=\"noopener\">Resultado Final<\/a><\/td>\n<\/tr>\n<tr style=\"height: 25px;\">\n<td style=\"width: 923px; height: 25px;\">&#8212;&#8212;&#8212;&#8212;&#8212;&#8212;&#8212;&#8212;&#8212;&#8212;&#8212;&#8212;&#8212;&#8212;&#8212;&#8212;&#8212;&#8211;<\/td>\n<\/tr>\n<tr style=\"height: 25px;\">\n<td style=\"width: 923px; height: 30px;\"><a href=\"http:\/\/www.coltec.ufmg.br\/coltec-ufmg\/wp-content\/uploads\/2018\/08\/Edital-Cham.-Publica-2019.pdf\">Edital Chamada Publica n\u00ba 01\/2019<\/a><\/td>\n<\/tr>\n<tr style=\"height: 25px;\">\n<td style=\"width: 923px; height: 26px;\"><a href=\"http:\/\/www.coltec.ufmg.br\/coltec-ufmg\/wp-content\/uploads\/2018\/08\/Resultado-da-pre-qualifica\u00e7ao.pdf\" target=\"_blank\" rel=\"noopener\">Resultado da Pr\u00e9 Qualifica\u00e7\u00e3o<\/a>\n<p>\u00a0<\/p>\n<p><a href=\"http:\/\/www.coltec.ufmg.br\/coltec-ufmg\/wp-content\/uploads\/2018\/08\/Resultado-final.pdf\" target=\"_blank\" rel=\"noopener\">Resultado final<\/a><\/p>\n<p>&#8212;&#8212;&#8212;&#8212;&#8212;&#8212;&#8212;&#8212;&#8212;&#8212;&#8212;&#8212;&#8212;&#8212;&#8212;&#8212;&#8212;&#8211;<\/p>\n<hr \/>\n<p><a href=\"http:\/\/www.coltec.ufmg.br\/coltec-ufmg\/wp-content\/uploads\/2018\/08\/Edital-012020.pdf\" target=\"_blank\" rel=\"noopener\">Edital Chamada P\u00fablica n\u00ba 02\/2020<\/a><\/p>\n<\/td>\n<\/tr>\n<tr style=\"height: 25px;\">\n<td style=\"width: 923px; height: 25px;\"><a href=\"http:\/\/www.coltec.ufmg.br\/coltec-ufmg\/wp-content\/uploads\/2020\/07\/SEI_UFMG-0183451-Extrato.pdf\">Resultado da Pr\u00e9 Qualifica\u00e7\u00e3o<\/a><\/td>\n<\/tr>\n<tr style=\"height: 24px;\">\n<td style=\"width: 923px; height: 313px;\">\n<p><a href=\"http:\/\/www.coltec.ufmg.br\/coltec-ufmg\/wp-content\/uploads\/2018\/08\/SEI_UFMG-0188597-Extrato.pdf\" target=\"_blank\" rel=\"noopener\">Resultado final<\/a><\/p>\n<p>\u00a0<\/p>\n<table style=\"border-collapse: collapse; width: 100%; height: 532px;\">\n<tbody>\n<tr style=\"height: 23px;\">\n<td style=\"width: 100%; height: 23px;\">&#8212;&#8212;&#8212;&#8212;&#8212;&#8212;&#8212;&#8212;&#8212;&#8212;&#8212;&#8212;&#8212;&#8212;&#8212;&#8212;&#8212;&#8211;<\/td>\n<\/tr>\n<tr style=\"height: 23px;\">\n<td style=\"width: 100%; height: 23px;\"><a href=\"http:\/\/www.coltec.ufmg.br\/coltec-ufmg\/wp-content\/uploads\/2021\/07\/01.Edital_01RevisaoAss.pdf\" target=\"_blank\" rel=\"noopener\">Edital Chamada P\u00fablica n\u00ba 01\/2021<\/a><\/td>\n<\/tr>\n<tr style=\"height: 23px;\">\n<td style=\"width: 100%; height: 23px;\"><a href=\"http:\/\/www.coltec.ufmg.br\/coltec-ufmg\/wp-content\/uploads\/2021\/07\/Anexos_ParteI.pdf\" target=\"_blank\" rel=\"noopener\">Anexos &#8211; Chamada P\u00fablica n\u00ba 01\/2021 &#8211; Parte 01<\/a><\/td>\n<\/tr>\n<tr style=\"height: 23px;\">\n<td style=\"width: 100%; height: 23px;\"><a href=\"http:\/\/www.coltec.ufmg.br\/coltec-ufmg\/wp-content\/uploads\/2021\/07\/Anexos_ParteII.pdf\" target=\"_blank\" rel=\"noopener\">Anexos &#8211; Chamada P\u00fablica n\u00ba 01\/2021 &#8211; Parte 02<\/a><\/td>\n<\/tr>\n<tr style=\"height: 23px;\">\n<td style=\"width: 100%; height: 23px;\"><a href=\"http:\/\/www.coltec.ufmg.br\/coltec-ufmg\/wp-content\/uploads\/2021\/07\/Arquivos-Editaveis.rar\" target=\"_blank\" rel=\"noopener\">Arquivos Edit\u00e1veis &#8211; Chamada P\u00fablica n\u00ba 01\/2021<\/a><\/td>\n<\/tr>\n<tr style=\"height: 23px;\">\n<td style=\"width: 100%; height: 23px;\"><a href=\"http:\/\/www.coltec.ufmg.br\/coltec-ufmg\/?attachment_id=8090\" target=\"_blank\" rel=\"noopener\">Resultado pr\u00e9 qualifica\u00e7\u00e3o<\/a><\/td>\n<\/tr>\n<tr style=\"height: 23px;\">\n<td style=\"width: 100%; height: 23px;\"><a href=\"http:\/\/www.coltec.ufmg.br\/coltec-ufmg\/?attachment_id=8284\" target=\"_blank\" rel=\"noopener\">Recurso da Associa\u00e7\u00e3o dos Agricultores Familiares do Assentamento Dois de Julho de Betim<\/a><\/td>\n<\/tr>\n<tr style=\"height: 23px;\">\n<td style=\"width: 100%; height: 23px;\"><a href=\"http:\/\/www.coltec.ufmg.br\/coltec-ufmg\/?attachment_id=8279\" target=\"_blank\" rel=\"noopener\">Despacho do recurso<\/a><\/td>\n<\/tr>\n<tr style=\"height: 23px;\">\n<td style=\"width: 100%; height: 34px;\"><a href=\"http:\/\/www.coltec.ufmg.br\/coltec-ufmg\/?attachment_id=8280\" target=\"_blank\" rel=\"noopener\">Resultado Final<\/a><\/td>\n<\/tr>\n<tr style=\"height: 314px;\">\n<td style=\"width: 100%; height: 314px;\"><hr \/>\n<p>&#8212;&#8212;&#8212;&#8212;&#8212;&#8212;&#8212;&#8212;&#8212;&#8212;&#8212;&#8212;&#8212;&#8212;&#8212;&#8212;&#8212;&#8211;<\/p>\n<p><a href=\"https:\/\/www.coltec.ufmg.br\/coltec-ufmg\/wp-content\/uploads\/2023\/06\/SEI_UFMG-2362714-Edital.pdf\" target=\"_blank\" rel=\"noopener\">Edital Chamada P\u00fablica n\u00ba 048\/2023<\/a><\/p>\n<p><a href=\"https:\/\/www.coltec.ufmg.br\/coltec-ufmg\/wp-content\/uploads\/2023\/07\/Publicacao-no-DOU.pdf\" target=\"_blank\" rel=\"noopener\">Publica\u00e7\u00e3o no Di\u00e1rio Oficial da Uni\u00e3o<\/a><\/p>\n<p><a href=\"https:\/\/www.coltec.ufmg.br\/coltec-ufmg\/wp-content\/uploads\/2023\/07\/Ata-da-Chamada-Publica.pdf\" target=\"_blank\" rel=\"noopener\">Ata da Chamada P\u00fablica<\/a><\/p>\n<p><a href=\"https:\/\/www.coltec.ufmg.br\/coltec-ufmg\/wp-content\/uploads\/2023\/07\/Resultado-Chamada-Publica-048-2023.pdf\" target=\"_blank\" rel=\"noopener\">Resultado final &#8211; Chamada P\u00fablica 048\/2023<\/a><\/p>\n<hr \/><\/td>\n<\/tr>\n<\/tbody>\n<\/table>\n<\/td>\n<\/tr>\n<\/tbody>\n<\/table>\n<\/div>\n\n","protected":false},"excerpt":{"rendered":"<p>Principal Cota\u00e7\u00f5es Eletr\u00f4nicas Preg\u00e3o SRP (Sistema de Registro de Pre\u00e7os) \u00a0 Chamadas P\u00fablicas Edital Chamada P\u00fablica n\u00ba 01\/2018 Resultado Pr\u00e9 Qualifica\u00e7\u00e3o Resultado Final &#8212;&#8212;&#8212;&#8212;&#8212;&#8212;&#8212;&#8212;&#8212;&#8212;&#8212;&#8212;&#8212;&#8212;&#8212;&#8212;&#8212;&#8211; Edital Chamada Publica n\u00ba 01\/2019 Resultado da Pr\u00e9 Qualifica\u00e7\u00e3o \u00a0 Resultado final &#8212;&#8212;&#8212;&#8212;&#8212;&#8212;&#8212;&#8212;&#8212;&#8212;&#8212;&#8212;&#8212;&#8212;&#8212;&#8212;&#8212;&#8211; Edital Chamada P\u00fablica n\u00ba 02\/2020 Resultado da Pr\u00e9 Qualifica\u00e7\u00e3o Resultado final \u00a0 &#8212;&#8212;&#8212;&#8212;&#8212;&#8212;&#8212;&#8212;&#8212;&#8212;&#8212;&#8212;&#8212;&#8212;&#8212;&#8212;&#8212;&#8211; Edital Chamada P\u00fablica n\u00ba 01\/2021 [&hellip;]<\/p>\n","protected":false},"author":7,"featured_media":0,"parent":36,"menu_order":0,"comment_status":"closed","ping_status":"closed","template":"","meta":{"footnotes":""},"publishpress_future_action":{"enabled":false,"date":"1969-12-31 21:00:00","action":"","terms":[],"taxonomy":"","browser_timezone_offset":0},"_links":{"self":[{"href":"https:\/\/www.coltec.ufmg.br\/coltec-ufmg\/index.php?rest_route=\/wp\/v2\/pages\/2616"}],"collection":[{"href":"https:\/\/www.coltec.ufmg.br\/coltec-ufmg\/index.php?rest_route=\/wp\/v2\/pages"}],"about":[{"href":"https:\/\/www.coltec.ufmg.br\/coltec-ufmg\/index.php?rest_route=\/wp\/v2\/types\/page"}],"author":[{"embeddable":true,"href":"https:\/\/www.coltec.ufmg.br\/coltec-ufmg\/index.php?rest_route=\/wp\/v2\/users\/7"}],"replies":[{"embeddable":true,"href":"https:\/\/www.coltec.ufmg.br\/coltec-ufmg\/index.php?rest_route=%2Fwp%2Fv2%2Fcomments&post=2616"}],"version-history":[{"count":14,"href":"https:\/\/www.coltec.ufmg.br\/coltec-ufmg\/index.php?rest_route=\/wp\/v2\/pages\/2616\/revisions"}],"predecessor-version":[{"id":11932,"href":"https:\/\/www.coltec.ufmg.br\/coltec-ufmg\/index.php?rest_route=\/wp\/v2\/pages\/2616\/revisions\/11932"}],"up":[{"embeddable":true,"href":"https:\/\/www.coltec.ufmg.br\/coltec-ufmg\/index.php?rest_route=\/wp\/v2\/pages\/36"}],"wp:attachment":[{"href":"https:\/\/www.coltec.ufmg.br\/coltec-ufmg\/index.php?rest_route=%2Fwp%2Fv2%2Fmedia&parent=2616"}],"curies":[{"name":"wp","href":"https:\/\/api.w.org\/{rel}","templated":true}]}}