{"id":28,"date":"2017-07-11T14:07:42","date_gmt":"2017-07-11T17:07:42","guid":{"rendered":"http:\/\/150.164.129.71\/coltec\/?page_id=28"},"modified":"2024-06-21T17:34:18","modified_gmt":"2024-06-21T20:34:18","slug":"composicao-da-cadec","status":"publish","type":"page","link":"https:\/\/www.coltec.ufmg.br\/coltec-ufmg\/?page_id=28","title":{"rendered":"Composi\u00e7\u00e3o da CADEC"},"content":{"rendered":"<div class=\"container-fluid\">\n<div style=\"margin-top: 1%;\">\n<nav class=\"scrollspy col-sm-3 col-xs-12\">\n<ul class=\"nav nav-pills nav-stacked\">\n<li><a href=\"\/coltec-ufmg\/?page_id=20\">Principal<\/a><\/li>\n<li><a href=\"\/coltec-ufmg\/?page_id=22\">Atas da CADEC<\/a><\/li>\n<li><a href=\"https:\/\/www.coltec.ufmg.br\/coltec-ufmg\/?page_id=9858\">Atas do Conselho Diretor da EBAP<\/a><\/li>\n<li><a href=\"\/coltec-ufmg\/?page_id=26\">Atribui\u00e7\u00f5es da CADEC<\/a><\/li>\n<li class=\"active disabled\"><a href=\"\/coltec-ufmg\/?page_id=28\">Composi\u00e7\u00e3o da CADEC<\/a><\/li>\n<li><a href=\"\/coltec-ufmg\/?page_id=7954\">Orienta\u00e7\u00f5es da CADEC<\/a><\/li>\n<\/ul>\n<\/nav>\n<div class=\"col-sm-9 col-xs-12\">\n<h3>Composi\u00e7\u00e3o da CADEC<\/h3>\n<p><strong>RESOLU\u00c7\u00c3O N\u00ba 04\/2013, 8 DE ABRIL DE 2013.<\/strong><\/p>\n<p><strong>\u00a0<\/strong>Estabelece a composi\u00e7\u00e3o da c\u00e2mara\u00a0deliberativa do Col\u00e9gio T\u00e9cnico da Escola\u00a0de Educa\u00e7\u00e3o B\u00e1sica e Profissional da\u00a0UFMG.\u00a0O Conselho Diretor da Escola de Educa\u00e7\u00e3o B\u00e1sica e Profissional da\u00a0Universidade Federal de Minas Gerais, no uso de suas atribui\u00e7\u00f5es regimentais\u00a0resolve:<\/p>\n<p>Art. 1\u00ba &#8211; Estabelecer a seguinte composi\u00e7\u00e3o para a C\u00e2mara Deliberativa do\u00a0Col\u00e9gio T\u00e9cnico da EBAP:<br \/>\nI \u2013 Diretor(a) do COLTEC;<br \/>\nII \u2013 03 (tr\u00eas) professores do n\u00facleo b\u00e1sico;<br \/>\nIII \u2013 03 (tr\u00eas) professores do n\u00facleo profissional;<br \/>\nIV- 01 (um) Gestor Pedag\u00f3gico;<br \/>\nV \u2013 01 (um) Coordenador NAPq\/Cenex;<br \/>\nVI \u2013 02 (dois) representantes dos servidores t\u00e9cnicos-administrativos em\u00a0educa\u00e7\u00e3o;<br \/>\nVII \u2013 02 (dois) representantes discentes.<br \/>\n\u00a7 1\u00ba &#8211; O(a) Diretor(a) do COLTEC poder\u00e1 ser substitu\u00eddo pela vice-diretoria\u00a0desta escola.<br \/>\n\u00a7 2\u00ba &#8211; Os docentes previstos nos incisos II, III, IV e V e seus respectivos\u00a0suplentes ser\u00e3o eleitos pelos professores do COLTEC, para mandato de doisanos, permitida a reelei\u00e7\u00e3o;<br \/>\n\u00a7 3\u00ba &#8211; Os representantes dos servidores TAE ser\u00e3o eleitos pelos pares, paramandato de dois anos, permitida a reelei\u00e7\u00e3o;<br \/>\n\u00a7 4\u00ba &#8211; A representa\u00e7\u00e3o discente ser\u00e1 eleita pelos estudantes regularmente\u00a0matriculados no COLTEC, para mandato de um ano, permitida a reelei\u00e7\u00e3o;<br \/>\nArt. 2\u00ba &#8211; Revogam-se as disposi\u00e7\u00f5es em contr\u00e1rio.<br \/>\nArt. 3\u00ba &#8211; A presente Resolu\u00e7\u00e3o entra em vigor nesta data.<\/p>\n<p>Professora Carmen Maria De Caro Martins<strong><br \/>\n<\/strong>Diretora Geral da Unidade Especial de Educa\u00e7\u00e3o B\u00e1sica e Profissional da UFMG<\/p>\n<p><span style=\"text-decoration: underline;\"><strong>CADEC &#8211; Mandatos Vigentes<\/strong><\/span><\/p>\n<ul>\n<li><strong>Diretora do COLTEC:<\/strong> Katia Pedroso Silveira<\/li>\n<li><strong>Vice-Diretora do COLTEC:<\/strong> Virg\u00ednia Fernandes Mota<\/li>\n<\/ul>\n<p><strong>Tr\u00eas representantes docentes do N\u00facleo B\u00e1sico:<\/strong><\/p>\n<ul>\n<li style=\"text-align: left;\">Titular: <span style=\"font-weight: 400;\">Paula Resende Adelino<\/span> e Suplente: Rita de C\u00e1ssia Augusto<\/li>\n<li style=\"text-align: left;\">Titular: Ana Elisa Cruz Corr\u00eaa e Suplente: Kelly Maria de Campos Fornero Abreu de Lima Melillo<\/li>\n<li style=\"text-align: left;\">Titular: Helder de Figueiredo e Paula e Suplente: Janaina Henriques<\/li>\n<\/ul>\n<p align=\"justify\"><strong>Tr\u00eas representantes docentes do N\u00facleo Profissional:<\/strong><\/p>\n<ul>\n<li>Titular: Dem\u00e9trio Abreu Sena Costa e Suplente: L\u00edvia Alves Moreira Rodrigues<\/li>\n<li>Titular: Cl\u00e1udia Nat\u00e1lia Ferreira e Suplente: Luciano Almeida Pereira<\/li>\n<li><span style=\"font-weight: 400;\">Titular: An\u00edsio Rog\u00e9rio Braga e Suplente: Adilson Assis Moreira<\/span><\/li>\n<\/ul>\n<p align=\"justify\"><strong>Um representante do NaPq\/Cenex<\/strong><\/p>\n<p align=\"justify\"><strong>Representantes do NaPq<\/strong><\/p>\n<ul>\n<li>Eliezer Raimundo<span style=\"font-weight: 400;\"> ou Fernanda Pe\u00e7anha Carvalho ou Daniel Marchetti Maroneze<\/span><\/li>\n<\/ul>\n<p align=\"justify\">\u00a0<strong>Representantes do Cenex<\/strong><\/p>\n<ul>\n<li>Eliano de Souza Martins Freitas ou Adson Eduardo Resende<\/li>\n<\/ul>\n<p><strong>Um gestor pedag\u00f3gico:<\/strong><\/p>\n<ul>\n<li><span style=\"font-weight: 400;\">Titular: Meiriane Cristina Faria Soares e Suplente: Josicelli Souza Crispim<\/span><\/li>\n<\/ul>\n<p align=\"justify\"><strong>Dois representantes dos T\u00e9cnicos Administrativos em Educa\u00e7\u00e3o:<\/strong><\/p>\n<ul>\n<li>Titular: Maria do Carmo de Oliveira Vargas<span style=\"font-weight: 400;\"> e Suplente: Luc\u00e9lia Scarabeli Silva Barroso<\/span><\/li>\n<li>Titular: Carla Juliana de Macedo Costa<span style=\"font-weight: 400;\"> e Suplente: J\u00falia Karine Ribeiro de Almeida<\/span><\/li>\n<\/ul>\n<p align=\"justify\"><strong>Representantes do Gr\u00eamio<\/strong><\/p>\n<ul>\n<li>Ana Clara Costa Silva e Daniel Caetano Soares de Oliveira<\/li>\n<\/ul>\n<\/div>\n<\/div>\n<\/div>\n","protected":false},"excerpt":{"rendered":"<p>Principal Atas da CADEC Atas do Conselho Diretor da EBAP Atribui\u00e7\u00f5es da CADEC Composi\u00e7\u00e3o da CADEC Orienta\u00e7\u00f5es da CADEC Composi\u00e7\u00e3o da CADEC RESOLU\u00c7\u00c3O N\u00ba 04\/2013, 8 DE ABRIL DE 2013. \u00a0Estabelece a composi\u00e7\u00e3o da c\u00e2mara\u00a0deliberativa do Col\u00e9gio T\u00e9cnico da Escola\u00a0de Educa\u00e7\u00e3o B\u00e1sica e Profissional da\u00a0UFMG.\u00a0O Conselho Diretor da Escola de Educa\u00e7\u00e3o B\u00e1sica e Profissional da\u00a0Universidade [&hellip;]<\/p>\n","protected":false},"author":1,"featured_media":0,"parent":20,"menu_order":0,"comment_status":"closed","ping_status":"closed","template":"","meta":{"footnotes":""},"publishpress_future_action":{"enabled":false,"date":"1969-12-31 21:00:00","action":"","terms":[],"taxonomy":"","browser_timezone_offset":0},"_links":{"self":[{"href":"https:\/\/www.coltec.ufmg.br\/coltec-ufmg\/index.php?rest_route=\/wp\/v2\/pages\/28"}],"collection":[{"href":"https:\/\/www.coltec.ufmg.br\/coltec-ufmg\/index.php?rest_route=\/wp\/v2\/pages"}],"about":[{"href":"https:\/\/www.coltec.ufmg.br\/coltec-ufmg\/index.php?rest_route=\/wp\/v2\/types\/page"}],"author":[{"embeddable":true,"href":"https:\/\/www.coltec.ufmg.br\/coltec-ufmg\/index.php?rest_route=\/wp\/v2\/users\/1"}],"replies":[{"embeddable":true,"href":"https:\/\/www.coltec.ufmg.br\/coltec-ufmg\/index.php?rest_route=%2Fwp%2Fv2%2Fcomments&post=28"}],"version-history":[{"count":22,"href":"https:\/\/www.coltec.ufmg.br\/coltec-ufmg\/index.php?rest_route=\/wp\/v2\/pages\/28\/revisions"}],"predecessor-version":[{"id":13509,"href":"https:\/\/www.coltec.ufmg.br\/coltec-ufmg\/index.php?rest_route=\/wp\/v2\/pages\/28\/revisions\/13509"}],"up":[{"embeddable":true,"href":"https:\/\/www.coltec.ufmg.br\/coltec-ufmg\/index.php?rest_route=\/wp\/v2\/pages\/20"}],"wp:attachment":[{"href":"https:\/\/www.coltec.ufmg.br\/coltec-ufmg\/index.php?rest_route=%2Fwp%2Fv2%2Fmedia&parent=28"}],"curies":[{"name":"wp","href":"https:\/\/api.w.org\/{rel}","templated":true}]}}