{"id":34,"date":"2017-07-11T14:09:03","date_gmt":"2017-07-11T17:09:03","guid":{"rendered":"http:\/\/150.164.129.71\/coltec\/?page_id=34"},"modified":"2025-04-30T16:38:24","modified_gmt":"2025-04-30T19:38:24","slug":"direcao","status":"publish","type":"page","link":"https:\/\/www.coltec.ufmg.br\/coltec-ufmg\/?page_id=34","title":{"rendered":"Diretoria"},"content":{"rendered":"<div class=\"container-fluid\" style=\"margin-top: 1%;\">\n<div class=\"row\">\n<div class=\"col-md-12\">\n<p><strong>Diretor: <em>Prof. Jos\u00e9 Eduardo Borges Moreira<\/em><\/strong><\/p>\n<p><strong>Vice-Diretor:<\/strong> <strong><em>Prof. Ant\u00f4nio Jos\u00e9 Lopes Alves<\/em><\/strong><\/p>\n<p><strong>Secret\u00e1ria da diretoria: Ana Paula Moreira Castro Ara\u00fajo<\/strong><\/p>\n<p><strong>E-mail: <\/strong> <em>diretoria@coltec.ufmg.br <\/em><br \/>\n<strong><br \/>\nTelefone: <\/strong> <em>(31) 3409-4962\u00a0<\/em><\/p>\n<p><strong>Endere\u00e7o:<\/strong> <em>Av. Ant\u00f4nio Carlos, 6.627 &#8211; Campus Pampulha &#8211; 31270-901 &#8211; Belo Horizonte &#8211; MG<\/em><\/p>\n<\/div>\n<\/div>\n<\/div>\n","protected":false},"excerpt":{"rendered":"<p>Diretor: Prof. Jos\u00e9 Eduardo Borges Moreira Vice-Diretor: Prof. Ant\u00f4nio Jos\u00e9 Lopes Alves Secret\u00e1ria da diretoria: Ana Paula Moreira Castro Ara\u00fajo E-mail: diretoria@coltec.ufmg.br Telefone: (31) 3409-4962\u00a0 Endere\u00e7o: Av. Ant\u00f4nio Carlos, 6.627 &#8211; Campus Pampulha &#8211; 31270-901 &#8211; Belo Horizonte &#8211; MG<\/p>\n","protected":false},"author":1,"featured_media":0,"parent":16,"menu_order":0,"comment_status":"closed","ping_status":"closed","template":"","meta":{"footnotes":""},"publishpress_future_action":{"enabled":false,"date":"1969-12-31 21:00:00","action":"","terms":[],"taxonomy":"","browser_timezone_offset":0},"_links":{"self":[{"href":"https:\/\/www.coltec.ufmg.br\/coltec-ufmg\/index.php?rest_route=\/wp\/v2\/pages\/34"}],"collection":[{"href":"https:\/\/www.coltec.ufmg.br\/coltec-ufmg\/index.php?rest_route=\/wp\/v2\/pages"}],"about":[{"href":"https:\/\/www.coltec.ufmg.br\/coltec-ufmg\/index.php?rest_route=\/wp\/v2\/types\/page"}],"author":[{"embeddable":true,"href":"https:\/\/www.coltec.ufmg.br\/coltec-ufmg\/index.php?rest_route=\/wp\/v2\/users\/1"}],"replies":[{"embeddable":true,"href":"https:\/\/www.coltec.ufmg.br\/coltec-ufmg\/index.php?rest_route=%2Fwp%2Fv2%2Fcomments&post=34"}],"version-history":[{"count":22,"href":"https:\/\/www.coltec.ufmg.br\/coltec-ufmg\/index.php?rest_route=\/wp\/v2\/pages\/34\/revisions"}],"predecessor-version":[{"id":17217,"href":"https:\/\/www.coltec.ufmg.br\/coltec-ufmg\/index.php?rest_route=\/wp\/v2\/pages\/34\/revisions\/17217"}],"up":[{"embeddable":true,"href":"https:\/\/www.coltec.ufmg.br\/coltec-ufmg\/index.php?rest_route=\/wp\/v2\/pages\/16"}],"wp:attachment":[{"href":"https:\/\/www.coltec.ufmg.br\/coltec-ufmg\/index.php?rest_route=%2Fwp%2Fv2%2Fmedia&parent=34"}],"curies":[{"name":"wp","href":"https:\/\/api.w.org\/{rel}","templated":true}]}}