{"id":36,"date":"2017-07-11T14:10:01","date_gmt":"2017-07-11T17:10:01","guid":{"rendered":"http:\/\/150.164.129.71\/coltec\/?page_id=36"},"modified":"2024-05-29T11:49:02","modified_gmt":"2024-05-29T14:49:02","slug":"compras","status":"publish","type":"page","link":"https:\/\/www.coltec.ufmg.br\/coltec-ufmg\/?page_id=36","title":{"rendered":"Setor de Compras"},"content":{"rendered":"<div class=\"container-fluid\">\n<div style=\"margin-top: 1%;\">\n<nav class=\"scrollspy col-sm-3 col-xs-12\">\n<ul class=\"nav nav-pills nav-stacked\">\n<li class=\"active disabled\"><span style=\"background-color: #99ccff;\"><strong><span style=\"color: #000000;\">PRINCIPAL&nbsp;<\/span><\/strong><\/span><\/li>\n<\/ul>\n<ul class=\"nav nav-pills nav-stacked\">\n<li><strong><span style=\"color: #0000ff;\">ORIENTA\u00c7\u00d5ES<\/span><\/strong>\n<ul class=\"nav nav-pills nav-stacked\">\n<li><strong>&gt; PGC<\/strong>\n<ul class=\"nav nav-pills nav-stacked\">\n<li><a href=\"https:\/\/drive.google.com\/file\/d\/1JO7SsiKflB-FzSaBlVUaLGdDy0jIjX8L\/view?usp=sharing\" target=\"_blank\" rel=\"noopener\">Solicita\u00e7\u00e3o de Senha<\/a><\/li>\n<li><a href=\"https:\/\/drive.google.com\/file\/d\/1s2s_3svOdsHFLyrSRCuzhN7GXBHK0cfE\/view?usp=sharing\" target=\"_blank\" rel=\"noopener\">Alterar Senha<\/a><\/li>\n<li><a href=\"https:\/\/drive.google.com\/file\/d\/1Q6HtOVL9Jb1BGCgOO-umrQZ_fhTLreaQ\/view?usp=sharing\" target=\"_blank\" rel=\"noopener\">Senha Expirada<\/a><\/li>\n<li><a href=\"https:\/\/drive.google.com\/file\/d\/1tbEbqAeA1gRH-uLeIaAMmBu6boXE6vCc\/view?usp=sharing\" target=\"_blank\" rel=\"noopener\">Senha Bloqueada ou Revogada<\/a><\/li>\n<li><a href=\"https:\/\/drive.google.com\/file\/d\/1G1oE_SGEv4Hr3xYXIRf5hH4RWfE-MKCX\/view?usp=sharing\" target=\"_blank\" rel=\"noopener\">Acessar o PGC<\/a><\/li>\n<li><a href=\"https:\/\/drive.google.com\/file\/d\/1_5ChBiotAfCb18WMvvvdh27qJcuaG6py\/view?usp=sharing\" target=\"_blank\" rel=\"noopener\">Inserir Demanda<\/a><\/li>\n<li><a href=\"https:\/\/drive.google.com\/file\/d\/13kP27pWYtKRxk1q2GTd9gqi4J4uTBz0o\/view?usp=sharing\" target=\"_blank\" rel=\"noopener\">Corre\u00e7\u00e3o de Inconsist\u00eancia<\/a><\/li>\n<\/ul>\n<\/li>\n<\/ul>\n<\/li>\n<\/ul>\n<ul style=\"list-style-type: circle;\">\n<li style=\"list-style-type: none;\">\n<ul class=\"nav nav-pills nav-stacked\">\n<li><strong>&gt; Inserir Pedido no SEI<\/strong><\/li>\n<li><a href=\"https:\/\/www.coltec.ufmg.br\/coltec-ufmg\/wp-content\/uploads\/2023\/05\/Lancamento-de-pedido-SEI-PMS.docx-1.pdf\" target=\"_blank\" rel=\"noopener\">Passo a Passo &#8211; Lan\u00e7amento de Pedido no SEI<\/a><\/li>\n<li><a href=\"https:\/\/drive.google.com\/file\/d\/1TJ7EOZU33iXlFeDCY7WENWF35MNfItg8\/view?usp=sharing\" target=\"_blank\" rel=\"noopener\">Documentos Necess\u00e1rios para Inclus\u00e3o de Pedido<\/a><\/li>\n<\/ul>\n<ul class=\"nav nav-pills nav-stacked\">\n<li>&gt;&nbsp;<strong>POP&#8217;s&nbsp;<\/strong><\/li>\n<li><a href=\"https:\/\/www.coltec.ufmg.br\/coltec-ufmg\/wp-content\/uploads\/2023\/05\/POP-Pesquica-de-Precos.docx.pdf\" target=\"_blank\" rel=\"noopener\">Passo a Passo &#8211; Pesquisa de Pre\u00e7os<\/a><\/li>\n<li><a href=\"https:\/\/www.coltec.ufmg.br\/coltec-ufmg\/wp-content\/uploads\/2023\/05\/POP-consulta-CATMAT_CATSER.docx.pdf\" target=\"_blank\" rel=\"noopener\">Passo a Passo &#8211; Consulta CATMAT\/CATSER<\/a><\/li>\n<li><a href=\"https:\/\/www.coltec.ufmg.br\/coltec-ufmg\/wp-content\/uploads\/2023\/05\/Compras-DE.docx.pdf\" target=\"_blank\" rel=\"noopener\">Passo a Passo &#8211; Compra por Dispensa Eletr\u00f4nica<\/a><\/li>\n<li><a href=\"https:\/\/www.coltec.ufmg.br\/coltec-ufmg\/wp-content\/uploads\/2023\/05\/Acesso-a-Pesquisa-de-Preco.TR_.ETP_.docx.pdf\" target=\"_blank\" rel=\"noopener\">Passo a Passo &#8211; Acesso \u00e0 ETP, TR e Pesquisa de Pre\u00e7os<\/a><\/li>\n<\/ul>\n<\/li>\n<\/ul>\n<\/nav>\n<\/div>\n<div style=\"margin-top: 1%;\">\n<nav class=\"scrollspy col-sm-3 col-xs-12\">\n<ul style=\"list-style-type: circle;\">\n<li style=\"list-style-type: none;\">\n<ul class=\"nav nav-pills nav-stacked\">\n<li><strong>&gt; Modelos de Documentos<\/strong><\/li>\n<li><a href=\"https:\/\/drive.google.com\/file\/d\/1hTBXc4PDb-9BE5Fbb0gk5Zzr0tbcrMR_\/view?usp=sharing\" target=\"_blank\" rel=\"noopener\">Declara\u00e7\u00e3o de IN<\/a><\/li>\n<li><a href=\"https:\/\/drive.google.com\/file\/d\/1e8JeWu6pienmGLOZg6MQeZfcBZYvOFX5\/view?usp=sharing\" target=\"_blank\" rel=\"noopener\">Justificativa &#8211; Menos de 3 or\u00e7amentos<\/a><\/li>\n<li><a href=\"https:\/\/drive.google.com\/file\/d\/1bkqIXQDHYj7jPNCfl66SzZKg7ysempN5\/view?usp=sharing\" target=\"_blank\" rel=\"noopener\">Justificativa &#8211; Aumento de Quantitativo<\/a><\/li>\n<li><a href=\"https:\/\/drive.google.com\/file\/d\/1yCwTBv2QRWFPGaZE2Pu14LMw6x6g2KwO\/view?usp=sharing\" target=\"_blank\" rel=\"noopener\">Justificativa &#8211; Exig\u00eancia de Visita T\u00e9cnica<\/a><\/li>\n<li><a href=\"https:\/\/drive.google.com\/file\/d\/1UCga-ZhqYzDB10xSsgCpU6uPOfnR1dJB\/view?usp=sharing\" target=\"_blank\" rel=\"noopener\">Planilha Comparativa de Pre\u00e7o<\/a><\/li>\n<li><a href=\"https:\/\/drive.google.com\/file\/d\/1NnqhWZHBv6YNDX_VkKqlSRwBU0P6bJVm\/view?usp=sharing\" target=\"_blank\" rel=\"noopener\">Preenchimento do Pedido<\/a><\/li>\n<li><a href=\"https:\/\/drive.google.com\/file\/d\/1udj34vOBCgNpOH9lFRhuhXCVY3weweKw\/view?usp=sharing\" target=\"_blank\" rel=\"noopener\">Termo de Refer\u00eancia Dispensa Eletr\u00f4nica &#8211; Servi\u00e7o<\/a><\/li>\n<li><a href=\"https:\/\/drive.google.com\/file\/d\/1TD_sDYyPx3p9rK_mzKe6hlm8jsNeuFCt\/view?usp=sharing\" target=\"_blank\" rel=\"noopener\">Termo de Refer\u00eancia Dispensa Eletr\u00f4nica &#8211; Materiais<\/a><\/li>\n<\/ul>\n<\/li>\n<\/ul>\n<ul class=\"nav nav-pills nav-stacked\">\n<li><strong><span style=\"color: #0000ff;\">FORNECEDORES<\/span><\/strong>\n<ul class=\"nav nav-pills nav-stacked\">\n<li><a href=\"https:\/\/forms.gle\/wGHSLFJGpMejxavw6\" target=\"_blank\" rel=\"noopener\">Formul\u00e1rio Fornecedores<\/a><\/li>\n<li><a href=\"https:\/\/docs.google.com\/spreadsheets\/d\/1DRyXZ-fQDy3YdiqhHXUTuhwcMMk0rdVGXrpvmIRmqUQ\/edit#gid=582888014\" target=\"_blank\" rel=\"noopener\">Banco de Fornecedores &#8211; Coltec<\/a><\/li>\n<li><a href=\"https:\/\/drive.google.com\/drive\/folders\/14nyvu1WXM24EinuXK2w8N97Hu_qFeK7C?usp=sharing\" target=\"_blank\" rel=\"noopener\">Lista de Fornecedores &#8211; Catmat<\/a><\/li>\n<li><a href=\"https:\/\/docs.google.com\/document\/d\/1_zuNavwbUnX5-32kXgV58-RoE11aeaj2\/edit?usp=sharing&amp;ouid=114078825155203903394&amp;rtpof=true&amp;sd=true\" target=\"_blank\" rel=\"noopener\">Pedido de Or\u00e7amento<\/a><\/li>\n<li><a href=\"https:\/\/docs.google.com\/document\/d\/1D1-voHVc2p4xn9ssSqLtKBBgDIhjwXzD\/edit?usp=sharing&amp;ouid=114078825155203903394&amp;rtpof=true&amp;sd=true\" target=\"_blank\" rel=\"noopener\">Proposta de Fornecimento<\/a><\/li>\n<\/ul>\n<\/li>\n<li><strong><span style=\"color: #0000ff;\">LEGISLA\u00c7\u00c3O<\/span><\/strong>\n<ul class=\"nav nav-pills nav-stacked\">\n<li><a style=\"font-size: inherit;\" href=\"https:\/\/scompras.eng.ufmg.br\/wp-content\/uploads\/2021\/08\/INSTRUCAO-NORMATIVA-No-5-DE-26-DE-MAIO-DE-2017-Imprensa-Nacional.pdf\" target=\"_blank\" rel=\"noopener\">Contrata\u00e7\u00e3o de Servi\u00e7os &#8211; IN n\u00b0 05 de 26 de maio de 2017<\/a><\/li>\n<li><a href=\"https:\/\/www.in.gov.br\/en\/web\/dou\/-\/instrucao-normativa-n-31-de-23-de-marco-de-2021-310081084\" target=\"_blank\" rel=\"noopener\">Contrata\u00e7\u00e3o de solu\u00e7\u00f5es de TIC &#8211; IN n\u00b0 31 de 23 de Mar\u00e7o de 2021<\/a><\/li>\n<li><a style=\"font-size: inherit;\" href=\"http:\/\/www.planalto.gov.br\/ccivil_03\/_ato2019-2022\/2021\/lei\/L14133.htm\" target=\"_blank\" rel=\"noopener\">Licita\u00e7\u00f5es e Contratos Administrativos &#8211; Lei 14.133 de 1 de Abril de 2021<\/a><\/li>\n<li><a style=\"font-size: inherit;\" href=\"http:\/\/www.planalto.gov.br\/ccivil_03\/_ato2019-2022\/2019\/decreto\/D10024.htm\" target=\"_blank\" rel=\"noopener\">Licita\u00e7\u00e3o ( Preg\u00e3o) &#8211; Decreto 10.024 de 20 de Setembro de 2019<\/a><\/li>\n<li><a style=\"font-size: inherit;\" href=\"https:\/\/www.in.gov.br\/en\/web\/dou\/-\/instrucao-normativa-seges-\/me-n-65-de-7-de-julho-de-2021-330673635\" target=\"_blank\" rel=\"noopener\">Pesquisa de Pre\u00e7o &#8211; Instru\u00e7\u00e3o Normativa n\u00b065 de 7 de julho de 2021<\/a><\/li>\n<li><a style=\"font-size: inherit;\" href=\"https:\/\/in.gov.br\/en\/web\/dou\/-\/decreto-n-10.947-de-25-de-janeiro-de-2022-376059032\" target=\"_blank\" rel=\"noopener\">PGC &#8211; Decreto n\u00ba 10.947 de 25 de janeiro de 2022<\/a><\/li>\n<li><a href=\"https:\/\/www.gov.br\/compras\/pt-br\/acesso-a-informacao\/legislacao\/instrucoes-normativas\/instrucao-normativa-no-40-de-22-de-maio-de-2020\" target=\"_blank\" rel=\"noopener\">Elabora\u00e7\u00e3o dos Estudos T\u00e9cnicos Preliminares- ETP IN n\u00b040 de maio de 2020<\/a><\/li>\n<li><a href=\"https:\/\/www.in.gov.br\/en\/web\/dou\/-\/instrucao-normativa-seges\/me-n-67-de-8-de-julho-de-2021-330985107\" target=\"_blank\" rel=\"noopener\">Institui o Sistema de Dispensa Eletr\u00f4nica &#8211; IN n\u00b0 67 de 8 de julho de 2021<\/a><\/li>\n<li><a href=\"https:\/\/www.fnde.gov.br\/index.php\/acesso-a-informacao\/institucional\/legislacao\/item\/13511-resolu%C3%A7%C3%A3o-n%C2%BA-6,-de-08-de-maio-de-2020\" target=\"_blank\" rel=\"noopener\">Resolu\u00e7\u00e3o 06 de 08 de maio de 2020 PNAE<\/a><\/li>\n<\/ul>\n<\/li>\n<li><span style=\"color: #0000ff;\"><strong>EDITAIS<\/strong><\/span>\n<ul class=\"nav nav-pills nav-stacked\">\n<li><a href=\"http:\/\/www.coltec.ufmg.br\/coltec-ufmg\/?page_id=2616\" rel=\"noopener\"> Chamadas P\u00fablicas<\/a><\/li>\n<li><a href=\"\/coltec-ufmg\/?page_id=1348\"> Cota\u00e7\u00f5es Eletr\u00f4nicas<\/a><\/li>\n<li><a href=\"https:\/\/www.coltec.ufmg.br\/coltec-ufmg\/?page_id=8356\" target=\"_blank\" rel=\"noopener\"> Dispensa Licita\u00e7\u00e3o &#8211; Forma Eletr\u00f4nica<\/a><\/li>\n<li><a href=\"\/coltec-ufmg\/?page_id=1342\">Preg\u00e3o SRP (Sistema de Registro de Pre\u00e7os)<\/a><\/li>\n<\/ul>\n<\/li>\n<\/ul>\n<ul>\n<li style=\"list-style-type: none;\">&nbsp;<\/li>\n<\/ul>\n<\/nav>\n<\/div>\n<div class=\"col-sm-9 col-xs-12\">\n<h2>&nbsp;<\/h2>\n<h3>Se\u00e7\u00e3o de Compras<\/h3>\n<p>HOR\u00c1RIO DE ATENDIMENTO: 8h &#8211; 12h \/ 13h \u2013 17h<\/p>\n<p>CONTATOS DA SE\u00c7\u00c3O ADMINISTRATIVA<\/p>\n<p>Telefone: (31) 3409 7516<\/p>\n<p>Whatsapp: (31) 9 8689 2055<\/p>\n<p>e-mail: <a href=\"mailto:scompras@coltec.ufmg.br\">scompras@coltec.ufmg.br<\/a><\/p>\n<p><strong>EQUIPE:<\/strong><\/p>\n<ul>\n<li>Andr\u00e9a Pereira Ramos Medeiros<\/li>\n<li>Marina Rosa Cotta Viana Le\u00e3o<\/li>\n<\/ul>\n<h2><span style=\"color: #333399;\">&nbsp;<\/span><\/h2>\n<\/div>\n<\/div>\n\n","protected":false},"excerpt":{"rendered":"<p>PRINCIPAL&nbsp; ORIENTA\u00c7\u00d5ES &gt; PGC Solicita\u00e7\u00e3o de Senha Alterar Senha Senha Expirada Senha Bloqueada ou Revogada Acessar o PGC Inserir Demanda Corre\u00e7\u00e3o de Inconsist\u00eancia &gt; Inserir Pedido no SEI Passo a Passo &#8211; Lan\u00e7amento de Pedido no SEI Documentos Necess\u00e1rios para Inclus\u00e3o de Pedido &gt;&nbsp;POP&#8217;s&nbsp; Passo a Passo &#8211; Pesquisa de Pre\u00e7os Passo a Passo &#8211; [&hellip;]<\/p>\n","protected":false},"author":1,"featured_media":0,"parent":16,"menu_order":0,"comment_status":"closed","ping_status":"closed","template":"","meta":{"footnotes":""},"publishpress_future_action":{"enabled":false,"date":"1969-12-31 21:00:00","action":"","terms":[],"taxonomy":"","browser_timezone_offset":0},"_links":{"self":[{"href":"https:\/\/www.coltec.ufmg.br\/coltec-ufmg\/index.php?rest_route=\/wp\/v2\/pages\/36"}],"collection":[{"href":"https:\/\/www.coltec.ufmg.br\/coltec-ufmg\/index.php?rest_route=\/wp\/v2\/pages"}],"about":[{"href":"https:\/\/www.coltec.ufmg.br\/coltec-ufmg\/index.php?rest_route=\/wp\/v2\/types\/page"}],"author":[{"embeddable":true,"href":"https:\/\/www.coltec.ufmg.br\/coltec-ufmg\/index.php?rest_route=\/wp\/v2\/users\/1"}],"replies":[{"embeddable":true,"href":"https:\/\/www.coltec.ufmg.br\/coltec-ufmg\/index.php?rest_route=%2Fwp%2Fv2%2Fcomments&post=36"}],"version-history":[{"count":127,"href":"https:\/\/www.coltec.ufmg.br\/coltec-ufmg\/index.php?rest_route=\/wp\/v2\/pages\/36\/revisions"}],"predecessor-version":[{"id":11724,"href":"https:\/\/www.coltec.ufmg.br\/coltec-ufmg\/index.php?rest_route=\/wp\/v2\/pages\/36\/revisions\/11724"}],"up":[{"embeddable":true,"href":"https:\/\/www.coltec.ufmg.br\/coltec-ufmg\/index.php?rest_route=\/wp\/v2\/pages\/16"}],"wp:attachment":[{"href":"https:\/\/www.coltec.ufmg.br\/coltec-ufmg\/index.php?rest_route=%2Fwp%2Fv2%2Fmedia&parent=36"}],"curies":[{"name":"wp","href":"https:\/\/api.w.org\/{rel}","templated":true}]}}