{"id":38,"date":"2017-07-11T14:10:33","date_gmt":"2017-07-11T17:10:33","guid":{"rendered":"http:\/\/150.164.129.71\/coltec\/?page_id=38"},"modified":"2023-12-14T11:44:10","modified_gmt":"2023-12-14T14:44:10","slug":"secao-de-estagio-coltec","status":"publish","type":"page","link":"https:\/\/www.coltec.ufmg.br\/coltec-ufmg\/?page_id=38","title":{"rendered":"Se\u00e7\u00e3o de Ensino e Est\u00e1gio"},"content":{"rendered":"<div class=\"container-fluid\">\n<div style=\"margin-top: 1%;\"><nav class=\"scrollspy col-sm-3 col-xs-12\">\n<ul class=\"nav nav-pills nav-stacked\">\n<li class=\"active disabled\"><a href=\"#\">Principal<\/a><\/li>\n<li><a href=\"\/coltec-ufmg\/?page_id=41\">Curriculum<\/a><\/li>\n<li><a href=\"http:\/\/www.coltec.ufmg.br\/coltec-ufmg\/?page_id=6868\">Orienta\u00e7\u00f5es para Est\u00e1gio e Equipara\u00e7\u00e3o do Est\u00e1gio<\/a><\/li>\n<li><a href=\"\/coltec-ufmg\/?page_id=45\">Resolu\u00e7\u00e3o CNE<\/a><\/li>\n<\/ul>\n<\/nav>\n<div>\u00a0<\/div>\n<div>\n<h3 style=\"text-align: center;\">Se\u00e7\u00e3o de Ensino \/ Est\u00e1gio<\/h3>\n<p style=\"text-align: center;\"><strong>Hor\u00e1rios de Atendimento ao p\u00fablico da Se\u00e7\u00e3o Ensino e Se\u00e7\u00e3o de Est\u00e1gios:<\/strong><\/p>\n<p style=\"text-align: center;\">8:30h \u00e0s 12h e 13h \u00e0s 16h30h;<br \/><br \/><\/p>\n<h3 style=\"text-align: left;\"><b>No dia 15\/12\/2023, a Se\u00e7\u00e3o de Ensino \u2013 Est\u00e1gios encerrar\u00e1 suas atividades \u00e0s 12h.<\/b><br \/><b>Motivo: Confraterniza\u00e7\u00e3o de fim-de-ano.<\/b><\/h3>\n<\/div>\n<div>\u00a0<\/div>\n<\/div>\n<\/div>\n<div class=\"container-fluid\">\n<div style=\"margin-top: 1%;\">\n<div>\n<p><strong>FORMAS DE CONTATOS:<\/strong><\/p>\n<p><strong>\u00c1REA DE ENSINO<\/strong><\/p>\n<\/div>\n<div><strong>Telefone:<\/strong> (31) 3409-4966<\/div>\n<div>\u00a0<\/div>\n<div><strong>e-mail:<\/strong> <em><span style=\"color: #ff00ff;\">sensino@coltec.ufmg.br<\/span><\/em><\/div>\n<div>\u00a0<\/div>\n<p><strong>\u00c1REA DE EST\u00c1GIO<\/strong><\/p>\n<div><strong>Telefone Fixo:<\/strong> (31) 3409-4970\u00a0 \u00a0 \u00a0 \u00a0 \u00a0 <strong>Celular:<\/strong> (31) 98391-5632<\/div>\n<div>\u00a0<\/div>\n<div><strong>e-mail:<\/strong> <span style=\"text-decoration: underline;\"><span style=\"color: #ff00ff; text-decoration: underline;\"><em>estagio@coltec.ufmg.br<\/em> <\/span><\/span><strong><span style=\"color: #000000;\">ou\u00a0<\/span><\/strong><em><span style=\"text-decoration: underline;\"><span style=\"color: #ff00ff; text-decoration: underline;\">estagio@teiacoltec.org<\/span><\/span><\/em><\/div>\n<p><strong style=\"font-size: inherit;\">COLABORADORES:<\/strong><\/p>\n<div>\n<p>Alexandre Seabra \u2013 <span style=\"color: #ff00ff;\"><em>asl@ufmg.br<\/em><br \/><\/span>Cl\u00e1udia Cristina Gon\u00e7alves Souza e Silva \u2013 <span style=\"color: #ff00ff;\"><em>claudiagoncalves@ufmg.br<\/em><br \/><\/span>Maur\u00edcio de S\u00e1 Amorim \u2013 <em><span style=\"color: #ff00ff;\">malucas@ufmg.br<\/span><\/em><\/p>\n<\/div>\n<div>\n<p><strong>Para assuntos referentes \u00e0 documenta\u00e7\u00e3o escolar<\/strong><\/p>\n<p>CONTATOS DA SE\u00c7\u00c3O ADMINISTRATIVA<\/p>\n<p><strong>Telefone:<\/strong> (31) 3409-4966 &#8211; <strong>e-mail: <em><a href=\"mailto:sensino@coltec.ufmg.br\">sensino@coltec.ufmg.br<\/a><\/em><\/strong><\/p>\n<p><strong>DESCRI\u00c7\u00c3O DAS PRINCIPAIS ATIVIDADES:<\/strong><\/p>\n<p>\u2022 Matr\u00edcula e registro acad\u00eamico dos alunos regulares nos diversos n\u00edveis ofertados;<\/p>\n<p>\u2022 Atendimento ao p\u00fablico (discente, docente e externos);<\/p>\n<p>\u2022 Alimenta\u00e7\u00e3o e controle dos Sistemas Acad\u00eamicos utilizados no COLTEC;<\/p>\n<p>\u2022 Alimenta\u00e7\u00e3o de Sistemas do Governo Federal relacionados \u00e0 Educa\u00e7\u00e3o;<\/p>\n<p>\u2022 Expedi\u00e7\u00e3o de documentos diversos como diplomas, hist\u00f3ricos escolares, declara\u00e7\u00f5es, guias de transfer\u00eancias etc.;<\/p>\n<p>\u2022 Gerenciamento e guarda de documentos relativos ao percurso escolar dos alunos;<\/p>\n<p>\u2022 Registro de conv\u00eanios de est\u00e1gio, contratos e todos os documentos relativos aos est\u00e1gios obrigat\u00f3rios e n\u00e3o obrigat\u00f3rios;<\/p>\n<p>\u2022 Registro e controle dos processos de bolsas acad\u00eamicas;<\/p>\n<p>\u2022 Guarda e gerenciamento de documentos do PRONATEC referentes ao per\u00edodo em que foi ofertado no col\u00e9gio;<\/p>\n<p>\u2022 Guarda e gerenciamento de documentos do Programa PEMJA referentes ao per\u00edodo em que foi ofertado no col\u00e9gio.<\/p>\n<\/div>\n<\/div>\n<\/div>\n<div class=\"container-fluid\">\n<div style=\"margin-top: 1%;\">\n<div class=\"col-sm-9 col-xs-12\">\u00a0<\/div>\n<\/div>\n<\/div>\n\n","protected":false},"excerpt":{"rendered":"<p>Principal Curriculum Orienta\u00e7\u00f5es para Est\u00e1gio e Equipara\u00e7\u00e3o do Est\u00e1gio Resolu\u00e7\u00e3o CNE \u00a0 Se\u00e7\u00e3o de Ensino \/ Est\u00e1gio Hor\u00e1rios de Atendimento ao p\u00fablico da Se\u00e7\u00e3o Ensino e Se\u00e7\u00e3o de Est\u00e1gios: 8:30h \u00e0s 12h e 13h \u00e0s 16h30h; No dia 15\/12\/2023, a Se\u00e7\u00e3o de Ensino \u2013 Est\u00e1gios encerrar\u00e1 suas atividades \u00e0s 12h.Motivo: Confraterniza\u00e7\u00e3o de fim-de-ano. \u00a0 FORMAS [&hellip;]<\/p>\n","protected":false},"author":1,"featured_media":0,"parent":79,"menu_order":0,"comment_status":"closed","ping_status":"closed","template":"","meta":{"footnotes":""},"publishpress_future_action":{"enabled":false,"date":"1969-12-31 21:00:00","action":"","terms":[],"taxonomy":"","browser_timezone_offset":0},"_links":{"self":[{"href":"https:\/\/www.coltec.ufmg.br\/coltec-ufmg\/index.php?rest_route=\/wp\/v2\/pages\/38"}],"collection":[{"href":"https:\/\/www.coltec.ufmg.br\/coltec-ufmg\/index.php?rest_route=\/wp\/v2\/pages"}],"about":[{"href":"https:\/\/www.coltec.ufmg.br\/coltec-ufmg\/index.php?rest_route=\/wp\/v2\/types\/page"}],"author":[{"embeddable":true,"href":"https:\/\/www.coltec.ufmg.br\/coltec-ufmg\/index.php?rest_route=\/wp\/v2\/users\/1"}],"replies":[{"embeddable":true,"href":"https:\/\/www.coltec.ufmg.br\/coltec-ufmg\/index.php?rest_route=%2Fwp%2Fv2%2Fcomments&post=38"}],"version-history":[{"count":81,"href":"https:\/\/www.coltec.ufmg.br\/coltec-ufmg\/index.php?rest_route=\/wp\/v2\/pages\/38\/revisions"}],"predecessor-version":[{"id":12618,"href":"https:\/\/www.coltec.ufmg.br\/coltec-ufmg\/index.php?rest_route=\/wp\/v2\/pages\/38\/revisions\/12618"}],"up":[{"embeddable":true,"href":"https:\/\/www.coltec.ufmg.br\/coltec-ufmg\/index.php?rest_route=\/wp\/v2\/pages\/79"}],"wp:attachment":[{"href":"https:\/\/www.coltec.ufmg.br\/coltec-ufmg\/index.php?rest_route=%2Fwp%2Fv2%2Fmedia&parent=38"}],"curies":[{"name":"wp","href":"https:\/\/api.w.org\/{rel}","templated":true}]}}