{"id":45,"date":"2017-07-11T14:12:26","date_gmt":"2017-07-11T17:12:26","guid":{"rendered":"http:\/\/150.164.129.71\/coltec\/?page_id=45"},"modified":"2018-11-29T16:16:30","modified_gmt":"2018-11-29T18:16:30","slug":"estagio-resolucao-cne","status":"publish","type":"page","link":"https:\/\/www.coltec.ufmg.br\/coltec-ufmg\/?page_id=45","title":{"rendered":"Est\u00e1gio &#8211; Resolu\u00e7\u00e3o CNE (Conselho Nacional da Educa\u00e7\u00e3o)"},"content":{"rendered":"<div class=\"container-fluid\">\n<div style=\"margin-top: 1%;\">\n<nav class=\"scrollspy col-sm-3 col-xs-12\">\n<ul class=\"nav nav-pills nav-stacked\">\n<li><a href=\"\/coltec-ufmg\/?page_id=38\">Principal<\/a><\/li>\n<li><a href=\"\/coltec-ufmg\/?page_id=41\">Curriculum<\/a><\/li>\n<li><a href=\"\/coltec-ufmg\/?page_id=43\">Orienta\u00e7\u00f5es<\/a><\/li>\n<li class=\"active disabled\"><a href=\"\/coltec\/portais\/secao-de-estagio-coltec\/estagio-resolucao-cne\/\">Resolu\u00e7\u00e3o CNE<\/a><\/li>\n<li><a><span title=\"Em breve\" data-toggle=\"tooltip\" data-placement=\"top\">Vagas de est\u00e1gio<\/span><\/a><\/li>\n<\/ul>\n<\/nav>\n<div class=\"col-sm-9 col-xs-12\">\n<h4>Resolu\u00e7\u00e3o do CNE sobre o est\u00e1gio<\/h4>\n<p>O Conselho Nacional de Educa\u00e7\u00e3o, atrav\u00e9s da C\u00e2mara B\u00e1sica de Com\u00e9rcio, publicou resolu\u00e7\u00e3o sobre os est\u00e1gios em janeiro de 2004.<\/p>\n<p>\u00c9 importante que os professores conhe\u00e7am este documento e que os alunos fiquem atentos, uma vez que teremos de implementar tal regra.<br \/>\nClique <a href=\"http:\/\/www.coltec.ufmg.br\/coltec-ufmg\/wp-content\/uploads\/2017\/07\/CEB01-04.pdf\" target=\"_blank\" rel=\"noopener\">Aqui<\/a> para ler a Resolu\u00e7\u00e3o.<\/p>\n<p>Nova Lei do Est\u00e1gio, leia e descubra seus direitos!<\/p>\n<\/div>\n<\/div>\n<\/div>\n","protected":false},"excerpt":{"rendered":"<p>Principal Curriculum Orienta\u00e7\u00f5es Resolu\u00e7\u00e3o CNE Vagas de est\u00e1gio Resolu\u00e7\u00e3o do CNE sobre o est\u00e1gio O Conselho Nacional de Educa\u00e7\u00e3o, atrav\u00e9s da C\u00e2mara B\u00e1sica de Com\u00e9rcio, publicou resolu\u00e7\u00e3o sobre os est\u00e1gios em janeiro de 2004. \u00c9 importante que os professores conhe\u00e7am este documento e que os alunos fiquem atentos, uma vez que teremos de implementar tal [&hellip;]<\/p>\n","protected":false},"author":1,"featured_media":0,"parent":38,"menu_order":0,"comment_status":"closed","ping_status":"closed","template":"","meta":{"footnotes":""},"publishpress_future_action":{"enabled":false,"date":"1969-12-31 21:00:00","action":"","terms":[],"taxonomy":"","browser_timezone_offset":0},"_links":{"self":[{"href":"https:\/\/www.coltec.ufmg.br\/coltec-ufmg\/index.php?rest_route=\/wp\/v2\/pages\/45"}],"collection":[{"href":"https:\/\/www.coltec.ufmg.br\/coltec-ufmg\/index.php?rest_route=\/wp\/v2\/pages"}],"about":[{"href":"https:\/\/www.coltec.ufmg.br\/coltec-ufmg\/index.php?rest_route=\/wp\/v2\/types\/page"}],"author":[{"embeddable":true,"href":"https:\/\/www.coltec.ufmg.br\/coltec-ufmg\/index.php?rest_route=\/wp\/v2\/users\/1"}],"replies":[{"embeddable":true,"href":"https:\/\/www.coltec.ufmg.br\/coltec-ufmg\/index.php?rest_route=%2Fwp%2Fv2%2Fcomments&post=45"}],"version-history":[{"count":13,"href":"https:\/\/www.coltec.ufmg.br\/coltec-ufmg\/index.php?rest_route=\/wp\/v2\/pages\/45\/revisions"}],"predecessor-version":[{"id":3315,"href":"https:\/\/www.coltec.ufmg.br\/coltec-ufmg\/index.php?rest_route=\/wp\/v2\/pages\/45\/revisions\/3315"}],"up":[{"embeddable":true,"href":"https:\/\/www.coltec.ufmg.br\/coltec-ufmg\/index.php?rest_route=\/wp\/v2\/pages\/38"}],"wp:attachment":[{"href":"https:\/\/www.coltec.ufmg.br\/coltec-ufmg\/index.php?rest_route=%2Fwp%2Fv2%2Fmedia&parent=45"}],"curies":[{"name":"wp","href":"https:\/\/api.w.org\/{rel}","templated":true}]}}