{"id":47,"date":"2017-07-11T14:12:58","date_gmt":"2017-07-11T17:12:58","guid":{"rendered":"http:\/\/150.164.129.71\/coltec\/?page_id=47"},"modified":"2018-06-29T14:49:53","modified_gmt":"2018-06-29T17:49:53","slug":"projetos","status":"publish","type":"page","link":"https:\/\/www.coltec.ufmg.br\/coltec-ufmg\/?page_id=47","title":{"rendered":"Projetos"},"content":{"rendered":"<div class=\"container-fluid\">\n<div style=\"margin-top: 1%;\">\n<nav class=\"scrollspy col-sm-3 col-xs-12\">\n<ul class=\"nav nav-pills nav-stacked\">\n<li class=\"active disabled\"><a href=\"#\">Projetos<\/a><\/li>\n<li><a href=\"\/coltec-ufmg\/?page_id=1487\">Ensino<\/a><\/li>\n<li><a href=\"\/coltec-ufmg\/?page_id=49\">Extens\u00e3o<\/a><\/li>\n<li><a href=\"\/coltec-ufmg\/?page_id=1008\">Pesquisa<\/a><\/li>\n<\/ul>\n<\/nav>\n<div class=\"col-sm-9 col-xs-12\">\n<h4>Os projetos do COLTEC s\u00e3o formados pelo trip\u00e9 base presente em toda a UFMG: o <strong>Ensino<\/strong>, a <strong>Extens\u00e3o<\/strong> e a <strong>Pesquisa<\/strong>. Cada qual com sua proposta de agregar experi\u00eancia e valor ao aprendizado dos alunos e \u00e0 vida profissional dos participantes.<\/h4>\n<\/div>\n<\/div>\n<\/div>\n","protected":false},"excerpt":{"rendered":"<p>Projetos Ensino Extens\u00e3o Pesquisa Os projetos do COLTEC s\u00e3o formados pelo trip\u00e9 base presente em toda a UFMG: o Ensino, a Extens\u00e3o e a Pesquisa. Cada qual com sua proposta de agregar experi\u00eancia e valor ao aprendizado dos alunos e \u00e0 vida profissional dos participantes.<\/p>\n","protected":false},"author":1,"featured_media":0,"parent":0,"menu_order":0,"comment_status":"closed","ping_status":"closed","template":"","meta":{"footnotes":""},"publishpress_future_action":{"enabled":false,"date":"1969-12-31 21:00:00","action":"","terms":[],"taxonomy":"","browser_timezone_offset":0},"_links":{"self":[{"href":"https:\/\/www.coltec.ufmg.br\/coltec-ufmg\/index.php?rest_route=\/wp\/v2\/pages\/47"}],"collection":[{"href":"https:\/\/www.coltec.ufmg.br\/coltec-ufmg\/index.php?rest_route=\/wp\/v2\/pages"}],"about":[{"href":"https:\/\/www.coltec.ufmg.br\/coltec-ufmg\/index.php?rest_route=\/wp\/v2\/types\/page"}],"author":[{"embeddable":true,"href":"https:\/\/www.coltec.ufmg.br\/coltec-ufmg\/index.php?rest_route=\/wp\/v2\/users\/1"}],"replies":[{"embeddable":true,"href":"https:\/\/www.coltec.ufmg.br\/coltec-ufmg\/index.php?rest_route=%2Fwp%2Fv2%2Fcomments&post=47"}],"version-history":[{"count":22,"href":"https:\/\/www.coltec.ufmg.br\/coltec-ufmg\/index.php?rest_route=\/wp\/v2\/pages\/47\/revisions"}],"predecessor-version":[{"id":2155,"href":"https:\/\/www.coltec.ufmg.br\/coltec-ufmg\/index.php?rest_route=\/wp\/v2\/pages\/47\/revisions\/2155"}],"wp:attachment":[{"href":"https:\/\/www.coltec.ufmg.br\/coltec-ufmg\/index.php?rest_route=%2Fwp%2Fv2%2Fmedia&parent=47"}],"curies":[{"name":"wp","href":"https:\/\/api.w.org\/{rel}","templated":true}]}}