{"id":49,"date":"2017-07-11T14:13:18","date_gmt":"2017-07-11T17:13:18","guid":{"rendered":"http:\/\/150.164.129.71\/coltec\/?page_id=49"},"modified":"2025-12-16T11:17:19","modified_gmt":"2025-12-16T14:17:19","slug":"extensao","status":"publish","type":"page","link":"https:\/\/www.coltec.ufmg.br\/coltec-ufmg\/?page_id=49","title":{"rendered":"Extens\u00e3o"},"content":{"rendered":"<div class=\"container-fluid\">\n<div style=\"margin-top: 1%;\">\n<nav class=\"scrollspy col-sm-3 col-xs-12\">\n<ul class=\"nav nav-pills nav-stacked\">\n<li class=\"active disabled\"><a href=\"\/coltec\/administracao\/cadec\/\">Extens\u00e3o<\/a><\/li>\n<li>\n<p align=\"justify\"><span style=\"color: #000000;\"><a style=\"color: #000000;\" href=\"https:\/\/www.coltec.ufmg.br\/coltec-ufmg\/?p=14995\" target=\"_blank\" rel=\"noopener\"><span style=\"font-family: Times New Roman, serif;\"><span style=\"font-size: medium;\"><span style=\"font-family: Ebrima, serif;\"><b>Projeto de Extens\u00e3o L\u00cdNGUAS-CULTURAS: livros did\u00e1ticos e te\u00f3ricos<\/b><\/span><\/span><\/span><\/a><\/span><\/p>\n<\/li>\n<li><a href=\"https:\/\/www.coltec.ufmg.br\/coltec-ufmg\/?p=16215\" target=\"_blank\" rel=\"noopener\"><strong>Depoimentos<\/strong><\/a><\/li>\n<li><i id=\"angle\" class=\"fa fa-share-square\"><\/i><a href=\"http:\/\/www.coltec.ufmg.br\/coltec-ufmg\/?p=7468\" target=\"_blank\" rel=\"noopener\">Curso de Mandarim<\/a><\/li>\n<li><a href=\"http:\/\/www.coltec.ufmg.br\/coltec-ufmg\/?p=7824\" target=\"_blank\" rel=\"noopener\">Curso de Italiano<\/a><\/li>\n<li><a href=\"https:\/\/www.coltec.ufmg.br\/coltec-ufmg\/?p=14062\" target=\"_blank\" rel=\"noopener\">Curso de Franc\u00eas<\/a><\/li>\n<li><a href=\"https:\/\/cursoteca-coltec.org\/\" target=\"_blank\" rel=\"noopener\">Cursoteca COLTEC<\/a><\/li>\n<li><a href=\"https:\/\/www.coltec.ufmg.br\/coltec-ufmg\/?p=8547\" target=\"_blank\" rel=\"noopener\">Interc\u00e2mbio BRASIL-ARGENTINA<\/a><br \/>\n<a href=\"https:\/\/cursoteca-coltec.org\/\" target=\"_blank\" rel=\"noopener\"><img decoding=\"async\" loading=\"lazy\" class=\"alignleft wp-image-8106\" src=\"http:\/\/www.coltec.ufmg.br\/coltec-ufmg\/wp-content\/uploads\/2021\/08\/cursoteca-logo-cores-150x132.gif\" alt=\"\" width=\"100\" height=\"66\" \/><\/a><\/li>\n<\/ul>\n<\/nav>\n<\/div>\n<div class=\"col-sm-9 col-xs-12\">\n<h4>\u00c1rea de acesso para projetos de <strong>Extens\u00e3o<\/strong>.<\/h4>\n<\/div>\n<\/div>\n","protected":false},"excerpt":{"rendered":"<p>Extens\u00e3o Projeto de Extens\u00e3o L\u00cdNGUAS-CULTURAS: livros did\u00e1ticos e te\u00f3ricos Depoimentos Curso de Mandarim Curso de Italiano Curso de Franc\u00eas Cursoteca COLTEC Interc\u00e2mbio BRASIL-ARGENTINA \u00c1rea de acesso para projetos de Extens\u00e3o.<\/p>\n","protected":false},"author":1,"featured_media":0,"parent":47,"menu_order":0,"comment_status":"closed","ping_status":"closed","template":"","meta":{"footnotes":""},"publishpress_future_action":{"enabled":false,"date":"1969-12-31 21:00:00","action":"","terms":[],"taxonomy":"","browser_timezone_offset":0},"_links":{"self":[{"href":"https:\/\/www.coltec.ufmg.br\/coltec-ufmg\/index.php?rest_route=\/wp\/v2\/pages\/49"}],"collection":[{"href":"https:\/\/www.coltec.ufmg.br\/coltec-ufmg\/index.php?rest_route=\/wp\/v2\/pages"}],"about":[{"href":"https:\/\/www.coltec.ufmg.br\/coltec-ufmg\/index.php?rest_route=\/wp\/v2\/types\/page"}],"author":[{"embeddable":true,"href":"https:\/\/www.coltec.ufmg.br\/coltec-ufmg\/index.php?rest_route=\/wp\/v2\/users\/1"}],"replies":[{"embeddable":true,"href":"https:\/\/www.coltec.ufmg.br\/coltec-ufmg\/index.php?rest_route=%2Fwp%2Fv2%2Fcomments&post=49"}],"version-history":[{"count":48,"href":"https:\/\/www.coltec.ufmg.br\/coltec-ufmg\/index.php?rest_route=\/wp\/v2\/pages\/49\/revisions"}],"predecessor-version":[{"id":16646,"href":"https:\/\/www.coltec.ufmg.br\/coltec-ufmg\/index.php?rest_route=\/wp\/v2\/pages\/49\/revisions\/16646"}],"up":[{"embeddable":true,"href":"https:\/\/www.coltec.ufmg.br\/coltec-ufmg\/index.php?rest_route=\/wp\/v2\/pages\/47"}],"wp:attachment":[{"href":"https:\/\/www.coltec.ufmg.br\/coltec-ufmg\/index.php?rest_route=%2Fwp%2Fv2%2Fmedia&parent=49"}],"curies":[{"name":"wp","href":"https:\/\/api.w.org\/{rel}","templated":true}]}}