{"id":4954,"date":"2019-09-17T20:14:34","date_gmt":"2019-09-17T23:14:34","guid":{"rendered":"http:\/\/www.coltec.ufmg.br\/coltec-ufmg\/?page_id=4954"},"modified":"2019-09-17T20:39:37","modified_gmt":"2019-09-17T23:39:37","slug":"sistema-sei-ufmg","status":"publish","type":"page","link":"https:\/\/www.coltec.ufmg.br\/coltec-ufmg\/?page_id=4954","title":{"rendered":"Sistema SEI-UFMG"},"content":{"rendered":"<div class=\"container-fluid\">\n<div style=\"margin-top: 1%;\">\n<nav class=\"scrollspy col-sm-3 col-xs-12\">\n<ul>\n<li style=\"list-style-type: none;\">\n<ul class=\"nav nav-pills nav-stacked\">\n<li><a href=\"\/coltec-ufmg\/?page_id=1802\" rel=\"noopener\">Afastamento na UFMG<\/a><\/li>\n<li><a href=\"\/coltec-ufmg\/?page_id=1806\" rel=\"noopener\">Portal Minha UFMG<\/a><\/li>\n<li><a href=\"\/coltec-ufmg\/?page_id=1809prorh-ufmg\/\">PRORH UFMG<\/a><\/li>\n<li><a href=\"\/coltec-ufmg\/?page_id=1804\" rel=\"noopener\">SIGAC<\/a><\/li>\n<li class=\"active disabled\"><a href=\"#\">SEI-UFMG<\/a><\/li>\n<\/ul>\n<\/li>\n<\/ul>\n<\/nav>\n<\/div>\n<div class=\"col-sm-9 col-xs-12\">\n<h1><span style=\"font-size: 24pt;\">Sistema Eletr\u00f4nico de Informa\u00e7\u00f5es (SEI) DA UFMG<\/span><\/h1>\n<h1><span style=\"font-size: 14pt;\"><a style=\"font-weight: 400;\" href=\"https:\/\/sei.ufmg.br\/index.php\/acesse-o-sei\/\" target=\"_blank\" rel=\"noopener\">Sistema Sei-UFMG<br \/>\n<\/a><\/span><\/h1>\n<p><a href=\"http:\/\/www.coltec.ufmg.br\/coltec-ufmg\/wp-content\/uploads\/2019\/09\/POP-Procedimento-Operacional-Padr\u00e3o-V2.6.pdf\" target=\"_blank\" rel=\"noopener\">Passo a Passo Individual de Abertura de Processos<\/a><\/p>\n<\/div>\n<\/div>\n","protected":false},"excerpt":{"rendered":"<p>Afastamento na UFMG Portal Minha UFMG PRORH UFMG SIGAC SEI-UFMG Sistema Eletr\u00f4nico de Informa\u00e7\u00f5es (SEI) DA UFMG Sistema Sei-UFMG Passo a Passo Individual de Abertura de Processos<\/p>\n","protected":false},"author":7,"featured_media":0,"parent":1418,"menu_order":0,"comment_status":"closed","ping_status":"closed","template":"","meta":{"footnotes":""},"publishpress_future_action":{"enabled":false,"date":"1969-12-31 21:00:00","action":"","terms":[],"taxonomy":"","browser_timezone_offset":0},"_links":{"self":[{"href":"https:\/\/www.coltec.ufmg.br\/coltec-ufmg\/index.php?rest_route=\/wp\/v2\/pages\/4954"}],"collection":[{"href":"https:\/\/www.coltec.ufmg.br\/coltec-ufmg\/index.php?rest_route=\/wp\/v2\/pages"}],"about":[{"href":"https:\/\/www.coltec.ufmg.br\/coltec-ufmg\/index.php?rest_route=\/wp\/v2\/types\/page"}],"author":[{"embeddable":true,"href":"https:\/\/www.coltec.ufmg.br\/coltec-ufmg\/index.php?rest_route=\/wp\/v2\/users\/7"}],"replies":[{"embeddable":true,"href":"https:\/\/www.coltec.ufmg.br\/coltec-ufmg\/index.php?rest_route=%2Fwp%2Fv2%2Fcomments&post=4954"}],"version-history":[{"count":13,"href":"https:\/\/www.coltec.ufmg.br\/coltec-ufmg\/index.php?rest_route=\/wp\/v2\/pages\/4954\/revisions"}],"predecessor-version":[{"id":4969,"href":"https:\/\/www.coltec.ufmg.br\/coltec-ufmg\/index.php?rest_route=\/wp\/v2\/pages\/4954\/revisions\/4969"}],"up":[{"embeddable":true,"href":"https:\/\/www.coltec.ufmg.br\/coltec-ufmg\/index.php?rest_route=\/wp\/v2\/pages\/1418"}],"wp:attachment":[{"href":"https:\/\/www.coltec.ufmg.br\/coltec-ufmg\/index.php?rest_route=%2Fwp%2Fv2%2Fmedia&parent=4954"}],"curies":[{"name":"wp","href":"https:\/\/api.w.org\/{rel}","templated":true}]}}