{"id":53,"date":"2017-07-11T14:14:09","date_gmt":"2017-07-11T17:14:09","guid":{"rendered":"http:\/\/150.164.129.71\/coltec\/?page_id=53"},"modified":"2018-09-11T16:31:47","modified_gmt":"2018-09-11T19:31:47","slug":"pic-jr","status":"publish","type":"page","link":"https:\/\/www.coltec.ufmg.br\/coltec-ufmg\/?page_id=53","title":{"rendered":"Pic Jr."},"content":{"rendered":"<div class=\"container-fluid\" style=\"margin-top: 2%;\">\n<div style=\"margin-top: 1%;\">\n<nav class=\"scrollspy col-sm-3 col-xs-12\">\n<ul class=\"nav nav-pills nav-stacked\">\n<li class=\"active disabled\"><a href=\"\/coltec\/administracao\/cadec\/\">Pic Jr<\/a><\/li>\n<\/ul>\n<\/nav>\n<\/div>\n<div class=\"col-sm-9 sol-xs-12 text-justify\">\n<h1>Oportunidade Para Jovens Interessados em Pesquisa Cient\u00edfica<\/h1>\n<h4>O Programa de Inicia\u00e7\u00e3o Cient\u00edfica J\u00fanior da UFMG (PIC JR) \u00e9 uma oportunidade para estudantes de ensino m\u00e9dio participarem de projetos de pesquisa cient\u00edfica desenvolvidos nesta Universidade. O programa conta, atualmente, com a participa\u00e7\u00e3o de estudantes de ensino m\u00e9dio das seguintes escolas parceiras:<\/h4>\n<p>&#8211; Col\u00e9gio T\u00e9cnico da UFMG<br \/>\n&#8211; Col\u00e9gio Militar de Belo Horizonte<br \/>\n&#8211; Escola Estadual Tr\u00eas Poderes<br \/>\n&#8211; Escola Estadual Affonso Neves<\/p>\n<p>Para mais informa\u00e7\u00f5es entrar em contato com a PRPq (Pr\u00f3 Reitoria de Pesquisa):<br \/>\n<i class=\"fa fa-phone phone\"><\/i>+55 (31) 3409-5000<\/p>\n<p><a href=\"https:\/\/www.ufmg.br\/prpq\/\" target=\"_blank\"><i class=\"fa fa-share-square\"><\/i> Site do PRPq <\/a><\/p>\n<\/div>\n","protected":false},"excerpt":{"rendered":"<p>Pic Jr Oportunidade Para Jovens Interessados em Pesquisa Cient\u00edfica O Programa de Inicia\u00e7\u00e3o Cient\u00edfica J\u00fanior da UFMG (PIC JR) \u00e9 uma oportunidade para estudantes de ensino m\u00e9dio participarem de projetos de pesquisa cient\u00edfica desenvolvidos nesta Universidade. O programa conta, atualmente, com a participa\u00e7\u00e3o de estudantes de ensino m\u00e9dio das seguintes escolas parceiras: &#8211; Col\u00e9gio T\u00e9cnico [&hellip;]<\/p>\n","protected":false},"author":1,"featured_media":0,"parent":1008,"menu_order":0,"comment_status":"closed","ping_status":"closed","template":"","meta":{"footnotes":""},"publishpress_future_action":{"enabled":false,"date":"1969-12-31 21:00:00","action":"","terms":[],"taxonomy":"","browser_timezone_offset":0},"_links":{"self":[{"href":"https:\/\/www.coltec.ufmg.br\/coltec-ufmg\/index.php?rest_route=\/wp\/v2\/pages\/53"}],"collection":[{"href":"https:\/\/www.coltec.ufmg.br\/coltec-ufmg\/index.php?rest_route=\/wp\/v2\/pages"}],"about":[{"href":"https:\/\/www.coltec.ufmg.br\/coltec-ufmg\/index.php?rest_route=\/wp\/v2\/types\/page"}],"author":[{"embeddable":true,"href":"https:\/\/www.coltec.ufmg.br\/coltec-ufmg\/index.php?rest_route=\/wp\/v2\/users\/1"}],"replies":[{"embeddable":true,"href":"https:\/\/www.coltec.ufmg.br\/coltec-ufmg\/index.php?rest_route=%2Fwp%2Fv2%2Fcomments&post=53"}],"version-history":[{"count":28,"href":"https:\/\/www.coltec.ufmg.br\/coltec-ufmg\/index.php?rest_route=\/wp\/v2\/pages\/53\/revisions"}],"predecessor-version":[{"id":2810,"href":"https:\/\/www.coltec.ufmg.br\/coltec-ufmg\/index.php?rest_route=\/wp\/v2\/pages\/53\/revisions\/2810"}],"up":[{"embeddable":true,"href":"https:\/\/www.coltec.ufmg.br\/coltec-ufmg\/index.php?rest_route=\/wp\/v2\/pages\/1008"}],"wp:attachment":[{"href":"https:\/\/www.coltec.ufmg.br\/coltec-ufmg\/index.php?rest_route=%2Fwp%2Fv2%2Fmedia&parent=53"}],"curies":[{"name":"wp","href":"https:\/\/api.w.org\/{rel}","templated":true}]}}