{"id":57,"date":"2017-07-11T14:14:59","date_gmt":"2017-07-11T17:14:59","guid":{"rendered":"http:\/\/150.164.129.71\/coltec\/?page_id=57"},"modified":"2018-07-11T16:37:29","modified_gmt":"2018-07-11T19:37:29","slug":"cursos","status":"publish","type":"page","link":"https:\/\/www.coltec.ufmg.br\/coltec-ufmg\/?page_id=57","title":{"rendered":"Cursos"},"content":{"rendered":"<style>\n\tbody{\n\t\tbackground-color: #f1f1f1;\n\t}\n<\/style>\n<div id=\"cursos-page\" class=\"container-fluid\">\n<div class=\"row\">\n<div class=\"col-xs-12 col-sm-6 col-md-4\">\n<div class=\"card\"><a href=\"\/coltec-ufmg\/?page_id=59\"><img decoding=\"async\" src=\"\/coltec-ufmg\/wp-content\/uploads\/2018\/Cursos\/ANA_1.jpg\" width=\"100%\" \/><\/a><\/p>\n<div class=\"container-cursos\">\n<h4>T\u00e9cnico em An\u00e1lises Cl\u00ednicas<\/h4>\n<\/div>\n<\/div>\n<\/div>\n<div class=\"col-xs-12 col-sm-6 col-md-4\">\n<div class=\"card\"><a href=\"\/coltec-ufmg\/?page_id=61\"><img decoding=\"async\" src=\"\/coltec-ufmg\/wp-content\/uploads\/2018\/Cursos\/AUT_1.jpg\" width=\"100%\" \/><\/a><\/p>\n<div class=\"container-cursos\">\n<h4>T\u00e9cnico em Automa\u00e7\u00e3o Industrial<\/h4>\n<\/div>\n<\/div>\n<\/div>\n<div class=\"col-xs-12 col-sm-6 col-md-4\">\n<div class=\"card\"><a href=\"\/coltec-ufmg\/?page_id=844\"><img decoding=\"async\" src=\"\/coltec-ufmg\/wp-content\/uploads\/2018\/05\/analises.jpg\" width=\"100%\" \/><\/a><\/p>\n<div class=\"container-cursos\">\n<h4>T\u00e9cnico em Biotecnologia<\/h4>\n<\/div>\n<\/div>\n<\/div>\n<div class=\"clearfix visible-md visible-lg\"><\/div>\n<div class=\"col-xs-12 col-sm-6 col-md-4\">\n<div class=\"card\"><a href=\"\/coltec-ufmg\/?page_id=65\"><img decoding=\"async\" src=\"\/coltec-ufmg\/wp-content\/uploads\/2018\/Cursos\/INF_6.jpg\" width=\"100%\" \/><\/a><\/p>\n<div class=\"container-cursos\">\n<h4>T\u00e9cnico em Desenvolvimento de Sistemas<\/h4>\n<\/div>\n<\/div>\n<\/div>\n<div class=\"col-xs-12 col-sm-6 col-md-4\">\n<div class=\"card\"><a href=\"\/coltec-ufmg\/?page_id=1551\"><img decoding=\"async\" src=\"\/coltec-ufmg\/wp-content\/uploads\/2018\/05\/695933.jpg\" width=\"100%\" \/><\/a><\/p>\n<div class=\"container-cursos\">\n<h4>T\u00e9cnico em Desenvolvimento de Apps M\u00f3veis<\/h4>\n<\/div>\n<\/div>\n<\/div>\n<div class=\"col-xs-12 col-sm-6 col-md-4\">\n<div class=\"card\"><a href=\"\/coltec-ufmg\/?page_id=63\"><img decoding=\"async\" src=\"\/coltec-ufmg\/wp-content\/uploads\/2018\/Cursos\/ELE_1.jpg\" width=\"100%\" \/><\/a><\/p>\n<div class=\"container-cursos\">\n<h4>T\u00e9cnico em Eletr\u00f4nica<\/h4>\n<\/div>\n<\/div>\n<\/div>\n<div class=\"clearfix visible-sm visible-xs\"><\/div>\n<div class=\" col-xs-12 col-sm-6 col-md-4 col-md-offset-4\">\n<div class=\"card\"><a href=\"\/coltec-ufmg\/?page_id=67\"><img decoding=\"async\" src=\"\/coltec-ufmg\/wp-content\/uploads\/2018\/05\/QUI_1-1.jpg\" width=\"100%\" \/><\/a><\/p>\n<div class=\"container-cursos\">\n<h4>T\u00e9cnico em Qu\u00edmica<\/h4>\n<\/div>\n<\/div>\n<\/div>\n<\/div>\n<\/div>\n","protected":false},"excerpt":{"rendered":"<p>T\u00e9cnico em An\u00e1lises Cl\u00ednicas T\u00e9cnico em Automa\u00e7\u00e3o Industrial T\u00e9cnico em Biotecnologia T\u00e9cnico em Desenvolvimento de Sistemas T\u00e9cnico em Desenvolvimento de Apps M\u00f3veis T\u00e9cnico em Eletr\u00f4nica T\u00e9cnico em Qu\u00edmica<\/p>\n","protected":false},"author":1,"featured_media":0,"parent":0,"menu_order":0,"comment_status":"closed","ping_status":"closed","template":"","meta":{"footnotes":""},"publishpress_future_action":{"enabled":false,"date":"1969-12-31 21:00:00","action":"","terms":[],"taxonomy":"","browser_timezone_offset":0},"_links":{"self":[{"href":"https:\/\/www.coltec.ufmg.br\/coltec-ufmg\/index.php?rest_route=\/wp\/v2\/pages\/57"}],"collection":[{"href":"https:\/\/www.coltec.ufmg.br\/coltec-ufmg\/index.php?rest_route=\/wp\/v2\/pages"}],"about":[{"href":"https:\/\/www.coltec.ufmg.br\/coltec-ufmg\/index.php?rest_route=\/wp\/v2\/types\/page"}],"author":[{"embeddable":true,"href":"https:\/\/www.coltec.ufmg.br\/coltec-ufmg\/index.php?rest_route=\/wp\/v2\/users\/1"}],"replies":[{"embeddable":true,"href":"https:\/\/www.coltec.ufmg.br\/coltec-ufmg\/index.php?rest_route=%2Fwp%2Fv2%2Fcomments&post=57"}],"version-history":[{"count":47,"href":"https:\/\/www.coltec.ufmg.br\/coltec-ufmg\/index.php?rest_route=\/wp\/v2\/pages\/57\/revisions"}],"predecessor-version":[{"id":2385,"href":"https:\/\/www.coltec.ufmg.br\/coltec-ufmg\/index.php?rest_route=\/wp\/v2\/pages\/57\/revisions\/2385"}],"wp:attachment":[{"href":"https:\/\/www.coltec.ufmg.br\/coltec-ufmg\/index.php?rest_route=%2Fwp%2Fv2%2Fmedia&parent=57"}],"curies":[{"name":"wp","href":"https:\/\/api.w.org\/{rel}","templated":true}]}}