{"id":59,"date":"2017-07-11T14:15:38","date_gmt":"2017-07-11T17:15:38","guid":{"rendered":"http:\/\/150.164.129.71\/coltec\/?page_id=59"},"modified":"2025-10-20T14:31:13","modified_gmt":"2025-10-20T17:31:13","slug":"curso-de-analises-clinicas","status":"publish","type":"page","link":"https:\/\/www.coltec.ufmg.br\/coltec-ufmg\/?page_id=59","title":{"rendered":"Curso de An\u00e1lises Cl\u00ednicas"},"content":{"rendered":"\n<div class=\"container-fluid\">\n<div class=\"row\"><nav class=\"scrollspy col-sm-3 col-xs-12\">\n<ul class=\"nav nav-pills nav-stacked\">\n \t<li class=\"active disabled\"><a href=\"#\">An\u00e1lises Cl\u00ednicas<\/a><\/li>\n \t<li><a href=\"\/coltec-ufmg\/?page_id=61\">Automa\u00e7\u00e3o Industrial<\/a><\/li>\n \t<li><a href=\"\/coltec-ufmg\/?page_id=65\">Desenvolvimento de Sistemas<\/a><\/li>\n \t<li><a href=\"\/coltec-ufmg\/?page_id=63\">Eletr\u00f4nica<\/a><\/li>\n \t<li><a href=\"\/coltec-ufmg\/?page_id=67\">Qu\u00edmica<\/a><\/li>\n \t<li><a href=\"\/coltec-ufmg\/?page_id=844\">Biotecnologia<\/a><\/li>\n \t<li><a href=\"\/coltec-ufmg\/?page_id=1551\">Desenvolvimento de Apps M\u00f3veis<\/a><\/li>\n<\/ul>\n<\/nav>\n<div class=\"col-xs-12 col-md-7 col-sm-9\">\n<h1>Sobre o curso<\/h1>\n<p class=\"text-justify\">O curso de An\u00e1lises Cl\u00ednicas objetiva formar t\u00e9cnicos aptos a trabalhar em laborat\u00f3rios especializados na \u00e1rea, auxiliando e executando atividades padronizadas, automatizadas ou t\u00e9cnicas cl\u00e1ssicas, necess\u00e1rias ao diagn\u00f3stico nas \u00e1reas de parasitologia, microbiologia m\u00e9dica, imunologia, hematologia, bioqu\u00edmica, biologia molecular e urin\u00e1lise. O t\u00e9cnico em An\u00e1lises Cl\u00ednicas dever\u00e1 ainda colaborar na investiga\u00e7\u00e3o e implanta\u00e7\u00e3o de novas tecnologias biom\u00e9dicas relacionadas \u00e0s an\u00e1lises cl\u00ednicas, al\u00e9m de operar e zelar pelo bom funcionamento do aparato tecnol\u00f3gico do laborat\u00f3rio. Al\u00e9m disso, o curso ir\u00e1 fornecer qualifica\u00e7\u00e3o para a continuidade de estudos na \u00e1rea de sa\u00fade.<\/p>\n\n<div style=\"margin-bottom: 10px;\"><a class=\"btn btn-noticias\" href=\"\/coltec-ufmg\/wp-content\/uploads\/2018\/06\/Grade_ANA\u0301LISES_CLI\u0301NICAS.pdf\" target=\"_blank\" rel=\"noopener\">Grade Curricular<\/a>\n<a class=\"btn btn-noticias pull-right\" href=\"https:\/\/www.coltec.ufmg.br\/coltec-ufmg\/wp-content\/uploads\/2025\/10\/1._PPC_Curso_Tecnico_Integrado_em_Analises_Clinicas_compressed-1.pdf\" target=\"_blank\" rel=\"noopener\">Projeto Pedag\u00f3gico<\/a><\/div>\n<h1>Fotos<\/h1>\n<div id=\"carrosel-cursos\" class=\"carousel slide\" data-ride=\"carousel\">\n<ol class=\"carousel-indicators\">\n \t<li class=\"active\" data-target=\"#carrosel-cursos\" data-slide-to=\"0\"><\/li>\n \t<li data-target=\"#carrosel-cursos\" data-slide-to=\"1\"><\/li>\n \t<li data-target=\"#carrosel-cursos\" data-slide-to=\"2\"><\/li>\n \t<li data-target=\"#carrosel-cursos\" data-slide-to=\"3\"><\/li>\n \t<li data-target=\"#carrosel-cursos\" data-slide-to=\"4\"><\/li>\n \t<li data-target=\"#carrosel-cursos\" data-slide-to=\"5\"><\/li>\n<\/ol>\n<div class=\"carousel-inner\">\n<div class=\"item active\" style=\"background-image: url('\/coltec-ufmg\/wp-content\/uploads\/2018\/Cursos\/ANA_3.jpg');\"><\/div>\n<div class=\"item\" style=\"background-image: url('\/coltec-ufmg\/wp-content\/uploads\/2018\/Cursos\/ANA_2.jpg'); background-position: center;\"><\/div>\n<div class=\"item\" style=\"background-image: url('\/coltec-ufmg\/wp-content\/uploads\/2018\/Cursos\/ANA_4.jpg'); background-position: center;\"><\/div>\n<div class=\"item\" style=\"background-image: url('\/coltec-ufmg\/wp-content\/uploads\/2018\/Cursos\/ANA_6.jpg'); background-position: center;\"><\/div>\n<div class=\"item\" style=\"background-image: url('\/coltec-ufmg\/wp-content\/uploads\/2018\/Cursos\/ANA_5.jpg');\"><\/div>\n<div class=\"item\" style=\"background-image: url('\/coltec-ufmg\/wp-content\/uploads\/2018\/Cursos\/ANA_1.jpg');\"><\/div>\n<\/div>\n<a class=\"left carousel-control\" href=\"#carrosel-cursos\" data-slide=\"prev\">\n\n<span class=\"sr-only\">Previous<\/span>\n<\/a>\n<a class=\"right carousel-control\" href=\"#carrosel-cursos\" data-slide=\"next\">\n\n<span class=\"sr-only\">Next<\/span>\n<\/a>\n\n<\/div>\n<\/div>\n<\/div>\n<\/div>\n\n","protected":false},"excerpt":{"rendered":"","protected":false},"author":1,"featured_media":0,"parent":57,"menu_order":0,"comment_status":"closed","ping_status":"closed","template":"","meta":{"footnotes":""},"publishpress_future_action":{"enabled":false,"date":"1969-12-31 21:00:00","action":"","terms":[],"taxonomy":"","browser_timezone_offset":0},"_links":{"self":[{"href":"https:\/\/www.coltec.ufmg.br\/coltec-ufmg\/index.php?rest_route=\/wp\/v2\/pages\/59"}],"collection":[{"href":"https:\/\/www.coltec.ufmg.br\/coltec-ufmg\/index.php?rest_route=\/wp\/v2\/pages"}],"about":[{"href":"https:\/\/www.coltec.ufmg.br\/coltec-ufmg\/index.php?rest_route=\/wp\/v2\/types\/page"}],"author":[{"embeddable":true,"href":"https:\/\/www.coltec.ufmg.br\/coltec-ufmg\/index.php?rest_route=\/wp\/v2\/users\/1"}],"replies":[{"embeddable":true,"href":"https:\/\/www.coltec.ufmg.br\/coltec-ufmg\/index.php?rest_route=%2Fwp%2Fv2%2Fcomments&post=59"}],"version-history":[{"count":17,"href":"https:\/\/www.coltec.ufmg.br\/coltec-ufmg\/index.php?rest_route=\/wp\/v2\/pages\/59\/revisions"}],"predecessor-version":[{"id":16013,"href":"https:\/\/www.coltec.ufmg.br\/coltec-ufmg\/index.php?rest_route=\/wp\/v2\/pages\/59\/revisions\/16013"}],"up":[{"embeddable":true,"href":"https:\/\/www.coltec.ufmg.br\/coltec-ufmg\/index.php?rest_route=\/wp\/v2\/pages\/57"}],"wp:attachment":[{"href":"https:\/\/www.coltec.ufmg.br\/coltec-ufmg\/index.php?rest_route=%2Fwp%2Fv2%2Fmedia&parent=59"}],"curies":[{"name":"wp","href":"https:\/\/api.w.org\/{rel}","templated":true}]}}