{"id":61,"date":"2017-07-11T14:15:58","date_gmt":"2017-07-11T17:15:58","guid":{"rendered":"http:\/\/150.164.129.71\/coltec\/?page_id=61"},"modified":"2025-10-20T14:31:10","modified_gmt":"2025-10-20T17:31:10","slug":"curso-de-automacao-industrial","status":"publish","type":"page","link":"https:\/\/www.coltec.ufmg.br\/coltec-ufmg\/?page_id=61","title":{"rendered":"Curso de Automa\u00e7\u00e3o Industrial"},"content":{"rendered":"\n<div class=\"container-fluid\">\n<div class=\"row\"><nav class=\"scrollspy col-sm-3 col-xs-12\">\n<ul class=\"nav nav-pills nav-stacked\">\n \t<li><a href=\"\/coltec-ufmg\/?page_id=59\">An\u00e1lises Cl\u00ednicas<\/a><\/li>\n \t<li class=\"active disabled\"><a href=\"#\">Automa\u00e7\u00e3o Industrial<\/a><\/li>\n \t<li><a href=\"\/coltec-ufmg\/?page_id=65\">Desenvolvimento de Sistemas<\/a><\/li>\n \t<li><a href=\"\/coltec-ufmg\/?page_id=63\">Eletr\u00f4nica<\/a><\/li>\n \t<li><a href=\"\/coltec-ufmg\/?page_id=67\">Qu\u00edmica<\/a><\/li>\n \t<li><a href=\"\/coltec-ufmg\/?page_id=844\">Biotecnologia<\/a><\/li>\n \t<li><a href=\"\/coltec-ufmg\/?page_id=1551\">Desenvolvimento de Apps M\u00f3veis<\/a><\/li>\n<\/ul>\n<\/nav>\n<div class=\"col-xs-12 col-md-7 col-sm-9\">\n<h1>Sobre o curso<\/h1>\n<p class=\"text-justify\">Atua no projeto, execu\u00e7\u00e3o e instala\u00e7\u00e3o de sistemas de controle e automa\u00e7\u00e3o utilizados nos processos industriais. Realiza a manuten\u00e7\u00e3o, medi\u00e7\u00f5es e testes em equipamentos utilizados em automa\u00e7\u00e3o de processos industriais. Programa, opera e mant\u00e9m sistemas automatizados respeitando normas t\u00e9cnicas e de seguran\u00e7a.<\/p>\n\n<div style=\"margin-bottom: 10px;\"><a class=\"btn btn-noticias\" href=\"\/coltec-ufmg\/wp-content\/uploads\/2018\/06\/Grade_AUTOMAC\u0327A\u0303O_INDUSTRIAL.pdf\" target=\"_blank\" rel=\"noopener\">Grade Curricular<\/a>\n<a class=\"btn btn-noticias pull-right\" href=\"https:\/\/www.coltec.ufmg.br\/coltec-ufmg\/wp-content\/uploads\/2025\/10\/3._PPC_Curso_Tecnico_em_Automacao_Industrial_Integrado_compressed.pdf\" target=\"_blank\" rel=\"noopener\">Projeto Pedag\u00f3gico<\/a><\/div>\n<h1>Fotos<\/h1>\n<div id=\"carrosel-cursos\" class=\"carousel slide\" data-ride=\"carousel\">\n<ol class=\"carousel-indicators\">\n \t<li class=\"active\" data-target=\"#carrosel-cursos\" data-slide-to=\"0\"><\/li>\n \t<li data-target=\"#carrosel-cursos\" data-slide-to=\"1\"><\/li>\n \t<li data-target=\"#carrosel-cursos\" data-slide-to=\"2\"><\/li>\n \t<li data-target=\"#carrosel-cursos\" data-slide-to=\"3\"><\/li>\n \t<li data-target=\"#carrosel-cursos\" data-slide-to=\"4\"><\/li>\n \t<li data-target=\"#carrosel-cursos\" data-slide-to=\"6\"><\/li>\n \t<li data-target=\"#carrosel-cursos\" data-slide-to=\"7\"><\/li>\n<\/ol>\n<div class=\"carousel-inner\">\n<div class=\"item active\" style=\"background-image: url('\/coltec-ufmg\/wp-content\/uploads\/2018\/Cursos\/AUT_1.jpg');\"><\/div>\n<div class=\"item\" style=\"background-image: url('\/coltec-ufmg\/wp-content\/uploads\/2018\/Cursos\/AUT_2.jpg');\"><\/div>\n<div class=\"item\" style=\"background-image: url('\/coltec-ufmg\/wp-content\/uploads\/2018\/Cursos\/AUT_3.jpg'); background-position: center;\"><\/div>\n<div class=\"item\" style=\"background-image: url('\/coltec-ufmg\/wp-content\/uploads\/2018\/Cursos\/AUT_4.jpg');\"><\/div>\n<!--\n<div class=\"item\" style=\"background-image: url(\/coltec-ufmg\/wp-content\/uploads\/2018\/Cursos\/AUT_5.jpg)\"><\/div>\n-->\n<div class=\"item\" style=\"background-image: url('\/coltec-ufmg\/wp-content\/uploads\/2018\/Cursos\/ELE_7.jpg');\"><\/div>\n<div class=\"item\" style=\"background-image: url('\/coltec-ufmg\/wp-content\/uploads\/2018\/Cursos\/ELE_10.jpg');\"><\/div>\n<div class=\"item\" style=\"background-image: url('\/coltec-ufmg\/wp-content\/uploads\/2018\/Cursos\/ELE_11.jpg');\"><\/div>\n<\/div>\n<a class=\"left carousel-control\" href=\"#carrosel-cursos\" data-slide=\"prev\">\n\n<span class=\"sr-only\">Previous<\/span>\n<\/a>\n<a class=\"right carousel-control\" href=\"#carrosel-cursos\" data-slide=\"next\">\n\n<span class=\"sr-only\">Next<\/span>\n<\/a>\n\n<\/div>\n<\/div>\n<\/div>\n<\/div>\n\n","protected":false},"excerpt":{"rendered":"","protected":false},"author":1,"featured_media":0,"parent":57,"menu_order":0,"comment_status":"closed","ping_status":"closed","template":"","meta":{"footnotes":""},"publishpress_future_action":{"enabled":false,"date":"1969-12-31 21:00:00","action":"","terms":[],"taxonomy":"","browser_timezone_offset":0},"_links":{"self":[{"href":"https:\/\/www.coltec.ufmg.br\/coltec-ufmg\/index.php?rest_route=\/wp\/v2\/pages\/61"}],"collection":[{"href":"https:\/\/www.coltec.ufmg.br\/coltec-ufmg\/index.php?rest_route=\/wp\/v2\/pages"}],"about":[{"href":"https:\/\/www.coltec.ufmg.br\/coltec-ufmg\/index.php?rest_route=\/wp\/v2\/types\/page"}],"author":[{"embeddable":true,"href":"https:\/\/www.coltec.ufmg.br\/coltec-ufmg\/index.php?rest_route=\/wp\/v2\/users\/1"}],"replies":[{"embeddable":true,"href":"https:\/\/www.coltec.ufmg.br\/coltec-ufmg\/index.php?rest_route=%2Fwp%2Fv2%2Fcomments&post=61"}],"version-history":[{"count":21,"href":"https:\/\/www.coltec.ufmg.br\/coltec-ufmg\/index.php?rest_route=\/wp\/v2\/pages\/61\/revisions"}],"predecessor-version":[{"id":16015,"href":"https:\/\/www.coltec.ufmg.br\/coltec-ufmg\/index.php?rest_route=\/wp\/v2\/pages\/61\/revisions\/16015"}],"up":[{"embeddable":true,"href":"https:\/\/www.coltec.ufmg.br\/coltec-ufmg\/index.php?rest_route=\/wp\/v2\/pages\/57"}],"wp:attachment":[{"href":"https:\/\/www.coltec.ufmg.br\/coltec-ufmg\/index.php?rest_route=%2Fwp%2Fv2%2Fmedia&parent=61"}],"curies":[{"name":"wp","href":"https:\/\/api.w.org\/{rel}","templated":true}]}}