{"id":63,"date":"2017-07-11T14:16:12","date_gmt":"2017-07-11T17:16:12","guid":{"rendered":"http:\/\/150.164.129.71\/coltec\/?page_id=63"},"modified":"2025-10-20T14:34:37","modified_gmt":"2025-10-20T17:34:37","slug":"curso-de-eletronica","status":"publish","type":"page","link":"https:\/\/www.coltec.ufmg.br\/coltec-ufmg\/?page_id=63","title":{"rendered":"Curso de Eletr\u00f4nica"},"content":{"rendered":"\n<div class=\"container-fluid\">\n<div class=\"row\"><nav class=\"scrollspy col-sm-3 col-xs-12\">\n<ul class=\"nav nav-pills nav-stacked\">\n \t<li><a href=\"\/coltec-ufmg\/?page_id=59\">An\u00e1lises Cl\u00ednicas<\/a><\/li>\n \t<li><a href=\"\/coltec-ufmg\/?page_id=61\">Automa\u00e7\u00e3o Industrial<\/a><\/li>\n \t<li><a href=\"\/coltec-ufmg\/?page_id=65\">Desenvolvimento de Sistemas<\/a><\/li>\n \t<li class=\"active disabled\"><a href=\"\/coltec\/cursos\/curso-de-eletronica\/\">Eletr\u00f4nica<\/a><\/li>\n \t<li><a href=\"\/coltec-ufmg\/?page_id=67\">Qu\u00edmica<\/a><\/li>\n \t<li><a href=\"\/coltec-ufmg\/?page_id=844\">Biotecnologia<\/a><\/li>\n \t<li><a href=\"\/coltec-ufmg\/?page_id=1551\">Desenvolvimento de Apps M\u00f3veis<\/a><\/li>\n<\/ul>\n<\/nav>\n<div class=\"col-xs-12 col-md-7 col-sm-9 text-justify\">\n<h2>Sobre o curso<\/h2>\nA Eletr\u00f4nica \u00e9 o ramo da ci\u00eancia que estuda o uso de circuitos formados por componentes el\u00e9tricos e eletr\u00f4nicos, com o objetivo principal de representar, armazenar, transmitir ou processar informa\u00e7\u00f5es, al\u00e9m do controle de processos e servomecanismos. Sob essa \u00f3ptica, tamb\u00e9m se pode afirmar que os circuitos internos dos computadores (que armazenam e processam informa\u00e7\u00f5es), os sistemas e redes de comunica\u00e7\u00e3o (que transmitem e recebem informa\u00e7\u00f5es), os diversos tipos de sensores e transdutores (que representam grandezas f\u00edsicas - informa\u00e7\u00f5es sob forma de sinais el\u00e9tricos) est\u00e3o, todos, dentro da \u00e1rea de interesse da Eletr\u00f4nica. Alinhando-se \u00e0s novas tend\u00eancias do mundo do trabalho moderno, que requer a atua\u00e7\u00e3o de profissionais em qualquer parte do mundo, a grade curricular do Curso T\u00e9cnico em Eletr\u00f4nica do COLTEC prepara seus alunos para a obten\u00e7\u00e3o de certifica\u00e7\u00f5es profissionais internacionalmente reconhecidas, tais como Cisco Certified Networking Associate (<strong>CCNA<\/strong>), Cisco Certified Entry Networking Technician (<strong>CCENT<\/strong>), <strong>CompTIA A+<\/strong>, Certified Linux professional (<strong>LPI)<\/strong>, C\/C++ Programming Language Certified Associate Certification (<strong>CLA\/CPA<\/strong>), Internet of Things Certifications (<strong>IoT<\/strong>), dentre outras.\n<div style=\"margin-bottom: 10px;\"><a class=\"btn btn-noticias\" href=\"\/coltec-ufmg\/wp-content\/uploads\/2018\/08\/GRADE-ELETRO\u0302NICA.pdf\" target=\"_blank\" rel=\"noopener\">Grade Curricular<\/a>\n<a class=\"btn btn-noticias pull-right\" href=\"https:\/\/www.coltec.ufmg.br\/coltec-ufmg\/wp-content\/uploads\/2025\/10\/2._PPC_Curso_Tecnico_em_Eletronica_Integrado_1_compressed.pdf\" target=\"_blank\" rel=\"noopener\">Projeto Pedag\u00f3gico<\/a><\/div>\n<div><\/div>\n<h1>Fotos<\/h1>\n<div id=\"carrosel-cursos\" class=\"carousel slide\" data-ride=\"carousel\">\n<ol class=\"carousel-indicators\">\n \t<li class=\"active\" data-target=\"#carrosel-cursos\" data-slide-to=\"0\"><\/li>\n \t<li data-target=\"#carrosel-cursos\" data-slide-to=\"1\"><\/li>\n \t<li data-target=\"#carrosel-cursos\" data-slide-to=\"2\"><\/li>\n \t<li data-target=\"#carrosel-cursos\" data-slide-to=\"3\"><\/li>\n \t<li data-target=\"#carrosel-cursos\" data-slide-to=\"4\"><\/li>\n \t<li data-target=\"#carrosel-cursos\" data-slide-to=\"5\"><\/li>\n \t<li data-target=\"#carrosel-cursos\" data-slide-to=\"6\"><\/li>\n \t<li data-target=\"#carrosel-cursos\" data-slide-to=\"7\"><\/li>\n \t<li data-target=\"#carrosel-cursos\" data-slide-to=\"8\"><\/li>\n \t<li data-target=\"#carrosel-cursos\" data-slide-to=\"9\"><\/li>\n<\/ol>\n<div class=\"carousel-inner\">\n<div class=\"item active\" style=\"background-image: url('\/coltec-ufmg\/wp-content\/uploads\/2018\/Cursos\/ELE_1.jpg');\"><\/div>\n<div class=\"item\" style=\"background-image: url('\/coltec-ufmg\/wp-content\/uploads\/2018\/08\/Eletro\u0302nica-7.jpg');\"><\/div>\n<div class=\"item\" style=\"background-image: url('\/coltec-ufmg\/wp-content\/uploads\/2018\/Cursos\/ELE_2.jpg');\"><\/div>\n<div class=\"item\" style=\"background-image: url('\/coltec-ufmg\/wp-content\/uploads\/2018\/Cursos\/ELE_3.jpg');\"><\/div>\n<div class=\"item\" style=\"background-image: url('\/coltec-ufmg\/wp-content\/uploads\/2018\/08\/Eletro\u0302nica-4.jpg');\"><\/div>\n<div class=\"item\" style=\"background-image: url('\/coltec-ufmg\/wp-content\/uploads\/2018\/Cursos\/ELE_5.jpg');\"><\/div>\n<div class=\"item\" style=\"background-image: url('\/coltec-ufmg\/wp-content\/uploads\/2018\/08\/Eletro\u0302nica-3.jpg');\"><\/div>\n<div class=\"item\" style=\"background-image: url('\/coltec-ufmg\/wp-content\/uploads\/2018\/Cursos\/ELE_6.jpg');\"><\/div>\n<div class=\"item\" style=\"background-image: url('\/coltec-ufmg\/wp-content\/uploads\/2018\/Cursos\/ELE_9.jpg');\"><\/div>\n<div class=\"item\" style=\"background-image: url('\/coltec-ufmg\/wp-content\/uploads\/2018\/08\/Eletro\u0302nica-6.jpg');\"><\/div>\n<\/div>\n<span class=\"sr-only\">Previous<\/span>\n\n<span class=\"sr-only\">Next<\/span>\n\n<\/div>\n<\/div>\n<\/div>\n<\/div>\n\n","protected":false},"excerpt":{"rendered":"","protected":false},"author":1,"featured_media":0,"parent":57,"menu_order":0,"comment_status":"closed","ping_status":"closed","template":"","meta":{"footnotes":""},"publishpress_future_action":{"enabled":false,"date":"1969-12-31 21:00:00","action":"","terms":[],"taxonomy":"","browser_timezone_offset":0},"_links":{"self":[{"href":"https:\/\/www.coltec.ufmg.br\/coltec-ufmg\/index.php?rest_route=\/wp\/v2\/pages\/63"}],"collection":[{"href":"https:\/\/www.coltec.ufmg.br\/coltec-ufmg\/index.php?rest_route=\/wp\/v2\/pages"}],"about":[{"href":"https:\/\/www.coltec.ufmg.br\/coltec-ufmg\/index.php?rest_route=\/wp\/v2\/types\/page"}],"author":[{"embeddable":true,"href":"https:\/\/www.coltec.ufmg.br\/coltec-ufmg\/index.php?rest_route=\/wp\/v2\/users\/1"}],"replies":[{"embeddable":true,"href":"https:\/\/www.coltec.ufmg.br\/coltec-ufmg\/index.php?rest_route=%2Fwp%2Fv2%2Fcomments&post=63"}],"version-history":[{"count":25,"href":"https:\/\/www.coltec.ufmg.br\/coltec-ufmg\/index.php?rest_route=\/wp\/v2\/pages\/63\/revisions"}],"predecessor-version":[{"id":16017,"href":"https:\/\/www.coltec.ufmg.br\/coltec-ufmg\/index.php?rest_route=\/wp\/v2\/pages\/63\/revisions\/16017"}],"up":[{"embeddable":true,"href":"https:\/\/www.coltec.ufmg.br\/coltec-ufmg\/index.php?rest_route=\/wp\/v2\/pages\/57"}],"wp:attachment":[{"href":"https:\/\/www.coltec.ufmg.br\/coltec-ufmg\/index.php?rest_route=%2Fwp%2Fv2%2Fmedia&parent=63"}],"curies":[{"name":"wp","href":"https:\/\/api.w.org\/{rel}","templated":true}]}}