{"id":65,"date":"2017-07-11T14:16:28","date_gmt":"2017-07-11T17:16:28","guid":{"rendered":"http:\/\/150.164.129.71\/coltec\/?page_id=65"},"modified":"2023-08-08T12:08:32","modified_gmt":"2023-08-08T15:08:32","slug":"curso-de-desenvolvimento-de-sistemas","status":"publish","type":"page","link":"https:\/\/www.coltec.ufmg.br\/coltec-ufmg\/?page_id=65","title":{"rendered":"Curso de Desenvolvimento de Sistemas"},"content":{"rendered":"<div id=\"fb-root\"><\/div>\n<p><script><br \/>\n                (function(d, s, id)<br \/>\n                {<br \/>\n                    var js, fjs = d.getElementsByTagName(s)[0];<br \/>\n                    if (d.getElementById(id)) return;<br \/>\n                    js = d.createElement(s); js.id = id;<br \/>\n                    js.src = \"https:\/\/connect.facebook.net\/en_US\/all.js\";<br \/>\n                    fjs.parentNode.insertBefore(js, fjs);<br \/>\n                }(document, 'script', 'facebook-jssdk'));<br \/>\n            <\/script><\/p>\n<div class=\"container-fluid\">\n<div class=\"row\">\n<nav class=\"scrollspy col-sm-3 col-xs-12\">\n<ul class=\"nav nav-pills nav-stacked\">\n<li><a href=\"\/coltec-ufmg\/?page_id=59\">An\u00e1lises Cl\u00ednicas<\/a><\/li>\n<li><a href=\"\/coltec-ufmg\/?page_id=61\">Automa\u00e7\u00e3o Industrial<\/a><\/li>\n<li class=\"active disabled\"><a href=\"#\">Desenvolvimento de Sistemas<\/a><\/li>\n<li><a href=\"\/coltec-ufmg\/?page_id=63\">Eletr\u00f4nica<\/a><\/li>\n<li><a href=\"\/coltec-ufmg\/?page_id=67\">Qu\u00edmica<\/a><\/li>\n<li><a href=\"\/coltec-ufmg\/?page_id=844\">Biotecnologia<\/a><\/li>\n<li><a href=\"\/coltec-ufmg\/?page_id=1551\">Desenvolvimento de Apps M\u00f3veis<\/a><\/li>\n<\/ul>\n<\/nav>\n<div class=\"col-xs-12 col-md-7 col-sm-9 text-justify\">\n<div id=\"section0\">\n<h1>Sobre o curso<\/h1>\n<p>O profissional formado em <strong>Desenvolvimento de Sistemas<\/strong> ter\u00e1 capacidade de atuar nos diversos \u00e2mbitos da tecnologia de programa\u00e7\u00e3o. Isso devido ao aprendizado de variadas linguagens com paradigmas espec\u00edficos, al\u00e9m do aprendizado de padr\u00f5es de projetos. Sendo assim, o t\u00e9cnico formado em desenvolvimento de sistemas atrav\u00e9s do COLTEC \u00e9 qualificado para trabalhar tanto como um poss\u00edvel desenvolvedor aut\u00f4nomo como um coordenador de projeto.<\/p>\n<\/div>\n<div id=\"section1\">\n<h1>Hist\u00f3ria do curso<\/h1>\n<p class=\"text-justify\">O curso de inform\u00e1tica foi elaborado em 2008 pelos professores M\u00e1rcio Fantini e Humberto Honda. No final desse ano ele foi aprovado em todas as inst\u00e2ncias da UFMG.<\/p>\n<p class=\"text-justify\">Inicialmente o curso contava com apenas 16 vagas devido \u00e0 sua capacidade docente e tamb\u00e9m pela incipiente infraestrutura que ainda seria implantada. A primeira turma de inform\u00e1tica fez o seu debut no ano de 2009 e formou-se em 2010, j\u00e1 que naquela \u00e9poca todos os cursos t\u00e9cnicos iniciavam a etapa profissional apenas no segundo ano. O nome dos alunos desta turma est\u00e3o afixados em uma placa comemorativa na entrada principal do Col\u00e9gio. Deve-se mencionar que naqueles prim\u00f3rdios o setor se apoiou na ajuda volunt\u00e1ria do empres\u00e1rio e engenheiro Fuad Nacif para que todas as disciplinas fossem ministradas de forma equilibrada.<\/p>\n<p class=\"text-justify\">Em 2010, deu-se a entrada efetiva do professor Leandro Maia que passou a lecionar as disciplinas de Introdu\u00e7\u00e3o aos Sistemas L\u00f3gicos, Tecnologia de Programa\u00e7\u00e3o e Desenvolvimento de Aplica\u00e7\u00f5es para Web.<\/p>\n<p class=\"text-justify\">No final de 2013 o Col\u00e9gio decidiu implantar o curso t\u00e9cnico de Biotecnologia e um outro de Inform\u00e1tica com enfoque em desenvolvimento de aplicativos para dispositivos m\u00f3veis. Tal decis\u00e3o institucional levou \u00e0 contrata\u00e7\u00e3o dos docentes Jo\u00e3o Eduardo Montandon e Virg\u00ednia Fernandes Mota.<\/p>\n<\/div>\n\n<div id=\"section2\">\n<h1>Professores<\/h1>\n<div class=\"col-md-4\">\n<div class=\"thumbnail\"><a href=\"http:\/\/buscatextual.cnpq.br\/buscatextual\/visualizacv.do?metodo=apresentar&amp;id=K4218969T2\" target=\"_blank\" rel=\"noopener\">\n<img class=\"professores-cursos\" style=\"width: 100%; height: 100%;\" src=\"\/coltec-ufmg\/wp-content\/uploads\/2018\/06\/virginia.jpeg\" alt=\"Virginia Fernandes Mota\" \/><\/a>\n<div class=\"caption\">\n\nVirg\u00ednia Mota\n\n<\/div>\n<\/div>\n<\/div>\n<div class=\"col-md-4\">\n<div class=\"thumbnail\"><a href=\"http:\/\/buscatextual.cnpq.br\/buscatextual\/visualizacv.do?id=K4247800U6\" target=\"_blank\" rel=\"noopener\">\n<img class=\"professores-cursos\" style=\"width: 100%; height: 100%;\" src=\"\/coltec-ufmg\/wp-content\/uploads\/2018\/06\/leandro.jpg\" alt=\"Leandro Maia\" \/><\/a>\n<div class=\"caption\">\n\nLeandro Maia\n\n<\/div>\n<\/div>\n<\/div>\n<div class=\"col-md-4\">\n<div class=\"thumbnail\"><a href=\"http:\/\/buscatextual.cnpq.br\/buscatextual\/visualizacv.do?id=K4061962J5\" target=\"_blank\" rel=\"noopener\">\n<img class=\"professores-cursos\" style=\"width: 100%; height: 100%;\" src=\"\/coltec-ufmg\/wp-content\/uploads\/2018\/06\/honda.jpg\" alt=\"Humberto Honda\" \/><\/a>\n<div class=\"caption\">\n\nHumberto Honda\n\n<\/div>\n<\/div>\n<\/div>\n<div class=\"col-md-4\">\n<div class=\"thumbnail\"><a href=\"http:\/\/buscatextual.cnpq.br\/buscatextual\/visualizacv.do?id=K4727959A2\" target=\"_blank\" rel=\"noopener\">\n<img class=\"professores-cursos\" style=\"width: 100%; height: 100%;\" src=\"\/coltec-ufmg\/wp-content\/uploads\/2018\/06\/fantini_marcio.jpg\" alt=\"M\u00e1rcio Fantini\" \/><\/a>\n<div class=\"caption\">\n\nM\u00e1rcio Fantini\n\n<\/div>\n<\/div>\n<\/div>\n<div class=\"col-md-4\">\n<div class=\"thumbnail\"><a href=\"http:\/\/buscatextual.cnpq.br\/buscatextual\/visualizacv.do?id=K4426591H5\" target=\"_blank\" rel=\"noopener\">\n<img class=\"professores-cursos\" style=\"width: 100%; height: 100%;\" src=\"\/coltec-ufmg\/wp-content\/uploads\/2018\/06\/joao.jpg\" alt=\"Jo\u00e3o Eduardo\" \/><\/a>\n<div class=\"caption\">\n\nJo\u00e3o Eduardo Montandon\n\n<\/div>\n<\/div>\n<\/div>\n<\/div>\n\n<div class=\"clearfix\"><\/div>\n<div id=\"section3\" class=\"text-justify\">\n<h1>Disciplinas<\/h1>\n<p>O curso possui um total de 8 disciplinas, sendo estas divididas entre os tr\u00eas anos da seguinte forma:<\/p>\n<h3>1 ano<\/h3>\n<p><strong style=\"margin-left: 3em;\">IP (Introdu\u00e7\u00e3o \u00e0 Programa\u00e7\u00e3o):<\/strong> Compreens\u00e3o dos conceitos b\u00e1sicos e intermedi\u00e1rios de programa\u00e7\u00e3o de computadores e l\u00f3gica computacional.<br \/>\n<strong style=\"margin-left: 3em;\">ISL (Introdu\u00e7\u00e3o \u00e0 Sistemas L\u00f3gicos):<\/strong> O aluno aprender\u00e1 sobre estruturas de hardware e a elaborar circuitos digitais.<\/p>\n<h3>2 ano<\/h3>\n<p><strong style=\"margin-left: 3em;\">AEDS (Algoritmos e Estruturas de Dados):<\/strong> Aprendizagem de conceitos mais avan\u00e7ados de programa\u00e7\u00e3o, como estruturas de dados e programa\u00e7\u00e3o orientada \u00e0 objetos.<br \/>\n<strong style=\"margin-left: 3em;\">OCS I (Organiza\u00e7\u00e3o e Conectividade de Sistemas):<\/strong> Conhecimento sobre o funcionamento do computador e de seus principais componentes, desde a menor parte at\u00e9 a mais complexa.<br \/>\n<strong style=\"margin-left: 3em;\">OCS Lab.:<\/strong> Aulas pr\u00e1ticas que ensinam gerenciamento de ambientes de redes e desenvolvimento de sistemas embarcados.<\/p>\n<h3>3 ano<\/h3>\n<p><strong style=\"margin-left: 3em;\">DAW (Desenvolvimento de Aplicativos para Web):<\/strong> O aluno dever\u00e1 ser capaz de desenvolver p\u00e1ginas para Web e realizar sua comunica\u00e7\u00e3o com banco de dados.<br \/>\n<strong style=\"margin-left: 3em;\">TP (Tecnologia da Programa\u00e7\u00e3o):<\/strong> Desenvolvimento de aplicativos m\u00f3veis com foco na plataforma Android.<br \/>\n<strong style=\"margin-left: 3em;\">OCS II:<\/strong> Continua\u00e7\u00e3o de OCS I.<\/p>\n<p><a class=\"btn btn-noticias\" href=\"\/coltec-ufmg\/wp-content\/uploads\/2018\/06\/Grade_DESENVOLVIMENTO_DE_SISTEMAS.pdf\" target=\"_blank\" rel=\"noopener\">Grade Curricular<\/a><a class=\"btn btn-noticias pull-right\" href=\"\/coltec-ufmg\/wp-content\/uploads\/2018\/06\/Projeto-Pedag\u00f3gico-de-Curso_DESENV.-SISTEMAS-1.pdf\" target=\"_blank\" rel=\"noopener\">Projeto Pedag\u00f3gico<\/a><\/p>\n<p><a class=\"btn btn-noticias\" href=\"\/coltec-ufmg\/wp-content\/uploads\/2018\/06\/Grade_DESENVOLVIMENTO_DE_SISTEMAS.pdf\" target=\"_blank\" rel=\"noopener\">Grade Curricular 2023 <\/a><a class=\"btn btn-noticias pull-right\" href=\"\/coltec-ufmg\/wp-content\/uploads\/2023\/06\/PPC_Curso_Tec._Desenvolvimento_de_Sistemas_Integrado_2023.pdf\" target=\"_blank\" rel=\"noopener\">Projeto Pedag\u00f3gico 2023<\/a><\/p>\n<\/div>\n<div id=\"section4\">\n<h1><\/h1>\n<h1>Fotos<\/h1>\n\n<div id=\"carrosel-cursos\" class=\"carousel slide\" data-ride=\"carousel\">\n<ol class=\"carousel-indicators\">\n \t<li class=\"active\" data-target=\"#carrosel-cursos\" data-slide-to=\"0\"><\/li>\n \t<li data-target=\"#carrosel-cursos\" data-slide-to=\"1\"><\/li>\n \t<li data-target=\"#carrosel-cursos\" data-slide-to=\"2\"><\/li>\n \t<li data-target=\"#carrosel-cursos\" data-slide-to=\"3\"><\/li>\n \t<li data-target=\"#carrosel-cursos\" data-slide-to=\"4\"><\/li>\n \t<li data-target=\"#carrosel-cursos\" data-slide-to=\"5\"><\/li>\n \t<li data-target=\"#carrosel-cursos\" data-slide-to=\"6\"><\/li>\n \t<li data-target=\"#carrosel-cursos\" data-slide-to=\"7\"><\/li>\n<\/ol>\n<div class=\"carousel-inner\">\n<div class=\"item active\" style=\"background-image: url('\/coltec-ufmg\/wp-content\/uploads\/2018\/Cursos\/INF_1.jpg');\"><\/div>\n<div class=\"item\" style=\"background-image: url('\/coltec-ufmg\/wp-content\/uploads\/2018\/Cursos\/INF_2.jpg');\"><\/div>\n<div class=\"item\" style=\"background-image: url('\/coltec-ufmg\/wp-content\/uploads\/2018\/Cursos\/INF_3.jpg'); background-position: top;\"><\/div>\n<div class=\"item\" style=\"background-image: url('\/coltec-ufmg\/wp-content\/uploads\/2018\/Cursos\/INF_4.jpg');\"><\/div>\n<div class=\"item\" style=\"background-image: url('\/coltec-ufmg\/wp-content\/uploads\/2018\/Cursos\/INF_5.jpg'); background-position: top;\"><\/div>\n<div class=\"item\" style=\"background-image: url('\/coltec-ufmg\/wp-content\/uploads\/2018\/Cursos\/INF_6.jpg');\"><\/div>\n<div class=\"item\" style=\"background-image: url('\/coltec-ufmg\/wp-content\/uploads\/2018\/Cursos\/INF_7.jpg');\"><\/div>\n<div class=\"item\" style=\"background-image: url('\/coltec-ufmg\/wp-content\/uploads\/2018\/Cursos\/INF_8.jpg');\"><\/div>\n<\/div>\n<a class=\"left carousel-control\" href=\"#carrosel-cursos\" data-slide=\"prev\">\n<\/a><a class=\"left carousel-control\" href=\"#carrosel-cursos\" data-slide=\"prev\"><span class=\"sr-only\">Previous<\/span>\n<\/a>\n\n<a class=\"right carousel-control\" href=\"#carrosel-cursos\" data-slide=\"next\">\n<\/a><a class=\"right carousel-control\" href=\"#carrosel-cursos\" data-slide=\"next\"><span class=\"sr-only\">Next<\/span>\n<\/a>\n\n<\/div>\n\n<div id=\"section5\">\n<h1>Redes Sociais<\/h1>\n<p><iframe loading=\"lazy\" style=\"border: none; overflow: hidden;\" src=\"https:\/\/www.facebook.com\/plugins\/page.php?href=https%3A%2F%2Fwww.facebook.com%2Fcoltec-Info%2F&amp;tabs=timeline&amp;width=700&amp;height=700&amp;small_header=false&amp;adapt_container_width=true&amp;hide_cover=false&amp;show_facepile=true&amp;appId=1431860383543404\" width=\"700\" height=\"700\" frameborder=\"0\" scrolling=\"no\"><\/iframe><\/p>\n<\/div>\n<\/div>\n<\/div>\n<nav id=\"myScrollspy\" class=\"scrollspy hidden-sm hidden-xs\">\n<ul class=\"nav nav-pills nav-stacked\" data-spy=\"affix\" data-offset-top=\"350\">\n<li><a href=\"#section0\">Sobre o curso<\/a><\/li>\n<li><a href=\"#section1\">Hist\u00f3ria do curso<\/a><\/li>\n<li><a href=\"#section2\">Professores<\/a><\/li>\n<li><a href=\"#section3\">Disciplinas<\/a><\/li>\n<li><a href=\"#section4\">Fotos<\/a><\/li>\n<li><a href=\"#section5\">Redes Socias<\/a><\/li>\n<\/ul>\n<\/nav>\n<\/div>\n<\/div>\n<p><script type=\"text\/javascript\"><br \/>\njQuery(document).ready(function(){<br \/>\n                jQuery(\"body\").attr(\"data-spy\", \"scroll\");<br \/>\n                jQuery(\"body\").attr(\"data-target\", \"#myScrollspy\");<br \/>\n                jQuery(\"body\").attr(\"data-offset\", \"15\");<br \/>\n                jQuery(\"#myScrollspy a\").on('click', function(event) {<br \/>\n                 if (this.hash !== \"\") {<br \/>\n                   event.preventDefault();<br \/>\n                   var hash = this.hash;<br \/>\n                   jQuery('html, body').animate({<br \/>\n                   scrollTop: jQuery(hash).offset().top<br \/>\n                   }, 500, function(){<br \/>\n                     window.location.hash = hash;<br \/>\n                   });<br \/>\n                 }<br \/>\n                });<br \/>\n});<br \/>\n<\/script><\/p>\n","protected":false},"excerpt":{"rendered":"<p>An\u00e1lises Cl\u00ednicas Automa\u00e7\u00e3o Industrial Desenvolvimento de Sistemas Eletr\u00f4nica Qu\u00edmica Biotecnologia Desenvolvimento de Apps M\u00f3veis Sobre o curso O profissional formado em Desenvolvimento de Sistemas ter\u00e1 capacidade de atuar nos diversos \u00e2mbitos da tecnologia de programa\u00e7\u00e3o. Isso devido ao aprendizado de variadas linguagens com paradigmas espec\u00edficos, al\u00e9m do aprendizado de padr\u00f5es de projetos. Sendo assim, o [&hellip;]<\/p>\n","protected":false},"author":1,"featured_media":0,"parent":57,"menu_order":0,"comment_status":"closed","ping_status":"closed","template":"","meta":{"footnotes":""},"publishpress_future_action":{"enabled":false,"date":"1969-12-31 21:00:00","action":"","terms":[],"taxonomy":"","browser_timezone_offset":0},"_links":{"self":[{"href":"https:\/\/www.coltec.ufmg.br\/coltec-ufmg\/index.php?rest_route=\/wp\/v2\/pages\/65"}],"collection":[{"href":"https:\/\/www.coltec.ufmg.br\/coltec-ufmg\/index.php?rest_route=\/wp\/v2\/pages"}],"about":[{"href":"https:\/\/www.coltec.ufmg.br\/coltec-ufmg\/index.php?rest_route=\/wp\/v2\/types\/page"}],"author":[{"embeddable":true,"href":"https:\/\/www.coltec.ufmg.br\/coltec-ufmg\/index.php?rest_route=\/wp\/v2\/users\/1"}],"replies":[{"embeddable":true,"href":"https:\/\/www.coltec.ufmg.br\/coltec-ufmg\/index.php?rest_route=%2Fwp%2Fv2%2Fcomments&post=65"}],"version-history":[{"count":142,"href":"https:\/\/www.coltec.ufmg.br\/coltec-ufmg\/index.php?rest_route=\/wp\/v2\/pages\/65\/revisions"}],"predecessor-version":[{"id":11974,"href":"https:\/\/www.coltec.ufmg.br\/coltec-ufmg\/index.php?rest_route=\/wp\/v2\/pages\/65\/revisions\/11974"}],"up":[{"embeddable":true,"href":"https:\/\/www.coltec.ufmg.br\/coltec-ufmg\/index.php?rest_route=\/wp\/v2\/pages\/57"}],"wp:attachment":[{"href":"https:\/\/www.coltec.ufmg.br\/coltec-ufmg\/index.php?rest_route=%2Fwp%2Fv2%2Fmedia&parent=65"}],"curies":[{"name":"wp","href":"https:\/\/api.w.org\/{rel}","templated":true}]}}