{"id":79,"date":"2017-07-11T14:20:38","date_gmt":"2017-07-11T17:20:38","guid":{"rendered":"http:\/\/150.164.129.71\/coltec\/?page_id=79"},"modified":"2022-10-25T18:27:58","modified_gmt":"2022-10-25T21:27:58","slug":"portais","status":"publish","type":"page","link":"https:\/\/www.coltec.ufmg.br\/coltec-ufmg\/?page_id=79","title":{"rendered":"Portais"},"content":{"rendered":"<div class=\"container-fluid\">\n<div style=\"margin-top: 1%;\">\n<nav class=\"scrollspy col-sm-3 col-xs-12\">\n<ul class=\"nav nav-pills nav-stacked\">\n<li class=\"active disabled\"><a href=\"\/coltec\/portais\/\">Portais<\/a><\/li>\n<li><a href=\"\/coltec-ufmg\/?page_id=1011\">Sistema de Notas<\/a><\/li>\n<li><a href=\"\/coltec-ufmg\/?page_id=38\/\">Est\u00e1gio<\/a><\/li>\n<\/ul>\n<\/nav>\n<div class=\"col-sm-9 col-xs-12\">\n<h4>Os portais s\u00e3o sites que servem a tanto a alunos como professores e demais, suas utilidades de maioria pedag\u00f3gica v\u00e3o desde a notifica\u00e7\u00e3o da disponibilidade de uma vaga de emprego ou est\u00e1gio em determinada \u00e1rea at\u00e9 a consulta das notas e do status do ano letivo dos alunos.<\/h4>\n<\/div>\n<\/div>\n<\/div>\n","protected":false},"excerpt":{"rendered":"<p>Portais Sistema de Notas Est\u00e1gio Os portais s\u00e3o sites que servem a tanto a alunos como professores e demais, suas utilidades de maioria pedag\u00f3gica v\u00e3o desde a notifica\u00e7\u00e3o da disponibilidade de uma vaga de emprego ou est\u00e1gio em determinada \u00e1rea at\u00e9 a consulta das notas e do status do ano letivo dos alunos.<\/p>\n","protected":false},"author":1,"featured_media":0,"parent":0,"menu_order":0,"comment_status":"closed","ping_status":"closed","template":"","meta":{"footnotes":""},"publishpress_future_action":{"enabled":false,"date":"1969-12-31 21:00:00","action":"","terms":[],"taxonomy":"","browser_timezone_offset":0},"_links":{"self":[{"href":"https:\/\/www.coltec.ufmg.br\/coltec-ufmg\/index.php?rest_route=\/wp\/v2\/pages\/79"}],"collection":[{"href":"https:\/\/www.coltec.ufmg.br\/coltec-ufmg\/index.php?rest_route=\/wp\/v2\/pages"}],"about":[{"href":"https:\/\/www.coltec.ufmg.br\/coltec-ufmg\/index.php?rest_route=\/wp\/v2\/types\/page"}],"author":[{"embeddable":true,"href":"https:\/\/www.coltec.ufmg.br\/coltec-ufmg\/index.php?rest_route=\/wp\/v2\/users\/1"}],"replies":[{"embeddable":true,"href":"https:\/\/www.coltec.ufmg.br\/coltec-ufmg\/index.php?rest_route=%2Fwp%2Fv2%2Fcomments&post=79"}],"version-history":[{"count":12,"href":"https:\/\/www.coltec.ufmg.br\/coltec-ufmg\/index.php?rest_route=\/wp\/v2\/pages\/79\/revisions"}],"predecessor-version":[{"id":10666,"href":"https:\/\/www.coltec.ufmg.br\/coltec-ufmg\/index.php?rest_route=\/wp\/v2\/pages\/79\/revisions\/10666"}],"wp:attachment":[{"href":"https:\/\/www.coltec.ufmg.br\/coltec-ufmg\/index.php?rest_route=%2Fwp%2Fv2%2Fmedia&parent=79"}],"curies":[{"name":"wp","href":"https:\/\/api.w.org\/{rel}","templated":true}]}}