{"id":7954,"date":"2021-07-22T17:03:45","date_gmt":"2021-07-22T20:03:45","guid":{"rendered":"http:\/\/www.coltec.ufmg.br\/coltec-ufmg\/?page_id=7954"},"modified":"2026-03-12T15:54:49","modified_gmt":"2026-03-12T18:54:49","slug":"orientacoes-da-cadec","status":"publish","type":"page","link":"https:\/\/www.coltec.ufmg.br\/coltec-ufmg\/?page_id=7954","title":{"rendered":"Orienta\u00e7\u00f5es da CADEC"},"content":{"rendered":"<div class=\"container-fluid\">\n<div style=\"margin-top: 1%;\">\n<nav class=\"scrollspy col-sm-3 col-xs-12\">\n<ul class=\"nav nav-pills nav-stacked\">\n<li><a href=\"\/coltec-ufmg\/?page_id=20\">Principal<\/a><\/li>\n<li><a href=\"\/coltec-ufmg\/?page_id=22\">Atas da CADEC<\/a><\/li>\n<li><a href=\"https:\/\/www.coltec.ufmg.br\/coltec-ufmg\/?page_id=9858\">Atas do Conselho Diretor da EBAP<\/a><\/li>\n<li><a href=\"\/coltec-ufmg\/?page_id=26\">Atribui\u00e7\u00f5es da CADEC<\/a><\/li>\n<li><a href=\"\/coltec-ufmg\/?page_id=28\">Composi\u00e7\u00e3o da CADEC<\/a><\/li>\n<li class=\"active disabled\"><a href=\"\/coltec-ufmg\/?page_id=7954\">Orienta\u00e7\u00f5es da CADEC<\/a><\/li>\n<li><a href=\"https:\/\/www.coltec.ufmg.br\/coltec-ufmg\/?page_id=16728\" target=\"_blank\" rel=\"noopener\">Orienta\u00e7\u00f5es da Secretaria Geral<\/a><\/li>\n<\/ul>\n<\/nav>\n<div class=\"col-sm-9 col-xs-12\">\n<h3>Orienta\u00e7\u00f5es da CADEC<\/h3>\n<p>Os itens a serem apreciados pela C\u00e2mara Deliberativa dever\u00e3o estar previstos em pauta. Para tanto, o interessado dever\u00e1 encaminhar sua solicita\u00e7\u00e3o \u00e0 Secretaria Geral, via e-mail, para o endere\u00e7o <a href=\"mailto:secgeral@coltec.ufmg.br\" target=\"_blank\" rel=\"noopener\">secgeral@coltec.ufmg.br<\/a>. A solicita\u00e7\u00e3o dever\u00e1 ser encaminhada:<\/p>\n<p>1. contendo um resumo que explicite <span style=\"text-decoration: underline;\">o contexto<\/span> e <span style=\"text-decoration: underline;\">o que est\u00e1 sendo solicitado<\/span> a ser apreciado pela c\u00e2mara.<br \/>\n2. contendo, em anexo, os documentos referentes ao tema, <strong>devidamente assinados de forma digital<\/strong>, inclusive, aqueles que dar\u00e3o subs\u00eddios aos membros da c\u00e2mara para tomada de decis\u00e3o, como indicado mais abaixo.<br \/>\n3. indicando, quando for o caso, a necessidade de o item tamb\u00e9m ser apreciado pelo Conselho Diretor da EBAP. Essa informa\u00e7\u00e3o levar\u00e1 a secretaria do Coltec a requerer a inclus\u00e3o do item tamb\u00e9m na pauta da reuni\u00e3o do CD que ocorre logo depois, agilizando o processo em favor do interessado.<br \/>\n4. seguindo os prazos adequados.<strong> A pauta ser\u00e1 fechada sete dias antes da data da reuni\u00e3o.<\/strong> <strong>Qualquer item enviado ap\u00f3s o fechamento <span style=\"text-decoration: underline;\">ser\u00e1 inclu\u00eddo na pauta da reuni\u00e3o seguinte.<\/span><\/strong><\/p>\n<p><b>Sobre os documentos necess\u00e1rios para cada tipo de solicita\u00e7\u00e3o (casos mais comuns)<\/b><\/p>\n<p><strong>a.<\/strong> <span style=\"text-decoration: underline;\">Aprecia\u00e7\u00e3o de Projetos<\/span> (Pesquisa, Extens\u00e3o, Prorroga\u00e7\u00e3o e outros)<\/p>\n<p>&#8211; Antes de encaminhar a solicita\u00e7\u00e3o \u00e0 CADEC, o projeto ser\u00e1 encaminhado <b>pelo interessado\u00a0<\/b><strong>ao NAPq ou CENEX para emiss\u00e3o de parecer que dar\u00e1 subs\u00eddio aos membros da CADEC para tomada de decis\u00e3o<\/strong>. Na sequ\u00eancia, o interessado envia mensagem de solicita\u00e7\u00e3o \u00e0 secretaria geral com os seguintes anexos:<br \/>\n&#8211; o projeto em quest\u00e3o;<br \/>\n&#8211; o parecer emitido pelo NAPq\/COLTEC ou CENEX\/COLTEC ou, ainda, por servidor indicado pelos respectivos coordenadores.<\/p>\n<p><strong>b.<\/strong>\u00a0<u>Homologa\u00e7\u00e3o de f\u00e9rias em per\u00edodo letivo<\/u><\/p>\n<p>&#8211; documento de solicita\u00e7\u00e3o de homologa\u00e7\u00e3o de f\u00e9rias assinado pelo interessado, indicando as datas de in\u00edcio e t\u00e9rmino, e justificativa;<br \/>\n&#8211; documento de anu\u00eancia do setor\/n\u00facleo ao qual o docente pertence, deixando claro que, em caso de necessidade, o setor\/n\u00facleo assumir\u00e1 os encargos did\u00e1ticos do docente neste per\u00edodo.<\/p>\n<div>Outros tipos de solicita\u00e7\u00f5es n\u00e3o contemplados neste documento dever\u00e3o seguir as regras gerais de encaminhamento, incluindo os documentos pertinentes. Em caso de d\u00favida, a secretaria geral dever\u00e1 ser consultada.<\/div>\n<\/div>\n<\/div>\n<\/div>\n","protected":false},"excerpt":{"rendered":"<p>Principal Atas da CADEC Atas do Conselho Diretor da EBAP Atribui\u00e7\u00f5es da CADEC Composi\u00e7\u00e3o da CADEC Orienta\u00e7\u00f5es da CADEC Orienta\u00e7\u00f5es da Secretaria Geral Orienta\u00e7\u00f5es da CADEC Os itens a serem apreciados pela C\u00e2mara Deliberativa dever\u00e3o estar previstos em pauta. Para tanto, o interessado dever\u00e1 encaminhar sua solicita\u00e7\u00e3o \u00e0 Secretaria Geral, via e-mail, para o endere\u00e7o [&hellip;]<\/p>\n","protected":false},"author":32,"featured_media":0,"parent":20,"menu_order":0,"comment_status":"closed","ping_status":"closed","template":"","meta":{"footnotes":""},"publishpress_future_action":{"enabled":false,"date":"1969-12-31 21:00:00","action":"","terms":[],"taxonomy":"","browser_timezone_offset":0},"_links":{"self":[{"href":"https:\/\/www.coltec.ufmg.br\/coltec-ufmg\/index.php?rest_route=\/wp\/v2\/pages\/7954"}],"collection":[{"href":"https:\/\/www.coltec.ufmg.br\/coltec-ufmg\/index.php?rest_route=\/wp\/v2\/pages"}],"about":[{"href":"https:\/\/www.coltec.ufmg.br\/coltec-ufmg\/index.php?rest_route=\/wp\/v2\/types\/page"}],"author":[{"embeddable":true,"href":"https:\/\/www.coltec.ufmg.br\/coltec-ufmg\/index.php?rest_route=\/wp\/v2\/users\/32"}],"replies":[{"embeddable":true,"href":"https:\/\/www.coltec.ufmg.br\/coltec-ufmg\/index.php?rest_route=%2Fwp%2Fv2%2Fcomments&post=7954"}],"version-history":[{"count":12,"href":"https:\/\/www.coltec.ufmg.br\/coltec-ufmg\/index.php?rest_route=\/wp\/v2\/pages\/7954\/revisions"}],"predecessor-version":[{"id":16731,"href":"https:\/\/www.coltec.ufmg.br\/coltec-ufmg\/index.php?rest_route=\/wp\/v2\/pages\/7954\/revisions\/16731"}],"up":[{"embeddable":true,"href":"https:\/\/www.coltec.ufmg.br\/coltec-ufmg\/index.php?rest_route=\/wp\/v2\/pages\/20"}],"wp:attachment":[{"href":"https:\/\/www.coltec.ufmg.br\/coltec-ufmg\/index.php?rest_route=%2Fwp%2Fv2%2Fmedia&parent=7954"}],"curies":[{"name":"wp","href":"https:\/\/api.w.org\/{rel}","templated":true}]}}