{"id":844,"date":"2018-05-23T14:29:14","date_gmt":"2018-05-23T17:29:14","guid":{"rendered":"http:\/\/150.164.129.71\/coltec\/?page_id=844"},"modified":"2025-10-20T14:55:26","modified_gmt":"2025-10-20T17:55:26","slug":"curso-de-biotecnologia","status":"publish","type":"page","link":"https:\/\/www.coltec.ufmg.br\/coltec-ufmg\/?page_id=844","title":{"rendered":"Curso de Biotecnologia"},"content":{"rendered":"<div class=\"container-fluid\">\n<div class=\"row\">\n<nav class=\"scrollspy col-sm-3 col-xs-12\">\n<ul class=\"nav nav-pills nav-stacked\">\n<li><a href=\"\/coltec-ufmg\/?page_id=59\">An\u00e1lises Cl\u00ednicas<\/a><\/li>\n<li><a href=\"\/coltec-ufmg\/?page_id=61\">Automa\u00e7\u00e3o Industrial<\/a><\/li>\n<li><a href=\"\/coltec-ufmg\/?page_id=65\">Desenvolvimento de Sistemas<\/a><\/li>\n<li><a href=\"\/coltec-ufmg\/?page_id=63\">Eletr\u00f4nica<\/a><\/li>\n<li><a href=\"\/coltec-ufmg\/?page_id=67\">Qu\u00edmica<\/a><\/li>\n<li class=\"active disabled\"><a href=\"\/coltec\/cursos\/curso-de-biotecnologia\/\">Biotecnologia<\/a><\/li>\n<li><a href=\"\/coltec-ufmg\/?page_id=1551\">Desenvolvimento de Apps M\u00f3veis<\/a><\/li>\n<\/ul>\n<\/nav>\n<div class=\"col-xs-12 col-md-7 col-sm-9\">\n<h1>Sobre o curso<\/h1>\n<p class=\"text-justify\">O Curso T\u00e9cnico em Biotecnologia com \u00eanfase em An\u00e1lises Cl\u00ednicas \u00e9 um curso criado para quem j\u00e1 concluiu o ensino m\u00e9dio e deseja obter uma nova e s\u00f3lida forma\u00e7\u00e3o profissional de n\u00edvel t\u00e9cnico e realizado no hor\u00e1rio noturno.<br \/>\nObjetiva formar profissionais de n\u00edvel t\u00e9cnico de excel\u00eancia, que tenham aptid\u00e3o para desenvolver suas atividades profissionais voltadas para a atua\u00e7\u00e3o junto \u00e0s ind\u00fastrias farmac\u00eauticas, m\u00e9dicas e\/ou veterin\u00e1rias, objetivando, por exemplo, a produ\u00e7\u00e3o de imunobiol\u00f3gicos, tais como vacinas, diluentes, kits de diagn\u00f3stico de diversas doen\u00e7as infecciosas ou n\u00e3o-infecciosas e outros. O curso propiciar\u00e1 a forma\u00e7\u00e3o de um t\u00e9cnico que tenha capacidade t\u00e9cnico-cient\u00edfica para participar da implanta\u00e7\u00e3o de novas tecnologias relacionadas \u00e0 natureza humana e animal, podendo atuar tamb\u00e9m em centros e\/ou institui\u00e7\u00f5es de pesquisa p\u00fablica ou privada.<\/p>\n<p><a href=\"https:\/\/www.coltec.ufmg.br\/coltec-ufmg\/wp-content\/uploads\/2025\/10\/PPC-BIOTEC-final_aprovadopelaCOPEP_final_compressed.pdf\" target=\"_blank\" rel=\"noopener\">Projeto Pedag\u00f3gico<\/a><\/p>\n<p><a href=\"http:\/\/www.coltec.ufmg.br\/coltec-ufmg\/wp-content\/uploads\/2021\/05\/Matriz-curricular_Subsequente_Biotecnologia_ABRIL_2021.pdf\" target=\"_blank\" rel=\"noopener\">Matriz curricular Subsequente Biotecnologia<\/a><\/p>\n<p><img decoding=\"async\" loading=\"lazy\" src=\"\/coltec-ufmg\/wp-content\/uploads\/2018\/06\/biotecnologia.jpg\" width=\"480\" height=\"206\" \/><\/p>\n<\/div>\n<\/div>\n<\/div>\n","protected":false},"excerpt":{"rendered":"<p>An\u00e1lises Cl\u00ednicas Automa\u00e7\u00e3o Industrial Desenvolvimento de Sistemas Eletr\u00f4nica Qu\u00edmica Biotecnologia Desenvolvimento de Apps M\u00f3veis Sobre o curso O Curso T\u00e9cnico em Biotecnologia com \u00eanfase em An\u00e1lises Cl\u00ednicas \u00e9 um curso criado para quem j\u00e1 concluiu o ensino m\u00e9dio e deseja obter uma nova e s\u00f3lida forma\u00e7\u00e3o profissional de n\u00edvel t\u00e9cnico e realizado no hor\u00e1rio noturno. [&hellip;]<\/p>\n","protected":false},"author":1,"featured_media":0,"parent":57,"menu_order":0,"comment_status":"closed","ping_status":"closed","template":"","meta":{"footnotes":""},"publishpress_future_action":{"enabled":false,"date":"1969-12-31 21:00:00","action":"","terms":[],"taxonomy":"","browser_timezone_offset":0},"_links":{"self":[{"href":"https:\/\/www.coltec.ufmg.br\/coltec-ufmg\/index.php?rest_route=\/wp\/v2\/pages\/844"}],"collection":[{"href":"https:\/\/www.coltec.ufmg.br\/coltec-ufmg\/index.php?rest_route=\/wp\/v2\/pages"}],"about":[{"href":"https:\/\/www.coltec.ufmg.br\/coltec-ufmg\/index.php?rest_route=\/wp\/v2\/types\/page"}],"author":[{"embeddable":true,"href":"https:\/\/www.coltec.ufmg.br\/coltec-ufmg\/index.php?rest_route=\/wp\/v2\/users\/1"}],"replies":[{"embeddable":true,"href":"https:\/\/www.coltec.ufmg.br\/coltec-ufmg\/index.php?rest_route=%2Fwp%2Fv2%2Fcomments&post=844"}],"version-history":[{"count":20,"href":"https:\/\/www.coltec.ufmg.br\/coltec-ufmg\/index.php?rest_route=\/wp\/v2\/pages\/844\/revisions"}],"predecessor-version":[{"id":16024,"href":"https:\/\/www.coltec.ufmg.br\/coltec-ufmg\/index.php?rest_route=\/wp\/v2\/pages\/844\/revisions\/16024"}],"up":[{"embeddable":true,"href":"https:\/\/www.coltec.ufmg.br\/coltec-ufmg\/index.php?rest_route=\/wp\/v2\/pages\/57"}],"wp:attachment":[{"href":"https:\/\/www.coltec.ufmg.br\/coltec-ufmg\/index.php?rest_route=%2Fwp%2Fv2%2Fmedia&parent=844"}],"curies":[{"name":"wp","href":"https:\/\/api.w.org\/{rel}","templated":true}]}}