{"id":8465,"date":"2021-10-21T09:05:23","date_gmt":"2021-10-21T12:05:23","guid":{"rendered":"https:\/\/www.coltec.ufmg.br\/coltec-ufmg\/?page_id=8465"},"modified":"2022-12-19T10:28:35","modified_gmt":"2022-12-19T13:28:35","slug":"copep-discentes-dos-cursos-integrados","status":"publish","type":"page","link":"https:\/\/www.coltec.ufmg.br\/coltec-ufmg\/?page_id=8465","title":{"rendered":"COPEP: Informa\u00e7\u00f5es para discentes dos cursos integrados"},"content":{"rendered":"\n<div class=\"wp-block-columns\">\u00a0<\/div>\n<h4>Normas e Resolu\u00e7\u00f5es<\/h4>\n<ul>\n<li><a href=\"https:\/\/drive.google.com\/file\/d\/1M99PS3jmxxoPqOnIhGB0KKVUOapk47rl\/view?usp=sharing\" target=\"_blank\" rel=\"noopener\">Caderno de normas do COLTEC<\/a><\/li>\n<li><a href=\"https:\/\/drive.google.com\/file\/d\/1AuJMHgaPeejOpN0zMZMB6lZx391dZZDr\/view?usp=sharing\" target=\"_blank\" rel=\"noopener\">Resolu\u00e7\u00e3o sobre Recursos Contra Resultados<\/a><\/li>\n<li><a href=\"https:\/\/drive.google.com\/file\/d\/1Bz5y4PQOPbUOYf3I8CyR60TD3Js5FLop\/view?usp=sharing\" target=\"_blank\" rel=\"noopener\">Resolu\u00e7\u00e3o sobre a Aten\u00e7\u00e3o Especial<\/a><\/li>\n<li><a href=\"https:\/\/drive.google.com\/file\/d\/1wSjRazsC81dA6gwNwljM71X6J8sFPAQ-\/view?usp=sharing\" target=\"_blank\" rel=\"noopener\">Resolu\u00e7\u00e3o sobre a oferta de vagas de L\u00edngua Estrangeira<\/a><\/li>\n<li><a href=\"https:\/\/drive.google.com\/file\/d\/1BkLp2reNO7glz0edOVj0Q8V1Zh1i0bwn\/view?usp=sharing\" target=\"_blank\" rel=\"noopener\">Resolu\u00e7\u00e3o sobre o Regime Especial<\/a><\/li>\n<li><a href=\"https:\/\/drive.google.com\/file\/d\/1K--aLI927oNoaRzH8cZg4H56bll1LU1G\/view?usp=sharing\" target=\"_blank\" rel=\"noopener\">Resolu\u00e7\u00e3o sobre o funcionamento e a dispensa da pr\u00e1tica de Educa\u00e7\u00e3o F\u00edsica<\/a><\/li>\n<li><a href=\"https:\/\/drive.google.com\/file\/d\/1L51g14c5JKgAYYQZ7oxF1ka2abTwKdBe\/view?usp=sharing\" target=\"_blank\" rel=\"noopener\">Resolu\u00e7\u00e3o sobre a reop\u00e7\u00e3o de curso<\/a><\/li>\n<li><a href=\"https:\/\/drive.google.com\/file\/d\/1MHF5uat1H4Mz8I9nt2RBKt7z4S4YYcLE\/view?usp=sharing\" target=\"_blank\" rel=\"noopener\">Resolu\u00e7\u00e3o sobre o lan\u00e7amento de notas e faltas<\/a><\/li>\n<li><a href=\"https:\/\/drive.google.com\/file\/d\/1qh0pHW23AKqWqstqnRaKLptxJVVPeDBs\/view?usp=sharing\" target=\"_blank\" rel=\"noopener\">Resolu\u00e7\u00e3o sobre a recupera\u00e7\u00e3o<\/a><\/li>\n<li><a href=\"https:\/\/drive.google.com\/file\/d\/1eDOhsnm0LozEHdwYqJnyQCQWixGeSwMX\/view?usp=sharing\" target=\"_blank\" rel=\"noopener\">Resolu\u00e7\u00e3o sobre o trancamento de matr\u00edcula<\/a><\/li>\n<li><a href=\"https:\/\/drive.google.com\/file\/d\/1fJuApmnX4t5xHb6Ir1UXz4f2_ztatPxx\/view?usp=sharing\" target=\"_blank\" rel=\"noopener\">Resolu\u00e7\u00e3o sobre a depend\u00eancia (3\u00ba ano).<\/a><\/li>\n<li><a href=\"https:\/\/drive.google.com\/file\/d\/1YxswLlEsYff1QspTFWzE4S5L9php37IG\/view?usp=sharing\" target=\"_blank\" rel=\"noopener\">Resolu\u00e7\u00e3o sobre o est\u00e1gio curricular obrigat\u00f3rio<\/a>.<\/li>\n<\/ul>\n<h4>Formul\u00e1rios<\/h4>\n<ul>\n<li><a href=\"https:\/\/drive.google.com\/file\/d\/1GBjU1ys2bONLQU5agUqu8GHYNpcGM1Pb\/view?usp=sharing\" target=\"_blank\" rel=\"noopener\">Solicita\u00e7\u00e3o de Regime Especial<\/a><\/li>\n<li><a href=\"https:\/\/drive.google.com\/file\/d\/1blaBuFMqUe5h-ovxtIKoZ-pSA10G8KyD\/view?usp=sharing\" target=\"_blank\" rel=\"noopener\">Solicita\u00e7\u00e3o de Aten\u00e7\u00e3o Especial<\/a><\/li>\n<li><a href=\"https:\/\/drive.google.com\/file\/d\/1WfeAbQZ2jZqN8PjHVOUA2-WKkjHtxHwh\/view?usp=sharing\" target=\"_blank\" rel=\"noopener\">Solicita\u00e7\u00e3o de trancamento de matr\u00edcula<\/a> (<a href=\"https:\/\/drive.google.com\/file\/d\/1lSFrg2yL1jNI4fMvEm1fJkNQxJ0W2_Gu\/view?usp=sharing\" target=\"_blank\" rel=\"noopener\">O que caracteriza o trancamento de matr\u00edcula?<\/a>)<\/li>\n<li><a href=\"https:\/\/drive.google.com\/file\/d\/1Qr-RQ0VYTn8load25enWh7eGySWxZyfk\/view?usp=sharing\" target=\"_blank\" rel=\"noopener\">Apresenta\u00e7\u00e3o de recurso contra resultado<\/a><\/li>\n<li><a href=\"https:\/\/drive.google.com\/file\/d\/1_GiuRC3AbrY0R5vJsYt3liH0XQ5XO9Ez\/view?usp=sharing\" target=\"_blank\" rel=\"noopener\">Formul\u00e1rio solicita\u00e7\u00e3o de dispensa da Educa\u00e7\u00e3o F\u00edsica.<\/a><\/li>\n<li><a href=\"https:\/\/docs.google.com\/document\/d\/1_Ab2orj1nOkUfNJQEYzdA8q3ojhJmwEA\/edit?usp=sharing&amp;ouid=104199562520572870329&amp;rtpof=true&amp;sd=true\" target=\"_blank\" rel=\"noopener\">Formul\u00e1rio requerimento de matr\u00edcula na modalidade depend\u00eancia.<\/a><\/li>\n<li>Formul\u00e1rio para solicita\u00e7\u00e3o de dispensa em L\u00edngua Estrangeira: <a href=\"https:\/\/drive.google.com\/file\/d\/1SO_Y4zDxu42PF5yet5o9JLXoR8zmSAgJ\/view?usp=share_link\" target=\"_blank\" rel=\"noopener\">Ingl\u00eas<\/a> e <a href=\"https:\/\/drive.google.com\/file\/d\/14tT6qL2BZalPHMddyuJB1MspkPdpVIyG\/view?usp=share_link\" target=\"_blank\" rel=\"noopener\">Espanhol<\/a> (Confira os pr\u00e9-requisitos para dispensa em <a href=\"https:\/\/docs.google.com\/document\/d\/19T_IiRRoV4Qj1A9Tcwyffe-wE-6E6xAX\/edit?usp=share_link&amp;ouid=104199562520572870329&amp;rtpof=true&amp;sd=true\" target=\"_blank\" rel=\"noopener\">Ingl\u00eas<\/a> e <a href=\"https:\/\/docs.google.com\/document\/d\/17d2E-DPJmrpwA0mR2DFvcf0GlgyIt6cb\/edit?usp=share_link&amp;ouid=104199562520572870329&amp;rtpof=true&amp;sd=true\" target=\"_blank\" rel=\"noopener\">Espanhol<\/a>)<\/li>\n<\/ul>\n<h4>Outras Informa\u00e7\u00f5es<\/h4>\n<ul>\n<li><a href=\"https:\/\/drive.google.com\/file\/d\/1qUvWlwEQfRILO8Y8O2_MLpHaxJTF9tE1\/view?usp=sharing\" target=\"_blank\" rel=\"noopener\">Atribui\u00e7\u00f5es dos coordenadores de curso.<\/a><\/li>\n<li><a href=\"https:\/\/drive.google.com\/file\/d\/1XgciTzfsDes2wjl0d1lryY-nRTqOUxjx\/view?usp=sharing\" target=\"_blank\" rel=\"noopener\">Compet\u00eancias e atribui\u00e7\u00f5es da Gest\u00e3o Pedag\u00f3gica do COLTEC.<\/a><\/li>\n<\/ul>\n<p>\u00a0<\/p>\n","protected":false},"excerpt":{"rendered":"<p>\u00a0 Normas e Resolu\u00e7\u00f5es Caderno de normas do COLTEC Resolu\u00e7\u00e3o sobre Recursos Contra Resultados Resolu\u00e7\u00e3o sobre a Aten\u00e7\u00e3o Especial Resolu\u00e7\u00e3o sobre a oferta de vagas de L\u00edngua Estrangeira Resolu\u00e7\u00e3o sobre o Regime Especial Resolu\u00e7\u00e3o sobre o funcionamento e a dispensa da pr\u00e1tica de Educa\u00e7\u00e3o F\u00edsica Resolu\u00e7\u00e3o sobre a reop\u00e7\u00e3o de curso Resolu\u00e7\u00e3o sobre o lan\u00e7amento [&hellip;]<\/p>\n","protected":false},"author":35,"featured_media":0,"parent":30,"menu_order":2,"comment_status":"closed","ping_status":"closed","template":"","meta":{"footnotes":""},"publishpress_future_action":{"enabled":false,"date":"1969-12-31 21:00:00","action":"","terms":[],"taxonomy":"","browser_timezone_offset":0},"_links":{"self":[{"href":"https:\/\/www.coltec.ufmg.br\/coltec-ufmg\/index.php?rest_route=\/wp\/v2\/pages\/8465"}],"collection":[{"href":"https:\/\/www.coltec.ufmg.br\/coltec-ufmg\/index.php?rest_route=\/wp\/v2\/pages"}],"about":[{"href":"https:\/\/www.coltec.ufmg.br\/coltec-ufmg\/index.php?rest_route=\/wp\/v2\/types\/page"}],"author":[{"embeddable":true,"href":"https:\/\/www.coltec.ufmg.br\/coltec-ufmg\/index.php?rest_route=\/wp\/v2\/users\/35"}],"replies":[{"embeddable":true,"href":"https:\/\/www.coltec.ufmg.br\/coltec-ufmg\/index.php?rest_route=%2Fwp%2Fv2%2Fcomments&post=8465"}],"version-history":[{"count":18,"href":"https:\/\/www.coltec.ufmg.br\/coltec-ufmg\/index.php?rest_route=\/wp\/v2\/pages\/8465\/revisions"}],"predecessor-version":[{"id":10924,"href":"https:\/\/www.coltec.ufmg.br\/coltec-ufmg\/index.php?rest_route=\/wp\/v2\/pages\/8465\/revisions\/10924"}],"up":[{"embeddable":true,"href":"https:\/\/www.coltec.ufmg.br\/coltec-ufmg\/index.php?rest_route=\/wp\/v2\/pages\/30"}],"wp:attachment":[{"href":"https:\/\/www.coltec.ufmg.br\/coltec-ufmg\/index.php?rest_route=%2Fwp%2Fv2%2Fmedia&parent=8465"}],"curies":[{"name":"wp","href":"https:\/\/api.w.org\/{rel}","templated":true}]}}