{"id":8876,"date":"2021-12-20T22:45:45","date_gmt":"2021-12-21T01:45:45","guid":{"rendered":"https:\/\/www.coltec.ufmg.br\/coltec-ufmg\/?page_id=8876"},"modified":"2021-12-29T15:17:47","modified_gmt":"2021-12-29T18:17:47","slug":"secao-de-logistica-e-predial-slop","status":"publish","type":"page","link":"https:\/\/www.coltec.ufmg.br\/coltec-ufmg\/?page_id=8876","title":{"rendered":"SE\u00c7\u00c3O DE LOG\u00cdSTICA E PREDIAL (SLOP)"},"content":{"rendered":"\n<h3>Se\u00e7\u00e3o de Log\u00edstica Operacional e Predial<\/h3>\n<p>HOR\u00c1RIO DE ATENDIMENTO: 8h \u00e0s 16h<\/p>\n<p>CONTATOS DA SE\u00c7\u00c3O ADMINISTRATIVA<\/p>\n<p>Telefone: (31) 3409 4967 e (31) 3409 4980<\/p>\n<p>Whatsapp: (31) 9 8689 2054<\/p>\n<p>e-mail: slo@coltec.ufmg.br<\/p>\n<p>\u00a0<\/p>\n<p>EQUIPE:<\/p>\n<p>Aline da Silva Wan Der Maas \u2013 <a href=\"mailto:slo@coltec.ufmg.br\">slo@coltec.ufmg.br<\/a><\/p>\n<p>Andr\u00e9 Luis de Oliveira \u2013 <a href=\"mailto:andreluis@ufmg.br\">andreluis@ufmg.br<\/a><\/p>\n<p>\u00a0\u00a0\u00a0\u00a0\u00a0\u00a0\u00a0\u00a0\u00a0\u00a0\u00a0\u00a0\u00a0\u00a0\u00a0\u00a0\u00a0\u00a0\u00a0\u00a0\u00a0\u00a0\u00a0\u00a0\u00a0\u00a0\u00a0\u00a0\u00a0\u00a0\u00a0\u00a0\u00a0\u00a0\u00a0\u00a0\u00a0\u00a0\u00a0\u00a0\u00a0\u00a0\u00a0 <a href=\"mailto:andreluis@teiacoltec.org\">andreluis@teiacoltec.org<\/a><\/p>\n<p>\u00c9rica Fialho Milagres \u2013 <a href=\"mailto:ericafialho@ufmg.br\">ericafialho@ufmg.br<\/a><\/p>\n<p>\u00a0<\/p>\n<p><strong>SERVI\u00c7O DE REPROGRAFIA<\/strong><\/p>\n<p>O servi\u00e7o estar\u00e1 dispon\u00edvel para professores e servidores de forma programada.<\/p>\n<p>HOR\u00c1RIO DE ATENDIMENTO: ter\u00e7a e quinta-feira de 7h30 \u00e0s 16h30<\/p>\n<p><strong>Excepcionalmente na primeira semana de janeiro, o atendimento ocorrer\u00e1 segunda, quarta e sexta-feira, no hor\u00e1rio de 8h \u00e0s 14h<\/strong>.<\/p>\n<p>CONTATO PARA SOLICITA\u00c7\u00c3O DE C\u00d3PIAS<\/p>\n<p>e-mail:<\/p>\n<p>EQUIPE:<\/p>\n<p>Valdir Amaral C\u00f4rtes<\/p>\n<p>\u00a0<\/p>\n<p>\u00a0<\/p>\n<p><strong>ATRIBUI\u00c7\u00d5ES<br \/><\/strong><br \/>\u25cf Recebimento, controle e acompanhamento de chamados via Intranet e abertura de chamado via sistema DEMAI para manuten\u00e7\u00e3o, conserva\u00e7\u00e3o e repara\u00e7\u00e3o da Infraestrutura do pr\u00e9dio.<br \/>\u25cf Controle de agendamento da frota de ve\u00edculos oficiais e motorista (sa\u00eddas locais, viagens e visitas t\u00e9cnicas) para atender as demandas do Col\u00e9gio;<br \/>\u25cf Controle e acompanhamento da manuten\u00e7\u00e3o dos carros, controle dos pedidos de di\u00e1rias e horas extras do motorista.<br \/>\u25cf Aux\u00edlio na otimiza\u00e7\u00e3o e distribui\u00e7\u00e3o de tarefas; fun\u00e7\u00e3o de auxiliar, acompanhar e comunicar \u00e0 fiscaliza\u00e7\u00e3o da UFMG sobre quaisquer irregularidades ocorridas no \u00e2mbito de sua Unidade na execu\u00e7\u00e3o do Contrato, sendo uma delas comunicar ao DLO as faltas das serventes da unidade.<br \/>\u25cf Acompanhar e coordenar o servi\u00e7o de portaria.<br \/>\u25cf Observa\u00e7\u00e3o e monitoramento da entrada e circula\u00e7\u00e3o de pessoas atrav\u00e9s das c\u00e2meras pelos porteiros; pedidos de reposicionamento das c\u00e2meras \u00e0 seguran\u00e7a da UFMG, pedido de imagens gravadas a fim de apurar algum fato ocorrido no col\u00e9gio.<br \/>\u25cf Controle do sistema das catracas: ativa\u00e7\u00e3o, manuten\u00e7\u00e3o preventiva, reparos e controle de pe\u00e7as de reposi\u00e7\u00e3o.<br \/>\u25cf Controle do uso do elevador atrav\u00e9s do porteiro; controle das inspe\u00e7\u00f5es feitas pela contratada; abertura de chamado para manuten\u00e7\u00e3o preventiva e corretiva.<br \/>\u25cf Controle e fiscaliza\u00e7\u00e3o do servi\u00e7o de copa.<br \/>\u25cf Controle e fiscaliza\u00e7\u00e3o do contrato da cantina.<br \/>\u25cf Controle de cess\u00e3o de escaninhos dos discentes (entrega do termo de compromisso da cess\u00e3o, entrega e recebimento dos cadeados com segredo).<br \/>\u25cf Programa\u00e7\u00e3o de dedetiza\u00e7\u00e3o e limpeza da caixa d\u00b4\u00e1gua do col\u00e9gio.<br \/>\u25cf Controle de recebimento e entrega de objetos perdidos e achados de alunos e p\u00fablico em geral do Coltec.<br \/>\u25cf Agendamentos da sala 300, 330 e audit\u00f3rio \u2013 agendamentos para professores, gr\u00eamio e comiss\u00e3o de formatura para reuni\u00f5es, aplica\u00e7\u00e3o de provas, palestras, etc.<br \/>\u25cf Controle de empr\u00e9stimo de chaves de todas as salas e se\u00e7\u00f5es do pr\u00e9dio.<br \/>\u25cf Controle de empr\u00e9stimo de Projetor, Notebook , extens\u00e3o e microfone \u2013 empr\u00e9stimo de aparelhos para professores e monitores a serem usados em salas que n\u00e3o s\u00e3o equipadas.<br \/>\u25cf Planejar e coordenar o Servi\u00e7o de Reprografia do Col\u00e9gio; controle do n\u00famero de c\u00f3pias de cada setor<br \/>\u25cf Controle dos servi\u00e7os de xerox realizados na Pra\u00e7a de Servi\u00e7os \u2013 Controle e emiss\u00e3o da guia de autoriza\u00e7\u00e3o, ateste das notas dos servi\u00e7os realizados.<br \/>\u25cf Servi\u00e7o de entrega de correspond\u00eancias nos correios para todos os setores do col\u00e9gio<br \/>\u25cf Gest\u00e3o e acompanhamento dos adolescentes da cruz-vermelha lotados no setor (sele\u00e7\u00e3o, fiscaliza\u00e7\u00e3o do cumprimento da carga hor\u00e1ria, assinatura da folha de ponto, delega\u00e7\u00e3o de fun\u00e7\u00f5es. Etc. )<br \/>\u25cf Entrega de documentos aos setores dentro do Campus da UFMG.<br \/>\u25cf Compra de bens de consumo e bens permanentes para uso da SLOP e para uso da manuten\u00e7\u00e3o do pr\u00e9dio<br \/>\u25cf Pedidos de Compras para Dire\u00e7\u00e3o \u2013 bens de uso permanente de \u00e1reas comuns do pr\u00e9dio relacionados \u00e0 Infraestrutura.<br \/>\u25cf Pedidos de materiais no Almoxarifado \u2013 pedidos para SLOP (materiais de consumo para servi\u00e7o de Copa, Limpeza, xerox e escrit\u00f3rio ) e pedidos de material de consumo de escrit\u00f3rio para NUPED<br \/>\u25cf Controle de chamados e ateste do contrato de chaveiro.<br \/>\u25cf Organiza\u00e7\u00e3o das Salas de aula \u2013 controle e remanejamento do n\u00famero de cadeiras para atender as necessidades das turmas.<br \/>\u25cf Empr\u00e9stimo do pr\u00e9dio para concursos e simulados \u2013 Participar do planejamento, bem como executar e\/ou acompanhar a loca\u00e7\u00e3o do pr\u00e9dio e demais depend\u00eancias para eventos externos e internos, ao que se refere a salas de aula, audit\u00f3rio, quadras e p\u00e1tio.<br \/>\u25cf Solicita\u00e7\u00e3o e agendamento de carregadores no setor de transporte para mudan\u00e7as e transfer\u00eancias de mobili\u00e1rio no col\u00e9gio.<br \/>\u25cf Suporte aos eventos do Gr\u00eamio \u2013 empr\u00e9stimo de som, materiais, espa\u00e7os, disponibiliza\u00e7\u00e3o de carro, etc..<br \/>\u25cf Controle patrimonial \u2013 Realizar o controle patrimonial da Se\u00e7\u00e3o, nas diversas salas sob a responsabilidade do setor, al\u00e9m das \u00e1reas comuns (banheiros, corredores, hall\u00b4s de entrada), em m\u00e9dia 51 locais sob nossa responsabilidade.<br \/>\u25cf Autoriza\u00e7\u00e3o e controle de fixa\u00e7\u00e3o de cartazes internos e externos, atrav\u00e9s de carimbo indicando a data de retirada.<\/p>\n","protected":false},"excerpt":{"rendered":"<p>Se\u00e7\u00e3o de Log\u00edstica Operacional e Predial HOR\u00c1RIO DE ATENDIMENTO: 8h \u00e0s 16h CONTATOS DA SE\u00c7\u00c3O ADMINISTRATIVA Telefone: (31) 3409 4967 e (31) 3409 4980 Whatsapp: (31) 9 8689 2054 e-mail: slo@coltec.ufmg.br \u00a0 EQUIPE: Aline da Silva Wan Der Maas \u2013 slo@coltec.ufmg.br Andr\u00e9 Luis de Oliveira \u2013 andreluis@ufmg.br \u00a0\u00a0\u00a0\u00a0\u00a0\u00a0\u00a0\u00a0\u00a0\u00a0\u00a0\u00a0\u00a0\u00a0\u00a0\u00a0\u00a0\u00a0\u00a0\u00a0\u00a0\u00a0\u00a0\u00a0\u00a0\u00a0\u00a0\u00a0\u00a0\u00a0\u00a0\u00a0\u00a0\u00a0\u00a0\u00a0\u00a0\u00a0\u00a0\u00a0\u00a0\u00a0\u00a0 andreluis@teiacoltec.org \u00c9rica Fialho Milagres \u2013 ericafialho@ufmg.br \u00a0 [&hellip;]<\/p>\n","protected":false},"author":7,"featured_media":0,"parent":0,"menu_order":0,"comment_status":"closed","ping_status":"closed","template":"","meta":{"footnotes":""},"publishpress_future_action":{"enabled":false,"date":"1969-12-31 21:00:00","action":"","terms":[],"taxonomy":"","browser_timezone_offset":0},"_links":{"self":[{"href":"https:\/\/www.coltec.ufmg.br\/coltec-ufmg\/index.php?rest_route=\/wp\/v2\/pages\/8876"}],"collection":[{"href":"https:\/\/www.coltec.ufmg.br\/coltec-ufmg\/index.php?rest_route=\/wp\/v2\/pages"}],"about":[{"href":"https:\/\/www.coltec.ufmg.br\/coltec-ufmg\/index.php?rest_route=\/wp\/v2\/types\/page"}],"author":[{"embeddable":true,"href":"https:\/\/www.coltec.ufmg.br\/coltec-ufmg\/index.php?rest_route=\/wp\/v2\/users\/7"}],"replies":[{"embeddable":true,"href":"https:\/\/www.coltec.ufmg.br\/coltec-ufmg\/index.php?rest_route=%2Fwp%2Fv2%2Fcomments&post=8876"}],"version-history":[{"count":4,"href":"https:\/\/www.coltec.ufmg.br\/coltec-ufmg\/index.php?rest_route=\/wp\/v2\/pages\/8876\/revisions"}],"predecessor-version":[{"id":8961,"href":"https:\/\/www.coltec.ufmg.br\/coltec-ufmg\/index.php?rest_route=\/wp\/v2\/pages\/8876\/revisions\/8961"}],"wp:attachment":[{"href":"https:\/\/www.coltec.ufmg.br\/coltec-ufmg\/index.php?rest_route=%2Fwp%2Fv2%2Fmedia&parent=8876"}],"curies":[{"name":"wp","href":"https:\/\/api.w.org\/{rel}","templated":true}]}}