{"id":9777,"date":"2022-06-25T16:34:00","date_gmt":"2022-06-25T19:34:00","guid":{"rendered":"https:\/\/www.coltec.ufmg.br\/coltec-ufmg\/?page_id=9777"},"modified":"2023-06-06T12:42:40","modified_gmt":"2023-06-06T15:42:40","slug":"deliberacoes-gerais-da-cadec","status":"publish","type":"page","link":"https:\/\/www.coltec.ufmg.br\/coltec-ufmg\/?page_id=9777","title":{"rendered":"Delibera\u00e7\u00f5es Gerais da CADEC"},"content":{"rendered":"\n<p>&nbsp;<\/p>\n<p>&nbsp; &nbsp; &nbsp; &nbsp; &nbsp; &nbsp; &nbsp; &nbsp; &nbsp; &nbsp; &nbsp; &nbsp; &nbsp; &nbsp; &nbsp; &nbsp; &nbsp; &nbsp; &nbsp; Por aqui voc\u00ea acompanha e fica por dentro de tudo o que acontece no COLTEC!<\/p>\n<p>&nbsp;<\/p>\n<p>&nbsp; &nbsp; &nbsp; &nbsp; &nbsp; &nbsp; &nbsp; &nbsp; &nbsp; &nbsp; &nbsp; &nbsp; &nbsp; &nbsp; &nbsp; &nbsp; &nbsp; &nbsp; &nbsp; <strong>Nesta p\u00e1gina tamb\u00e9m poder\u00e1 consultar as delibera\u00e7\u00f5es das reuni\u00f5es anteriores da C\u00e2mara Deliberativa do COLTEC \u2013 CADEC!<\/strong><\/p>\n<p>&nbsp;<\/p>\n<p>&nbsp; &nbsp; &nbsp; &nbsp; &nbsp; &nbsp; &nbsp; &nbsp; &nbsp; &nbsp; &nbsp; &nbsp; &nbsp; &nbsp; &nbsp; &nbsp; &nbsp; &nbsp; &nbsp; Basta clicar no link abaixo e fazer o longin com o e-mail do @teiacoltec.org!<\/p>\n<p>&nbsp; &nbsp; &nbsp; &nbsp; &nbsp; &nbsp; &nbsp; &nbsp; &nbsp; &nbsp; &nbsp; &nbsp; &nbsp; &nbsp; &nbsp; &nbsp; &nbsp; &nbsp; &nbsp; &nbsp; &nbsp; &nbsp; &nbsp; &nbsp; &nbsp; &nbsp; &nbsp; &nbsp; &nbsp; &nbsp; <img decoding=\"async\" loading=\"lazy\" class=\"alignnone size-full wp-image-10016\" src=\"https:\/\/www.coltec.ufmg.br\/coltec-ufmg\/wp-content\/uploads\/2022\/07\/download.jpg\" alt=\"\" width=\"224\" height=\"224\" srcset=\"https:\/\/www.coltec.ufmg.br\/coltec-ufmg\/wp-content\/uploads\/2022\/07\/download.jpg 224w, https:\/\/www.coltec.ufmg.br\/coltec-ufmg\/wp-content\/uploads\/2022\/07\/download-150x150.jpg 150w, https:\/\/www.coltec.ufmg.br\/coltec-ufmg\/wp-content\/uploads\/2022\/07\/download-120x120.jpg 120w, https:\/\/www.coltec.ufmg.br\/coltec-ufmg\/wp-content\/uploads\/2022\/07\/download-100x100.jpg 100w\" sizes=\"(max-width: 224px) 100vw, 224px\" \/><\/p>\n\n\n\n<table class=\" aligncenter\" style=\"height: 119px; width: 108.103%;\">\n<tbody>\n<tr style=\"height: 33px;\">\n<td style=\"width: 16.7241%; height: 33px; text-align: center;\">\n<h4>\u00a0<\/h4>\n<\/td>\n<td style=\"width: 10.5172%; height: 33px; text-align: center;\">\u00a0<\/td>\n<td style=\"width: 107.761%; height: 33px; text-align: center;\">\u00a0<\/td>\n<\/tr>\n<tr style=\"height: 24px;\">\n<td style=\"width: 16.7241%; height: 24px; text-align: center;\">\u00a0<\/td>\n<td style=\"width: 10.5172%; height: 24px; text-align: center;\">\u00a0<\/td>\n<td style=\"width: 107.761%; height: 24px; text-align: center;\"><a href=\"https:\/\/drive.google.com\/drive\/folders\/0AKQhTgKq89g1Uk9PVA\" target=\"_blank\" rel=\"noopener\"><strong>DELIBERA\u00c7\u00d5ES GERAIS DA CADEC<\/strong><\/a><\/td>\n<\/tr>\n<\/tbody>\n<\/table>\n<p>\u00a0<\/p>\n","protected":false},"excerpt":{"rendered":"<p>&nbsp; &nbsp; &nbsp; &nbsp; &nbsp; &nbsp; &nbsp; &nbsp; &nbsp; &nbsp; &nbsp; &nbsp; &nbsp; &nbsp; &nbsp; &nbsp; &nbsp; &nbsp; &nbsp; &nbsp; Por aqui voc\u00ea acompanha e fica por dentro de tudo o que acontece no COLTEC! &nbsp; &nbsp; &nbsp; &nbsp; &nbsp; &nbsp; &nbsp; &nbsp; &nbsp; &nbsp; &nbsp; &nbsp; &nbsp; &nbsp; &nbsp; &nbsp; &nbsp; &nbsp; &nbsp; &nbsp; [&hellip;]<\/p>\n","protected":false},"author":7,"featured_media":0,"parent":20,"menu_order":0,"comment_status":"closed","ping_status":"closed","template":"","meta":{"footnotes":""},"publishpress_future_action":{"enabled":false,"date":"1969-12-31 21:00:00","action":"","terms":[],"taxonomy":"","browser_timezone_offset":0},"_links":{"self":[{"href":"https:\/\/www.coltec.ufmg.br\/coltec-ufmg\/index.php?rest_route=\/wp\/v2\/pages\/9777"}],"collection":[{"href":"https:\/\/www.coltec.ufmg.br\/coltec-ufmg\/index.php?rest_route=\/wp\/v2\/pages"}],"about":[{"href":"https:\/\/www.coltec.ufmg.br\/coltec-ufmg\/index.php?rest_route=\/wp\/v2\/types\/page"}],"author":[{"embeddable":true,"href":"https:\/\/www.coltec.ufmg.br\/coltec-ufmg\/index.php?rest_route=\/wp\/v2\/users\/7"}],"replies":[{"embeddable":true,"href":"https:\/\/www.coltec.ufmg.br\/coltec-ufmg\/index.php?rest_route=%2Fwp%2Fv2%2Fcomments&post=9777"}],"version-history":[{"count":30,"href":"https:\/\/www.coltec.ufmg.br\/coltec-ufmg\/index.php?rest_route=\/wp\/v2\/pages\/9777\/revisions"}],"predecessor-version":[{"id":11760,"href":"https:\/\/www.coltec.ufmg.br\/coltec-ufmg\/index.php?rest_route=\/wp\/v2\/pages\/9777\/revisions\/11760"}],"up":[{"embeddable":true,"href":"https:\/\/www.coltec.ufmg.br\/coltec-ufmg\/index.php?rest_route=\/wp\/v2\/pages\/20"}],"wp:attachment":[{"href":"https:\/\/www.coltec.ufmg.br\/coltec-ufmg\/index.php?rest_route=%2Fwp%2Fv2%2Fmedia&parent=9777"}],"curies":[{"name":"wp","href":"https:\/\/api.w.org\/{rel}","templated":true}]}}