{"id":9858,"date":"2022-06-01T16:26:39","date_gmt":"2022-06-01T19:26:39","guid":{"rendered":"https:\/\/www.coltec.ufmg.br\/coltec-ufmg\/?page_id=9858"},"modified":"2025-04-01T20:08:57","modified_gmt":"2025-04-01T23:08:57","slug":"ze","status":"publish","type":"page","link":"https:\/\/www.coltec.ufmg.br\/coltec-ufmg\/?page_id=9858","title":{"rendered":"Atas do Conselho Diretor da EBAP"},"content":{"rendered":"\n\n\n<div class=\"wp-block-columns is-layout-flex wp-container-2 wp-block-columns-is-layout-flex\">\n<div class=\"wp-block-column is-layout-flow wp-block-column-is-layout-flow\" style=\"flex-basis:100%\">\n<div class=\"container-fluid\">\n<div style=\"margin-top: 1%;\"><nav class=\"scrollspy col-sm-3 col-xs-12\">\n<ul class=\"nav nav-pills nav-stacked\">\n<li><a href=\"\/coltec-ufmg\/?page_id=20\">Principal<\/a><\/li>\n<li><a href=\"\/coltec-ufmg\/?page_id=22\">Atas da CADEC<\/a><\/li>\n<li class=\"active disabled\"><a href=\"\/coltec-ufmg\/?page_id=24\">Atas do Conselho Diretor da EBAP<\/a><\/li>\n<li><a href=\"\/coltec-ufmg\/?page_id=26\">Atribui\u00e7\u00f5es da CADEC<\/a><\/li>\n<li><a href=\"\/coltec-ufmg\/?page_id=28\">Composi\u00e7\u00e3o da CADEC<\/a><\/li>\n<li><a href=\"\/coltec-ufmg\/?page_id=7954\">Orienta\u00e7\u00f5es da CADEC<\/a><\/li>\n<\/ul>\n<\/nav><\/div>\n<\/div>\n<div class=\"container-fluid\">\n<div style=\"margin-top: 1%;\">\n<div class=\"col-sm-9 col-xs-12\">\n<table class=\" alignleft\" style=\"height: 914px; width: 108.115%;\" border=\"0\" width=\"108.115%\" cellspacing=\"0\" cellpadding=\"0\"><caption>\u00a0<\/caption>\n<tbody>\n<tr style=\"height: 23px;\">\n<td style=\"width: 48.7923%; height: 23px;\" colspan=\"2\">\n<p><span style=\"color: #0000ff;\"><strong>Reuni\u00e3o Ordin\u00e1ria do CD<\/strong><\/span><\/p>\n<\/td>\n<td style=\"width: 3.6917%; height: 23px;\"><em><span style=\"color: #0000ff;\"><strong>\u00a0<\/strong><\/span><\/em><\/td>\n<td style=\"width: 65.9163%; height: 23px;\" colspan=\"2\"><span style=\"color: #0000ff;\"><strong>Reuni\u00e3o Extraordin\u00e1ria do CD<\/strong><\/span><em><span style=\"color: #0000ff;\"><strong><br \/><\/strong><\/span><\/em><\/td>\n<\/tr>\n<tr style=\"height: 23px;\">\n<td style=\"width: 13.3251%; height: 23px;\"><span style=\"text-decoration: underline;\"><span style=\"color: #0000ff;\"><strong>2025<\/strong><\/span><\/span><\/td>\n<td style=\"width: 35.4672%; height: 23px;\">\u00a0<\/td>\n<td style=\"width: 3.6917%; height: 23px;\">\u00a0<\/td>\n<td style=\"width: 13.5462%; height: 23px;\"><span style=\"text-decoration: underline;\"><strong><span style=\"color: #0000ff;\">2025<\/span><\/strong><\/span><\/td>\n<td style=\"width: 52.3701%; height: 23px;\">\u00a0<\/td>\n<\/tr>\n<tr style=\"height: 23px;\">\n<td style=\"width: 13.3251%; height: 23px;\"><a href=\"https:\/\/drive.google.com\/drive\/folders\/1uZYW6QFna7-j3rr32w_MNIXwR4zhuMKK?usp=drive_link\" target=\"_blank\" rel=\"noopener\"><span style=\"text-decoration: underline;\"><span style=\"color: #0000ff;\"><strong>2024<\/strong><\/span><\/span><\/a><\/td>\n<td style=\"width: 35.4672%; height: 23px;\">\u00a0<\/td>\n<td style=\"width: 3.6917%; height: 23px;\">\u00a0<\/td>\n<td style=\"width: 13.5462%; height: 23px;\"><span style=\"text-decoration: underline;\"><strong><span style=\"color: #0000ff;\">2024<\/span><\/strong><\/span><\/td>\n<td style=\"width: 52.3701%; height: 23px;\">\u00a0<\/td>\n<\/tr>\n<tr style=\"height: 23px;\">\n<td style=\"width: 13.3251%; height: 23px;\"><a href=\"https:\/\/drive.google.com\/drive\/folders\/1P0DVYfuuIQ6-e-G-7mpl3ME41ZMaAnNW?usp=drive_link\" target=\"_blank\" rel=\"noopener\"><span style=\"text-decoration: underline;\"><span style=\"color: #0000ff;\"><strong>2023<\/strong><\/span><\/span><\/a><\/td>\n<td style=\"width: 35.4672%; height: 23px;\">\u00a0<\/td>\n<td style=\"width: 3.6917%; height: 23px;\">\u00a0<\/td>\n<td style=\"width: 13.5462%; height: 23px;\"><a href=\"https:\/\/drive.google.com\/drive\/folders\/1C57KxNq3wXSzAlnDj7e0rwayk_GUy7Wv?usp=drive_link\" target=\"_blank\" rel=\"noopener\"><span style=\"text-decoration: underline;\"><strong><span style=\"color: #0000ff;\">2023<\/span><\/strong><\/span><\/a><\/td>\n<td style=\"width: 52.3701%; height: 23px;\">\u00a0<\/td>\n<\/tr>\n<tr style=\"height: 23px;\">\n<td style=\"width: 13.3251%; height: 23px;\"><a href=\"https:\/\/drive.google.com\/drive\/folders\/13zOa_rmDIDBJqw2_ykMMkqzmhf90_weF?usp=drive_link\" target=\"_blank\" rel=\"noopener\"><span style=\"text-decoration: underline;\"><span style=\"color: #0000ff;\"><strong>2022<\/strong><\/span><\/span><\/a><\/td>\n<td style=\"width: 35.4672%; height: 23px;\">\u00a0<\/td>\n<td style=\"width: 3.6917%; height: 23px;\">\u00a0<\/td>\n<td style=\"width: 13.5462%; height: 23px;\"><a href=\"https:\/\/drive.google.com\/drive\/folders\/1QbZrXs8dMvzCfz6B5EMoz3cUNzVnatej?usp=drive_link\" target=\"_blank\" rel=\"noopener\"><span style=\"text-decoration: underline;\"><strong><span style=\"color: #0000ff;\">2022<\/span><\/strong><\/span><\/a><\/td>\n<td style=\"width: 52.3701%; height: 23px;\">\u00a0<\/td>\n<\/tr>\n<tr style=\"height: 23px;\">\n<td style=\"width: 13.3251%; height: 23px;\"><span style=\"text-decoration: underline;\"><span style=\"color: #0000ff;\"><strong>2016 a <a href=\"https:\/\/drive.google.com\/drive\/folders\/1FNX4THX4eR_iRNLeSSlh5PYtnxjf-IBE?usp=drive_link\" target=\"_blank\" rel=\"noopener\">2021<\/a><\/strong><\/span><\/span><\/td>\n<td style=\"width: 35.4672%; height: 23px;\">\u00a0<\/td>\n<td style=\"width: 3.6917%; height: 23px;\">\u00a0<\/td>\n<td style=\"width: 13.5462%; height: 23px;\">\u00a0<\/td>\n<td style=\"width: 52.3701%; height: 23px;\">\u00a0<\/td>\n<\/tr>\n<tr style=\"height: 23px;\">\n<td style=\"width: 13.3251%; height: 23px;\">\u00a0<\/td>\n<td style=\"width: 35.4672%; height: 23px;\">\u00a0<\/td>\n<td style=\"width: 3.6917%; height: 23px;\"><strong><em>\u00a0<\/em><\/strong><\/td>\n<td style=\"width: 13.5462%; height: 23px;\"><strong><em>\u00a0<\/em><\/strong><\/td>\n<td style=\"width: 52.3701%; height: 23px;\"><strong><em>\u00a0<\/em><\/strong><\/td>\n<\/tr>\n<\/tbody>\n<\/table>\n<\/div>\n<\/div>\n<\/div>\n<\/div>\n<\/div>\n\n\n","protected":false},"excerpt":{"rendered":"<p>Principal Atas da CADEC Atas do Conselho Diretor da EBAP Atribui\u00e7\u00f5es da CADEC Composi\u00e7\u00e3o da CADEC Orienta\u00e7\u00f5es da CADEC \u00a0 Reuni\u00e3o Ordin\u00e1ria do CD \u00a0 Reuni\u00e3o Extraordin\u00e1ria do CD 2025 \u00a0 \u00a0 2025 \u00a0 2024 \u00a0 \u00a0 2024 \u00a0 2023 \u00a0 \u00a0 2023 \u00a0 2022 \u00a0 \u00a0 2022 \u00a0 2016 a 2021 \u00a0 \u00a0 \u00a0 [&hellip;]<\/p>\n","protected":false},"author":7,"featured_media":0,"parent":20,"menu_order":0,"comment_status":"closed","ping_status":"closed","template":"","meta":{"footnotes":""},"publishpress_future_action":{"enabled":false,"date":"1969-12-31 21:00:00","action":"","terms":[],"taxonomy":"","browser_timezone_offset":0},"_links":{"self":[{"href":"https:\/\/www.coltec.ufmg.br\/coltec-ufmg\/index.php?rest_route=\/wp\/v2\/pages\/9858"}],"collection":[{"href":"https:\/\/www.coltec.ufmg.br\/coltec-ufmg\/index.php?rest_route=\/wp\/v2\/pages"}],"about":[{"href":"https:\/\/www.coltec.ufmg.br\/coltec-ufmg\/index.php?rest_route=\/wp\/v2\/types\/page"}],"author":[{"embeddable":true,"href":"https:\/\/www.coltec.ufmg.br\/coltec-ufmg\/index.php?rest_route=\/wp\/v2\/users\/7"}],"replies":[{"embeddable":true,"href":"https:\/\/www.coltec.ufmg.br\/coltec-ufmg\/index.php?rest_route=%2Fwp%2Fv2%2Fcomments&post=9858"}],"version-history":[{"count":86,"href":"https:\/\/www.coltec.ufmg.br\/coltec-ufmg\/index.php?rest_route=\/wp\/v2\/pages\/9858\/revisions"}],"predecessor-version":[{"id":15029,"href":"https:\/\/www.coltec.ufmg.br\/coltec-ufmg\/index.php?rest_route=\/wp\/v2\/pages\/9858\/revisions\/15029"}],"up":[{"embeddable":true,"href":"https:\/\/www.coltec.ufmg.br\/coltec-ufmg\/index.php?rest_route=\/wp\/v2\/pages\/20"}],"wp:attachment":[{"href":"https:\/\/www.coltec.ufmg.br\/coltec-ufmg\/index.php?rest_route=%2Fwp%2Fv2%2Fmedia&parent=9858"}],"curies":[{"name":"wp","href":"https:\/\/api.w.org\/{rel}","templated":true}]}}